{"id":18498,"date":"2025-04-08T08:43:07","date_gmt":"2025-04-08T06:43:07","guid":{"rendered":"https:\/\/myspainfood.com\/politika-zasebnosti\/"},"modified":"2025-05-08T09:59:13","modified_gmt":"2025-05-08T07:59:13","slug":"politika-zasebnosti","status":"publish","type":"page","link":"https:\/\/myspainfood.com\/sl\/politika-zasebnosti\/","title":{"rendered":"Politika zasebnosti"},"content":{"rendered":"\n<p>Dobrodo\u0161li na spletnem mestu https:\/\/myspainfood.com (&#8220;spletno mesto&#8221;). Zavedamo se, da je spletna zasebnost pomembna za uporabnike na\u0161ega spletnega mesta, zlasti pri sklepanju poslov. Ta izjava ureja na\u0161o politiko zasebnosti v zvezi z uporabniki spletnega mesta (&#8220;obiskovalci&#8221;), ki ga obi\u0161\u010dejo brez sklepanja poslov, in obiskovalci, ki se registrirajo za sklepanje poslov na spletnem mestu in uporabljajo razli\u010dne storitve, ki jih ponuja dru\u017eba SUMINISTROS HOSTELEROS, S. L. (skupaj &#8220;storitve&#8221;) (&#8220;poobla\u0161\u010dene stranke&#8221;).  <\/p>\n\n<p><strong>&#8220;Osebno prepoznavni podatki<\/strong><\/p>\n\n<p>pomeni vse informacije, ki omogo\u010dajo identifikacijo ali se lahko uporabijo za identifikacijo, stik ali iskanje posameznika, na katerega se te informacije nana\u0161ajo, med drugim ime, naslov, telefonsko \u0161tevilko, \u0161tevilko faksa, e-po\u0161tni naslov, finan\u010dne profile, \u0161tevilko socialnega zavarovanja in podatke o kreditni kartici. Osebno dolo\u010dljivi podatki ne vklju\u010dujejo podatkov, ki so zbrani anonimno (tj. brez identifikacije posameznega uporabnika), ali demografskih podatkov, ki niso povezani z dolo\u010denim posameznikom. <\/p>\n\n<p><strong>Kateri osebni podatki se zbirajo?<\/strong><\/p>\n\n<p>Od vseh obiskovalcev lahko zbiramo osnovne podatke o uporabni\u0161kem profilu. Od na\u0161ih poobla\u0161\u010denih strank zbiramo naslednje dodatne informacije: imena, naslove, telefonske \u0161tevilke in e-po\u0161tne naslove poobla\u0161\u010denih strank, vrsto in velikost podjetja ter vrsto in velikost ogla\u0161evalskega inventarja, ki ga namerava poobla\u0161\u010dena stranka kupiti ali prodati. <\/p>\n\n<p><strong>Katere organizacije zbirajo informacije?<\/strong><\/p>\n\n<p>Poleg na\u0161ega neposrednega zbiranja podatkov lahko te podatke od na\u0161ih obiskovalcev in poobla\u0161\u010denih strank zbirajo tudi na\u0161i tretji ponudniki storitev (kot so dru\u017ebe za kreditne kartice, klirin\u0161ke hi\u0161e in banke), ki lahko zagotavljajo storitve, kot so kreditne, zavarovalne in skrbni\u0161ke storitve. Ne nadzorujemo, kako te tretje osebe uporabljajo te podatke, vendar jih prosimo, da razkrijejo, kako uporabljajo osebne podatke, ki jim jih posredujejo Obiskovalci in Poobla\u0161\u010dene stranke. Nekatere od teh tretjih oseb so lahko posredniki, ki delujejo le kot \u010dleni v distribucijski verigi in ne shranjujejo, hranijo ali uporabljajo podatkov, ki so jim posredovani.  <\/p>\n\n<p><strong>Kako spletno mesto uporablja osebne podatke?<\/strong><\/p>\n\n<p>Osebne podatke uporabljamo za prilagajanje spletnega mesta, zagotavljanje ustreznih storitev ter izpolnjevanje zahtev za nakup in prodajo na spletnem mestu. Obiskovalcem in poobla\u0161\u010denim strankam lahko po\u0161iljamo e-po\u0161tna sporo\u010dila o raziskavah ali prilo\u017enostih za nakup in prodajo na spletnem mestu ali o informacijah, povezanih s predmetom spletnega mesta. Osebne podatke lahko uporabimo tudi za kontaktiranje Obiskovalcev in Poobla\u0161\u010denih strank kot odgovor na dolo\u010dena vpra\u0161anja ali za zagotavljanje zahtevanih informacij.  <\/p>\n\n<p><strong>Komu lahko posredujete informacije?<\/strong><\/p>\n\n<p>Osebni podatki poobla\u0161\u010denih strank se lahko delijo z drugimi poobla\u0161\u010denimi strankami, ki \u017eelijo oceniti morebitne transakcije z drugimi poobla\u0161\u010denimi strankami. Skupne podatke o na\u0161ih obiskovalcih, vklju\u010dno z demografskimi podatki na\u0161ih obiskovalcev in poobla\u0161\u010denih strank, lahko delimo s povezanimi agencijami in prodajalci tretjih oseb. Ponujamo tudi mo\u017enost, da se &#8220;odjavite&#8221; od prejemanja informacij ali kontaktiranja z nami ali katero koli agencijo, ki deluje v na\u0161em imenu.  <\/p>\n\n<p><strong>Kako so shranjeni osebni podatki, ki jih je mogo\u010de prepoznati?<\/strong><\/p>\n\n<p>Osebno prepoznavni podatki, ki jih zbira dru\u017eba SUMINISTROS HOSTELEROS, S. L., so varno shranjeni in niso dostopni tretjim osebam ali zaposlenim dru\u017ebe SUMINISTROS HOSTELEROS, S. L., razen za zgoraj navedeno uporabo.<\/p>\n\n<p><strong>Kak\u0161ne mo\u017enosti imajo obiskovalci glede zbiranja, uporabe in raz\u0161irjanja informacij?<\/strong><\/p>\n\n<p>Obiskovalci in poobla\u0161\u010dene stranke se lahko odjavijo od prejemanja ne\u017eelenih informacij ali kontaktiranja z nami in\/ali na\u0161imi dobavitelji in povezanimi agencijami tako, da odgovorijo na e-po\u0161tna sporo\u010dila v skladu z navodili ali nas kontaktirajo na<\/p>\n\n<p><strong>Ali se na spletnem mestu uporabljajo pi\u0161kotki?<\/strong><\/p>\n\n<p>Pi\u0161kotki se uporabljajo iz razli\u010dnih razlogov. S pi\u0161kotki pridobivamo informacije o \u017eeljah na\u0161ih obiskovalcev in storitvah, ki jih izberejo. Pi\u0161kotke uporabljamo tudi v varnostne namene za za\u0161\u010dito na\u0161ih poobla\u0161\u010denih strank. \u010ce je na primer poobla\u0161\u010dena stranka prijavljena in spletnega mesta ne uporablja ve\u010d kot 10 minut, jo samodejno odjavimo.   <\/p>\n\n<p><strong>Kako dru\u017eba SUMINISTROS HOSTELEROS, S. L. uporablja podatke o dostopu?<\/strong><\/p>\n\n<p>Dru\u017eba SUMINISTROS HOSTELEROS, S. L. uporablja podatke o dostopu, med drugim IP-naslove, ponudnike internetnih storitev in vrste brskalnikov, za analizo trendov, upravljanje spletnega mesta, spremljanje gibanja in uporabe uporabnika ter zbiranje \u0161ir\u0161ih demografskih podatkov.<\/p>\n\n<p><strong>Kateri partnerji ali ponudniki storitev imajo dostop do osebnih podatkov obiskovalcev in\/ali poobla\u0161\u010denih strank na spletnem mestu?<\/strong><\/p>\n\n<p>Dru\u017eba SUMINISTROS HOSTELEROS, S. L. je sklenila in bo \u0161e naprej sklepala pogodbe o sodelovanju in druge povezave s \u0161tevilnimi dobavitelji, ki imajo lahko dostop do nekaterih osebnih podatkov za namene ocenjevanja primernosti poobla\u0161\u010denih strank za storitev. Na\u0161a politika zasebnosti ne zajema zbiranja ali uporabe teh podatkov. Razkritje osebnih podatkov zaradi skladnosti z zakonodajo. Osebne podatke bomo razkrili, da bi izpolnili sodno odredbo ali sodni poziv ali zahtevo organa pregona za razkritje podatkov. Osebne podatke bomo razkrili tudi, kadar bo to razumno potrebno za za\u0161\u010dito varnosti na\u0161ih obiskovalcev in poobla\u0161\u010denih strank.    <\/p>\n\n<p><strong>Kako spletno mesto varuje osebne podatke?<\/strong><\/p>\n\n<p>Vsi na\u0161i zaposleni so seznanjeni z na\u0161o varnostno politiko in prakso. Osebni podatki na\u0161ih obiskovalcev in poobla\u0161\u010denih strank so dostopni le omejenemu \u0161tevilu usposobljenih zaposlenih, ki imajo na voljo geslo za dostop do podatkov. Izvajamo redne revizije na\u0161ih varnostnih sistemov in postopkov. Ob\u010dutljivi podatki, kot so \u0161tevilke kreditnih kartic ali socialnega zavarovanja, so za\u0161\u010diteni s \u0161ifrirnimi protokoli, vzpostavljenimi za za\u0161\u010dito podatkov, poslanih prek interneta. \u010ceprav sprejemamo komercialno razumne ukrepe za vzdr\u017eevanje varnega spletnega mesta, so elektronske komunikacije in podatkovne zbirke izpostavljene napakam, nedovoljenim posegom in vlomom, zato ne moremo zagotoviti ali jam\u010diti, da do takih dogodkov ne bo pri\u0161lo, in za take dogodke obiskovalcem ali poobla\u0161\u010denim strankam ne odgovarjamo.    <\/p>\n\n<p><strong>Kako lahko obiskovalci popravijo morebitne neto\u010dnosti v osebnih podatkih?<\/strong><\/p>\n\n<p>Obiskovalci in poobla\u0161\u010dene stranke nas lahko kontaktirajo, da posodobijo svoje osebne podatke ali popravijo morebitne neto\u010dnosti, tako da nam po\u0161ljejo e-po\u0161to na naslov hola@myspainfood.com.<\/p>\n\n<p><strong>Ali lahko obiskovalec izbri\u0161e ali deaktivira osebne podatke, zbrane na spletnem mestu?<\/strong><\/p>\n\n<p>Obiskovalcem in poobla\u0161\u010denim strankam zagotavljamo mehanizem za odstranitev\/deaktiviranje osebnih podatkov iz podatkovne zbirke spletnega mesta, tako da se obrnete na . Vendar je zaradi varnostnih kopij in evidenc izbrisov morda nemogo\u010de izbrisati vnos Obiskovalca, ne da bi ohranili nekatere preostale informacije. \u010ce posameznik zahteva deaktivacijo svojih Osebno dolo\u010dljivih podatkov, bodo ti funkcionalno izbrisani, mi pa ne bomo prodajali, prena\u0161ali ali uporabljali Osebno dolo\u010dljivih podatkov v zvezi s tem posameznikom na noben na\u010din v prihodnosti.  <\/p>\n\n<p><strong>Kaj se zgodi, \u010de se spremeni pravilnik o zasebnosti?<\/strong><\/p>\n\n<p>Obiskovalce in poobla\u0161\u010dene stranke bomo o spremembah na\u0161ega pravilnika o zasebnosti obvestili z objavo teh sprememb na spletnem mestu. \u010ce pa spremenimo svoj pravilnik o zasebnosti na na\u010din, ki lahko povzro\u010di razkritje osebnih podatkov, za katere je Obiskovalec ali Poobla\u0161\u010dena stranka predhodno zahtevala, da se ne razkrijejo, bomo stopili v stik s takim Obiskovalcem ali Poobla\u0161\u010deno stranko in ji omogo\u010dili, da prepre\u010di tak\u0161no razkritje. <\/p>\n\n<p><strong>Pravila vra\u010danja?<\/strong><\/p>\n\n<p>Naslednji pogoji za vra\u010dilo na\u0161ih izdelkov ne veljajo v primeru uveljavljanja pravice do odstopa od pogodbe. Vra\u010dila ali zamenjave izdelkov bodo sprejete le v primeru proizvodnih napak, po\u0161kodb pri prevozu ali napak pri dostavi. V vsakem primeru ne sme prete\u010di ve\u010d kot 14 dni od prejema izdelka, prilo\u017eena pa mora biti tudi embala\u017ea in dodatki. Predhodno je treba preveriti, ali gre za napako ali nepravilnost pri izdelavi ali pakiranju in ne za nepravilno ali malomarno uporabo, ravnanje ali skladi\u0161\u010denje. Vedno jim je treba prilo\u017eiti ustrezno dobavnico ali ra\u010dun. Tako v primeru vra\u010dila zaradi napake v izdelavi ali pakiranju kot v primeru napake v naro\u010dilu bo NARO\u010cNIKU ponujena, \u010de je to mogo\u010de, zamenjava z drugo alternativo brez dodatnih stro\u0161kov in brez pravice NARO\u010cNIKA do kakr\u0161ne koli od\u0161kodnine. Dru\u017eba MySpainFood je odgovorna za stro\u0161ke, ki nastanejo pri po\u0161iljanju naro\u010dila. V vsakem primeru mora dru\u017eba MySpainFood za vra\u010dilo vedno predhodno preveriti stanje izdelka, ki se vra\u010da, in preveriti, ali so izpolnjene zahteve teh prodajnih pogojev. Po prejemu vra\u010dila in po potrebi bomo povrnili zara\u010dunani znesek v roku najve\u010d 30 dni in pod enakimi pogoji, kot so bili uporabljeni pri pla\u010dilu. Podjetje MySpainFood si pridr\u017euje pravico, da zavrne vra\u010dilo, sporo\u010deno ali poslano po roku, ali izdelke, ki niso v enakem stanju, v kakr\u0161nem so bili prejeti. Vra\u010dila se urejajo tako, da se po\u0161lje elektronsko sporo\u010dilo na naslov info@latiendadesami.com z opisom razlogov in navedbo razlogov za vra\u010dilo. Navesti bo treba tudi ime in priimek ter referen\u010dno \u0161tevilko naro\u010dila. Ko bomo zahtevek prejeli, ga bomo pravo\u010dasno obdelali.            <\/p>\n\n<p><strong>Povezave:<\/strong><\/p>\n\n<p>https:\/\/myspainfood.com vsebuje povezave do drugih spletnih mest. Upo\u0161tevajte, da s klikom na eno od teh povezav preidete na drugo spletno mesto. Priporo\u010damo vam, da preberete izjave o zasebnosti teh povezanih spletnih mest, saj se lahko njihove politike zasebnosti razlikujejo od na\u0161e.  <\/p>\n","protected":false},"excerpt":{"rendered":"<p>Dobrodo\u0161li na spletnem mestu https:\/\/myspainfood.com (&#8220;spletno mesto&#8221;). Zavedamo se, da je spletna zasebnost pomembna za uporabnike na\u0161ega spletnega mesta, zlasti pri sklepanju poslov. Ta izjava ureja na\u0161o politiko zasebnosti v zvezi z uporabniki spletnega mesta (&#8220;obiskovalci&#8221;), ki ga obi\u0161\u010dejo brez sklepanja poslov, in obiskovalci, ki se registrirajo za sklepanje poslov na spletnem mestu in uporabljajo [&hellip;]<\/p>\n","protected":false},"author":1,"featured_media":0,"parent":0,"menu_order":0,"comment_status":"closed","ping_status":"closed","template":"","meta":{"_et_pb_use_builder":"","_et_pb_old_content":"","_et_gb_content_width":"","footnotes":""},"class_list":["post-18498","page","type-page","status-publish","hentry"],"_links":{"self":[{"href":"https:\/\/myspainfood.com\/sl\/wp-json\/wp\/v2\/pages\/18498","targetHints":{"allow":["GET"]}}],"collection":[{"href":"https:\/\/myspainfood.com\/sl\/wp-json\/wp\/v2\/pages"}],"about":[{"href":"https:\/\/myspainfood.com\/sl\/wp-json\/wp\/v2\/types\/page"}],"author":[{"embeddable":true,"href":"https:\/\/myspainfood.com\/sl\/wp-json\/wp\/v2\/users\/1"}],"replies":[{"embeddable":true,"href":"https:\/\/myspainfood.com\/sl\/wp-json\/wp\/v2\/comments?post=18498"}],"version-history":[{"count":1,"href":"https:\/\/myspainfood.com\/sl\/wp-json\/wp\/v2\/pages\/18498\/revisions"}],"predecessor-version":[{"id":18499,"href":"https:\/\/myspainfood.com\/sl\/wp-json\/wp\/v2\/pages\/18498\/revisions\/18499"}],"wp:attachment":[{"href":"https:\/\/myspainfood.com\/sl\/wp-json\/wp\/v2\/media?parent=18498"}],"curies":[{"name":"wp","href":"https:\/\/api.w.org\/{rel}","templated":true}]}}