{"id":18578,"date":"2025-04-10T15:12:12","date_gmt":"2025-04-10T13:12:12","guid":{"rendered":"https:\/\/myspainfood.com\/nakup-vracila-in-posiljanje\/"},"modified":"2025-05-08T09:59:49","modified_gmt":"2025-05-08T07:59:49","slug":"nakup-vracila-in-posiljanje","status":"publish","type":"page","link":"https:\/\/myspainfood.com\/sl\/nakup-vracila-in-posiljanje\/","title":{"rendered":"Nakup, vra\u010dila in po\u0161iljanje"},"content":{"rendered":"\n<p>Ta pogodba ureja splo\u0161ne pogoje nakupa razli\u010dnih izdelkov in storitev, ki jih na tem spletnem mestu ponuja dru\u017eba SAMI SUMINISTROS HOSTELEROS, S. L. (v nadaljevanju MOJA \u0160PANIJA FOOD) z NIF B84614064 in naslovom c\/ Luis i 60, sotano, nave 27. 28031 Madrid, \u0160panija. Madrid, \u0160panija.<br\/>Ko NARO\u010cNIK opravi postopek registracije in kupi katerega koli od na\u0161ih izdelkov, izrecno sprejme spodaj navedene klavzule ter pogoje dostopa in uporabe na\u0161ega spletnega mesta in njegove politike zasebnosti, dostopne prek povezave Politika zasebnosti.<br\/>NARO\u010cNIK potrjuje, da ima zadostno pravno sposobnost za sklenitev pogodbene obveznosti.<br\/>Ta pogodba je stalno dostopna v pravnih obvestilih na na\u0161em spletnem mestu.  <\/p>\n\n<p>CENE IN DAVKI<br\/>NARO\u010cNIK se izrecno strinja, da bo za kupljeni izdelek pla\u010dal dru\u017ebi MY SPAIN FOOD zneske, ki so ob nakupu navedeni v ceniku za izbrane izdelke na spletni strani https:\/\/www.myspainfood.es.<br\/>Za izdelke, ki so na voljo na tem spletnem mestu, velja nacionalni davek na potro\u0161njo, ki je VKLJU\u010cEN v cene, navedene pri posameznem izdelku.<br\/>Prevozni stro\u0161ki NISO vklju\u010deni v ceno izdelkov.<br\/>Po zaklju\u010dku izbire izdelkov in pred potrditvijo naro\u010dila ter preden ga pla\u010date, se na zaslonu prika\u017ee kon\u010dna cena nakupa, ki vklju\u010duje morebitne davke, stro\u0161ke ravnanja, pakiranja in po\u0161iljanja, ki bodo prikazani na obrazcu naro\u010dila ob nakupu in na ra\u010dunu.<br\/>Vse, kar v opisu ni navedeno kot vklju\u010deno, ni vklju\u010deno.<\/p>\n\n<p>2. POSTOPEK NARO\u010cILA<br\/>Naro\u010dila prek te spletne strani lahko oddajo samo osebe, starej\u0161e od 14 let (brez alkohola) in starej\u0161e od 18 let (z alkoholom), ter podjetja.<br\/>Vsi na\u0161i izdelki so na spletni strani navedeni posami\u010dno. Postopek za izvedbo in upravljanje nakupa je naveden na spletni strani, pri \u010demer je treba upo\u0161tevati naslednje korake:<br\/>a. Izberite izdelek, ki ga \u017eelite kupiti.<br\/>b. Ko izberete izdelek, ga lahko dodate v nakupovalno ko\u0161arico in izberete, ali \u017eelite nadaljevati nakupovanje ali obdelati naro\u010dilo.<br\/>c. Za obdelavo naro\u010dila morate izpolniti obrazec z osebnimi podatki, da formalizirate postopek nakupa.<br\/>d. Nato bo naro\u010dilo preverjeno, pri \u010demer bodo izbrani artikli podrobno opisani drug za drugim in izra\u010dunana skupna cena.<br\/>e. Navesti bo treba tudi naslove za obra\u010dun in dostavo nakupa. Navedete lahko en sam naslov za obra\u010dun in dostavo.<br\/>f. Po kon\u010danem postopku boste morali ozna\u010diti okence, s katerim boste potrdili, da ste prebrali in sprejeli prodajne pogoje.<br\/>g. Spletna stran vam bo ponudila pla\u010dilne mehanizme, odvisno od izbranega sistema v vsakem primeru.<br\/>h. Po vnosu pla\u010dilnih podatkov morate potrditi naro\u010dilo s klikom na gumb &#8220;Kupi&#8221;.<br\/>i. Po kliku na gumb &#8220;Kupi&#8221; je pla\u010dilo opravljeno, izdelki pa vam bodo na voljo.<br\/>NARO\u010cNIK je obve\u0161\u010den, da so fotografije in opisi izdelkov na spletnem mestu pribli\u017ena podoba ponujenih izdelkov in storitev, zato se lahko razlikujejo od izvirnika. Opisi in ilustracije izdelkov, ki so na voljo na tem spletnem mestu, so zgolj informativne narave.          <\/p>\n\n<p>3. DOSTOPNOST IN DOSTAVA<br\/>Izdelki, ki jih ponuja MY SPAIN FOOD, so na voljo za distribucijo samo v celinski \u0160paniji.<br\/>Naro\u010dila bodo obdelana po pravilnem prejemu pla\u010dila. Izdelki, ki jih ponuja dru\u017eba MY SPAIN FOOD, so vedno na voljo, kar bo za vsak izdelek posebej navedeno na na\u0161i spletni strani, tako da bo kupec v primeru nerazpolo\u017eljivosti katerega koli izdelka ustrezno obve\u0161\u010den o pomanjkanju razpolo\u017eljivosti. V normalnih razmerah so vsi izdelki, ki so prikazani na na\u0161em spletnem mestu, na voljo za dostavo v navedenih rokih. \u010ce po oddaji naro\u010dila izdelka, ki ga je naro\u010dil NARO\u010cNIK, ni na zalogi, bo NARO\u010cNIK o tem ustrezno obve\u0161\u010den in mu bo ponujen nadomestni izdelek s podobnimi lastnostmi po enaki ceni in kakovosti. \u010ce NARO\u010cNIK kljub temu ne \u017eeli sprejeti ponujene alternative, bo podjetje MY SPAIN FOOD vrnilo \u017ee pla\u010dani znesek in ga obvestilo o postopkih in rokih za vra\u010dilo. Na splo\u0161no velja, da je najdalj\u0161i \u010das dostave na dom od 5 do 10 dni od nakupa in od trenutka, ko smo potrdili va\u0161e pla\u010dilo, pri \u010demer se naro\u010dila, prejeta pred 14. uro, obdelajo isti dan in vedno ob delovnih dneh za mesto Madrid (\u0160PANIJA). Ti dobavni roki so okvirni in v nobenem primeru niso zavezujo\u010di za MY SPAIN FOOD. Dostava bo opravljena ob delovnih dneh (od ponedeljka do petka). Dostavo izdelka, kupljenega na domu, bo opravil prevoznik skupaj z dobavnico na naslov, naveden na naro\u010dilnici, ki jo mora kupec podpisati kot dokument o prejemu. Prav tako bo NARO\u010cNIK ustrezno obve\u0161\u010den v primeru kakr\u0161nega koli incidenta ali zamude pri dostavi iz kakr\u0161nega koli razloga. \u010ce dostava na navedenem naslovu zaradi odsotnosti naslovnika ni mogo\u010da, bo prevoznik neposredno kontaktiral NARO\u010cNIKA in se dogovoril bodisi za \u010das dostave bodisi za prevzem paketa v ustrezni poslovalnici, v vsakem primeru pa bo navedel ukrepe, ki jih je treba izvesti za pridobitev izdelkov.<br\/>\u010ce naro\u010dilo po izteku roka ne bo prevzeto, bo vrnjeno v na\u0161a skladi\u0161\u010da in poslano bo elektronsko sporo\u010dilo, v katerem bo navedeno, kako bo na koncu izvedena dostava. V slednjem primeru stro\u0161ke po\u0161iljanja nosi NARO\u010cNIK. Obstaja tudi mo\u017enost prevzema naro\u010dila v trgovini; \u010de NARO\u010cNIK izbere to mo\u017enost, bo po opravljenem pla\u010dilu naro\u010dilo pripravljeno. Po pripravi naro\u010dila bo NARO\u010cNIK v 24 do 48 urah po potrditvi naro\u010dila prejel elektronsko sporo\u010dilo z obvestilom, da je naro\u010dilo pripravljeno za prevzem, in ostalimi ustreznimi informacijami. \u010ce NARO\u010cNIK izbere ta na\u010din dostave, ne bo imel nobenih stro\u0161kov po\u0161iljanja ali prevoza. \u010ce NARO\u010cNIK, ki se je odlo\u010dil za prevzem naro\u010dila v trgovini in po prejemu e-po\u0161tnega sporo\u010dila, da je naro\u010dilo pripravljeno za prevzem, ne pride v 48-72 urah, odvisno od narave naro\u010dila (hitro pokvarljivi fizi\u010dni izdelki), bo izgubil vse pravice do opravljenega nakupa. \u010ce izdelki niso tak\u0161ne narave, bo rok za prevzem v trgovini 7 dni, v primeru neprevzema pa se bomo obrnili na NARO\u010cNIKA, da dokon\u010dno nadaljuje z dostavo naro\u010dila.                 Da bi bili ves \u010das obve\u0161\u010deni o upravljanju svojega nakupa, boste prejeli e-po\u0161tno obvestilo o potrditvi naro\u010dila in pla\u010dila. NARO\u010cNIK lahko stanje svojega naro\u010dila preveri tudi tako, da po\u0161lje elektronsko sporo\u010dilo na naslov hola@myspainfood.com. <\/p>\n\n<p>4. PLA\u010cILO IN PLA\u010cILNI POGOJI<br\/>Sprejemamo naslednje na\u010dine pla\u010dila:<br\/>- Kreditna in debetna kartica. Transakcija se izvede tako, da se neposredno pove\u017eete s storitvijo Stripe. <br\/>- GOOGLE PAY. Transakcija se izvede tako, da se neposredno pove\u017eete s Stripeom. <br\/>- APPLE PAY. Transakcija se izvede tako, da se neposredno pove\u017eete s Stripeom. <br\/>- Paypal. Neposredna povezava s Paypalom. <br\/>- Ban\u010dno nakazilo. S pla\u010dilom celotnega zneska nakupa na navedeni teko\u010di ra\u010dun. Po opravljenem pla\u010dilu boste prejeli potrditveno e-po\u0161to.<br\/>MY SPAIN FOOD nima dostopa do podatkov o va\u0161i kreditni kartici. Vsi na\u0161i pla\u010dilni sistemi so popolnoma varni. Pla\u010dila potekajo pred dostavo izdelka ali izvedbo storitve, zato dru\u017eba MY SPAIN FOOD ne bo zagotovila zahtevanega izdelka, dokler ne bo prejela pla\u010dila. Podjetje MY SPAIN FOOD si pridr\u017euje pravico do za\u010dasne ali trajne odpovedi opravljenih storitev v primeru kakr\u0161nega koli incidenta pri pla\u010dilu. NARO\u010cNIK je obve\u0161\u010den, da je v zvezi s pla\u010dili s karticami oseba, odgovorna za operacije, imetnik uporabljene kreditne ali debetne kartice.      <\/p>\n\n<p>5. RA\u010cUNI<br\/>Ob nakupu boste po e-po\u0161ti prejeli potrdilo o nakupu. \u010ce \u017eelite prejeti ra\u010dun, se morate obrniti na slu\u017ebo za stranke (hola@myspainfood.com) in nam posredovati potrebne dav\u010dne podatke. NARO\u010cNIK je odgovoren, da potrdi prejem obvestil in nas obvesti o morebitnih spremembah svojih podatkov, pri \u010demer je LA MY SPAIN FOOD razbremenjen vsake odgovornosti, ki izhaja iz te okoli\u0161\u010dine.  <\/p>\n\n<p>6. GARANCIJA<br\/>V podjetju MY SPAIN FOOD si prizadevamo ponujati storitve najvi\u0161je kakovosti, vendar zaradi njihove narave (pokvarljivi izdelki) za ve\u010dino na\u0161ih izdelkov nudimo garancijo zadovoljstva. \u010ce iz kakr\u0161nega koli razloga izdelka ali storitve ne prejmete pravilno, nas o tem \u010dim prej obvestite in navedite dogodek, mi pa ga bomo, \u010de bo napaka preverjena, posku\u0161ali \u010dim prej odpraviti.<br\/>Vsi na\u0161i netrajni izdelki so predmet nadzora kakovosti in imajo garancijo za proizvodne napake za obdobje 2 let od datuma nakupa ali, \u010de to ni mogo\u010de, od datuma izteka roka uporabe. Garancija velja za vse napake pri izdelavi, oblikovanju ali materialu, vendar je treba neskladnost sporo\u010diti v 14 dneh po tem, ko ste zanjo izvedeli. Garancija velja samo za izdelke z napako. Ne krije udarcev, nepravilne uporabe ali drugih, ki jih ni mogo\u010de pripisati napaki na strani dobavitelja ali napaki v izdelku. V garancijskem obdobju lahko NARO\u010cNIK izdelek vrne, mi pa ga bomo popravili ali zamenjali. Stro\u0161kov prevoza, ki nastanejo pri vra\u010dilu v okviru garancije, NARO\u010cNIK NE nosi. Garancijski dokument je ra\u010dun za nakup.       <\/p>\n\n<p>7. VRA\u010cILA<br\/>Naslednji pogoji za vra\u010dilo na\u0161ih izdelkov ne veljajo v primeru uveljavljanja pravice do odstopa od pogodbe. Vra\u010dila ali zamenjave izdelkov bodo sprejete le v primeru proizvodnih napak, po\u0161kodb pri prevozu ali napak pri dostavi. V vsakem primeru ne sme prete\u010di ve\u010d kot 14 dni od prejema izdelka, prilo\u017eena pa mora biti tudi embala\u017ea in dodatki. Predhodno je treba preveriti, ali gre za napako ali nepravilnost pri izdelavi ali pakiranju in ne za nepravilno ali malomarno uporabo, ravnanje ali skladi\u0161\u010denje. Vedno jim je treba prilo\u017eiti ustrezno dobavnico ali ra\u010dun. Tako v primeru vra\u010dila zaradi napake v izdelavi ali pakiranju kot v primeru napake v naro\u010dilu bo NARO\u010cNIKU ponujena, \u010de je to mogo\u010de, zamenjava z drugo alternativo brez dodatnih stro\u0161kov in brez pravice NARO\u010cNIKA do kakr\u0161ne koli od\u0161kodnine. Stro\u0161ke, ki nastanejo zaradi po\u0161iljanja naro\u010dila, krije podjetje MY SPAIN FOOD. V vsakem primeru mora dru\u017eba MY SPAIN FOOD pred vra\u010dilom vedno preveriti stanje vrnjenega izdelka in skladnost z zahtevami teh prodajnih pogojev. Po prejemu vra\u010dila in po potrebi bomo v najve\u010d 30 dneh in v enakih rokih, kot so bili uporabljeni za pla\u010dilo, povrnili zara\u010dunani znesek. MY SPAIN FOOD si pridr\u017euje pravico, da zavrne vra\u010dila, ki so bila sporo\u010dena ali poslana po izteku roka, ali izdelke, ki niso v enakem stanju, v kakr\u0161nem so bili prejeti. Vra\u010dila bodo urejena tako, da boste na naslov hola@myspainfood.es poslali elektronsko sporo\u010dilo z opisom razlogov in navedbo razlogov za vra\u010dilo. Navesti bo treba tudi ime in priimek ter referen\u010dno \u0161tevilko naro\u010dila. Ko bomo zahtevek prejeli, ga bomo pravo\u010dasno obdelali.            <\/p>\n\n<p>8. PRAVICA DO ODSTOPA<br\/>Glede na naravo izdelka (hitro pokvarljiv izdelek) in njegove pogoje shranjevanja ter v skladu s to\u010dkama d in e \u010dlena 103 kraljevega zakonskega odloka 1\/2007 z dne 16. novembra za za\u0161\u010dito potro\u0161nikov in uporabnikov za to pogodbo ne velja pravica do odstopa. Za vsak izdelek, ki se ne \u0161teje za pokvarljivega (\u010dlen 103.d) in \u010de ni bil odpe\u010daten (\u010dlen 103.e), imate pravico odstopiti od te pogodbe v 14 koledarskih dneh brez navedbe razloga. Rok za odstop od pogodbe pote\u010de 14 koledarskih dni po dnevu sklenitve pogodbe. Za uveljavljanje pravice do odstopa od pogodbe nas morate na naslov MY SPAIN FOOD c\/ Luis I 60, s\u00f3tano, nave 27 , 28031, Madrid, \u0160panija e-po\u0161ta: hola@myspainfood.com, z nedvoumno izjavo (npr. pismo, poslano po po\u0161ti, telefaksu ali e-po\u0161ti) obvestiti o svoji odlo\u010ditvi za odstop od pogodbe. Uporabite lahko spodnji vzorec obrazca za odstop od pogodbe, \u010deprav njegova uporaba ni obvezna. Vzorec odstopnega obrazca V vednost MY SPAIN FOOD c\/ Luis I 60, s\u00f3tano, nave 27 MADRID (28031) \u0160panija hola@myspainfood.com Obve\u0161\u010dam vas, da odstopam od prodajne pogodbe za naslednje blago: Prejeto\/naro\u010deno dne: Ime potro\u0161nika: Podpis potro\u0161nika Datum Za upo\u0161tevanje odstopnega roka zadostuje, da je sporo\u010dilo o uveljavljanju te pravice poslano pred iztekom odstopnega roka.     <br\/>Posledice odstopa od pogodbe:<br\/>V primeru odstopa od pogodbe z va\u0161e strani vam bomo brez nepotrebnega odla\u0161anja in v vsakem primeru najpozneje v 14 koledarskih dneh od datuma, ko smo bili obve\u0161\u010deni o va\u0161i odlo\u010ditvi za odstop od te pogodbe, povrnili vsa pla\u010dila, ki smo jih prejeli od vas. NARO\u010cNIK nosi neposredne stro\u0161ke vra\u010dila blaga, pri \u010demer se stro\u0161ki prevzema od\u0161tejejo od povra\u010dila, razen v primeru pomanjkljive kakovosti ali napake pri po\u0161iljanju z na\u0161e strani. Povra\u010dilo bomo izvedli z istim pla\u010dilnim sredstvom, ki ste ga uporabili pri prvotni transakciji, razen \u010de ste izrecno dolo\u010dili druga\u010de; v vsakem primeru zaradi povra\u010dila ne boste imeli nobenih stro\u0161kov. Po obvestilu o zahtevi za odstop od pogodbe morate blago vrniti ali izro\u010diti neposredno nam brez nepotrebnega odla\u0161anja in v vsakem primeru najpozneje v 14 koledarskih dneh od datuma, ko ste nam sporo\u010dili svojo odlo\u010ditev o odstopu od pogodbe. \u0160teje se, da je rok upo\u0161tevan, \u010de blago vrnete pred iztekom roka. Blago, ki ga \u017eelite vrniti, mora biti v brezhibnem stanju, ne sme biti po\u0161kodovano, deformirano ali imeti znakov obrabe, prask ali made\u017eev. Odgovorni boste za kakr\u0161no koli zmanj\u0161anje vrednosti blaga, ki je posledica ravnanja z blagom, ki ni potrebno za ugotovitev narave, zna\u010dilnosti in delovanja blaga.      <\/p>\n\n<p>9. IZPOLNITEV POGODBE IN SPREMEMBE STORITEV<br\/>Ta pogodba bo izpolnjena s pla\u010dilom izdelka in po\u0161iljanjem potrditvenega elektronskega sporo\u010dila z opisom opravljenega nakupa.<br\/>MY SPAIN FOOD si pridr\u017euje pravico do kakr\u0161ne koli spremembe zna\u010dilnosti in pogojev svojih storitev, vedno z namenom, da jih izbolj\u0161a in v korist NARO\u010cNIKA.<\/p>\n\n<p>10. OBVEZNOSTI STRANK<br\/>MY SPAIN FOOD se zavezuje, da bo NARO\u010cNIKU zagotovil pogodbeno dogovorjene izdelke in storitve, pri \u010demer bo pri opravljanju storitev ravnal z najve\u010djo skrbnostjo, skrbel za vzdr\u017eevanje naprav, potrebnih za delovanje omre\u017eja, in imel v ta namen ustrezno tehni\u010dno in ra\u010dunalni\u0161ko opremo ter upravljal logisti\u010dne dejavnosti, odpremo in dostavo nakupa, opravljenega prek prevoznika.<br\/>NARO\u010cNIK se zavezuje, da bo storitve, ki so na voljo, uporabljal v dobri veri, ne da bi pri tem kr\u0161il zakon ali pravice tretjih oseb, ter da bo izbrani izdelek pla\u010dal v roku in na na\u010din, dolo\u010den v teh prodajnih pogojih, in ga prejel na kraju, ki je dolo\u010den za dostavo. MY SPAIN FOOD ne jam\u010di, da bo storitev, ki jo zajema ta pogodba, na voljo stalno in neprekinjeno zaradi okoli\u0161\u010din, ki so posledica te\u017eav v internetnem omre\u017eju, okvar ra\u010dunalni\u0161kih naprav in drugih nepredvidljivih okoli\u0161\u010din. Zato se NARO\u010cNIK zavezuje, da bo te okoli\u0161\u010dine prenesel v razumnih mejah, in se zato izrecno odpoveduje kakr\u0161ni koli pogodbeni ali izvenpogodbeni odgovornosti do LA MY SPAIN FOOD za morebitne napake, pomanjkljivosti in uporabo pogodbene storitve.  <\/p>\n\n<p>11. KOMUNIKACIJE<br\/>Vsa obvestila med strankama bodo po mo\u017enosti poslana po elektronski po\u0161ti. NARO\u010cNIK je odgovoren za potrditev prejema obvestil in za obve\u0161\u010danje dru\u017ebe MY SPAIN FOOD o vseh spremembah svojih podatkov, pri \u010demer je opro\u0161\u010den vsakr\u0161ne odgovornosti, ki izhaja iz te okoli\u0161\u010dine. V primeru spremembe mora NARO\u010cNIK obvestiti dru\u017ebo MY SPAIN FOOD po elektronski po\u0161ti ali telefonskih \u0161tevilkah, navedenih na na\u0161i spletni strani. V skladu z 21. \u010dlenom Zakona 34\/2002 o storitvah informacijske dru\u017ebe in elektronskega poslovanja vas obve\u0161\u010damo, da bodo na\u0161a komercialna sporo\u010dila in informacije v zvezi z na\u0161im spletnim mestom in izdelki, ki so na njem na voljo, poslana po elektronski po\u0161ti na elektronski naslov, ki ste ga navedli in ga je vedno mogo\u010de preklicati. V vsakem primeru imate mo\u017enost zavrniti na\u0161a komercialna sporo\u010dila tako, da na naslov hola@myspainfood.com po\u0161ljete elektronsko sporo\u010dilo in v vrstici teme navedete besedo UNSUBSCRIBE.    <\/p>\n\n<p>12. ZAVEZOVANJE, PRIJAVA IN VELJAVNOST POGODBE<br\/>NARO\u010cNIK potrjuje, da je prebral in sprejel pravne pogoje uporabe in politiko zasebnosti spletnega mesta. NARO\u010cNIK potrjuje, da je razumel vse informacije v zvezi z izdelki in storitvami, vklju\u010dno z morebitno dostavo, ponujenimi na na\u0161em spletnem mestu, ter vse pogoje in dolo\u010dila iz te elektronske pogodbe, zato izjavlja, da zadostujejo za izklju\u010ditev napake pri soglasju k tej pogodbi, in jih zato v celoti in izrecno sprejema. NARO\u010cNIK se v celoti zaveda, da bosta sprejem in sklenitev te pogodbe potekala z navedbo njegovih podatkov in klikom na gumb &#8220;Kupi&#8221;, ki je naveden na na\u0161em spletnem mestu, ter da bosta zaklju\u010dena s pla\u010dilom storitve.  <\/p>\n\n<p>13. MLADE\u017dI, MLAJ\u0160I OD 18 LET<br\/>MY SPAIN FOOD se zavezuje, da ne bo dovolil nobene transakcije, ki je nezakonita ali za katero blagovne znamke kreditnih kartic ali banka prejemnica kartice menijo, da bi lahko ali bi lahko \u0161kodovala dobremu imenu ali negativno vplivala nanje. Programi blagovnih znamk kartic prepovedujejo naslednje dejavnosti: prodajo ali ponudbo izdelka ali storitve, ki ni v celoti skladna z vsemi zakoni, ki veljajo za pridobitelja, banko izdajateljico, trgovca, imetnika kartice ali kartice. Poleg tega so izrecno prepovedane tudi naslednje dejavnosti: &#8220;Prodaja alkoholnih pija\u010d osebam, mlaj\u0161im od 18 let&#8221;.  <\/p>\n\n<p>14. UPORABNO PRAVO<br\/>Ta pogodba je komercialne narave in se ureja in razlaga v skladu s \u0161panskim pravom. V primeru kakr\u0161ne koli neskladnosti ali razlike med strankama v zvezi z razlago, vsebino ali izvajanjem pogodbe, ki se ne razre\u0161ijo sporazumno, se stranki podredita sodi\u0161\u010dem ali razsodi\u0161\u010dem, ki so v vsakem primeru pristojna, v primerih, ko je predvideno, da se stranki lahko podredita pristojnosti, pa se podredita sodi\u0161\u010dem in razsodi\u0161\u010dem v Madridu in se izrecno odpovesta vsaki drugi pristojnosti, ki bi jima lahko pripadala. Na\u0161im strankam dajemo na voljo tudi naslednjo povezavo za dostop do uradne spletne platforme Evropske komisije za re\u0161evanje sporov: https:\/\/ec.europa.eu\/consumers\/odr\/main\/index.cfm?event=main.home2.show&amp;lng=ES  <\/p>\n\n<p>15. OSEBNI PODATKI<br\/>Glej Pravilnik o zasebnosti. Pozor: Ti splo\u0161ni pogoji so bili posodobljeni 29. 7. 2021. Kadar koli jih lahko spremenimo, prav tako lahko spremenimo seznam cen in ponujenih izdelkov. Vsaki\u010d, ko dostopate do na\u0161ega spletnega mesta, preverite datum izdaje, da se prepri\u010date, da ni pri\u0161lo do sprememb, ki bi lahko vplivale na vas.   <\/p>\n","protected":false},"excerpt":{"rendered":"<p>Ta pogodba ureja splo\u0161ne pogoje nakupa razli\u010dnih izdelkov in storitev, ki jih na tem spletnem mestu ponuja dru\u017eba SAMI SUMINISTROS HOSTELEROS, S. L. (v nadaljevanju MOJA \u0160PANIJA FOOD) z NIF B84614064 in naslovom c\/ Luis i 60, sotano, nave 27. 28031 Madrid, \u0160panija. Madrid, \u0160panija.Ko NARO\u010cNIK opravi postopek registracije in kupi katerega koli od na\u0161ih [&hellip;]<\/p>\n","protected":false},"author":1,"featured_media":0,"parent":0,"menu_order":0,"comment_status":"closed","ping_status":"closed","template":"","meta":{"_et_pb_use_builder":"","_et_pb_old_content":"","_et_gb_content_width":"","footnotes":""},"class_list":["post-18578","page","type-page","status-publish","hentry"],"_links":{"self":[{"href":"https:\/\/myspainfood.com\/sl\/wp-json\/wp\/v2\/pages\/18578","targetHints":{"allow":["GET"]}}],"collection":[{"href":"https:\/\/myspainfood.com\/sl\/wp-json\/wp\/v2\/pages"}],"about":[{"href":"https:\/\/myspainfood.com\/sl\/wp-json\/wp\/v2\/types\/page"}],"author":[{"embeddable":true,"href":"https:\/\/myspainfood.com\/sl\/wp-json\/wp\/v2\/users\/1"}],"replies":[{"embeddable":true,"href":"https:\/\/myspainfood.com\/sl\/wp-json\/wp\/v2\/comments?post=18578"}],"version-history":[{"count":1,"href":"https:\/\/myspainfood.com\/sl\/wp-json\/wp\/v2\/pages\/18578\/revisions"}],"predecessor-version":[{"id":18580,"href":"https:\/\/myspainfood.com\/sl\/wp-json\/wp\/v2\/pages\/18578\/revisions\/18580"}],"wp:attachment":[{"href":"https:\/\/myspainfood.com\/sl\/wp-json\/wp\/v2\/media?parent=18578"}],"curies":[{"name":"wp","href":"https:\/\/api.w.org\/{rel}","templated":true}]}}