{"id":17537,"date":"2025-04-10T12:08:06","date_gmt":"2025-04-10T10:08:06","guid":{"rendered":"https:\/\/myspainfood.com\/producto\/piparras-z-incuni-iz-kantabrijskega-morja-80-enot\/"},"modified":"2026-04-24T07:45:01","modified_gmt":"2026-04-24T05:45:01","slug":"piparras-z-incuni-iz-kantabrijskega-morja-80-enot","status":"publish","type":"product","link":"https:\/\/myspainfood.com\/sl\/producto\/piparras-z-incuni-iz-kantabrijskega-morja-80-enot\/","title":{"rendered":"Piparras z in\u010duni iz Kantabrijskega morja 80 enot"},"content":{"rendered":"<p>Olje (85 % son\u010dni\u010dno, 15 % olj\u010dno), polnjene olive s <strong>sardoni<\/strong>, fileji <strong>kantabrijskih sardel<\/strong> in piparra.<\/p>\n","protected":false},"excerpt":{"rendered":"<p>Olje (85 % son\u010dni\u010dno, 15 % olj\u010dno), polnjene olive s sardoni, fileji kantabrijskih sardel in piparra.<\/p>\n","protected":false},"featured_media":17538,"template":"","meta":{"_et_pb_use_builder":"","_et_pb_old_content":"","_et_gb_content_width":""},"product_brand":[],"product_cat":[1813,1720,1717,1817,1815],"product_tag":[],"class_list":{"0":"post-17537","1":"product","2":"type-product","3":"status-publish","4":"has-post-thumbnail","6":"product_cat-hladno","7":"product_cat-oljke","8":"product_cat-pickles-sl","9":"product_cat-pintxos-sl","10":"product_cat-sardele","11":"product_shipping_class-hladna-posiljka","13":"first","14":"instock","15":"taxable","16":"shipping-taxable","17":"purchasable","18":"product-type-simple"},"_links":{"self":[{"href":"https:\/\/myspainfood.com\/sl\/wp-json\/wp\/v2\/product\/17537","targetHints":{"allow":["GET"]}}],"collection":[{"href":"https:\/\/myspainfood.com\/sl\/wp-json\/wp\/v2\/product"}],"about":[{"href":"https:\/\/myspainfood.com\/sl\/wp-json\/wp\/v2\/types\/product"}],"wp:featuredmedia":[{"embeddable":true,"href":"https:\/\/myspainfood.com\/sl\/wp-json\/wp\/v2\/media\/17538"}],"wp:attachment":[{"href":"https:\/\/myspainfood.com\/sl\/wp-json\/wp\/v2\/media?parent=17537"}],"wp:term":[{"taxonomy":"product_brand","embeddable":true,"href":"https:\/\/myspainfood.com\/sl\/wp-json\/wp\/v2\/product_brand?post=17537"},{"taxonomy":"product_cat","embeddable":true,"href":"https:\/\/myspainfood.com\/sl\/wp-json\/wp\/v2\/product_cat?post=17537"},{"taxonomy":"product_tag","embeddable":true,"href":"https:\/\/myspainfood.com\/sl\/wp-json\/wp\/v2\/product_tag?post=17537"}],"curies":[{"name":"wp","href":"https:\/\/api.w.org\/{rel}","templated":true}]}}