{"id":17750,"date":"2025-04-10T12:09:26","date_gmt":"2025-04-10T10:09:26","guid":{"rendered":"https:\/\/myspainfood.com\/producto\/polnjene-sardele-70-enot\/"},"modified":"2026-04-28T20:53:55","modified_gmt":"2026-04-28T18:53:55","slug":"polnjene-sardele-70-enot","status":"publish","type":"product","link":"https:\/\/myspainfood.com\/sl\/producto\/polnjene-sardele-70-enot\/","title":{"rendered":"Polnjene sardele 70 enot"},"content":{"rendered":"<p>Olje (85 % son\u010dni\u010dno, 15 % olj\u010dno olje), oljke, polnjene z in\u010duni, in\u010duni v kisu, rde\u010da paprika, peter\u0161ilj in \u010desen.<\/p>\n","protected":false},"excerpt":{"rendered":"<p>Olje (85 % son\u010dni\u010dno, 15 % olj\u010dno olje), oljke, polnjene z in\u010duni, in\u010duni v kisu, rde\u010da paprika, peter\u0161ilj in \u010desen.<\/p>\n","protected":false},"featured_media":17753,"template":"","meta":{"_et_pb_use_builder":"","_et_pb_old_content":"","_et_gb_content_width":""},"product_brand":[],"product_cat":[1813,1720,1717,1817,1902],"product_tag":[],"class_list":{"0":"post-17750","1":"product","2":"type-product","3":"status-publish","4":"has-post-thumbnail","6":"product_cat-hladno","7":"product_cat-oljke","8":"product_cat-pickles-sl","9":"product_cat-pintxos-sl","10":"product_cat-sardele-sl","11":"product_shipping_class-hladna-posiljka","13":"first","14":"instock","15":"taxable","16":"shipping-taxable","17":"purchasable","18":"product-type-simple"},"_links":{"self":[{"href":"https:\/\/myspainfood.com\/sl\/wp-json\/wp\/v2\/product\/17750","targetHints":{"allow":["GET"]}}],"collection":[{"href":"https:\/\/myspainfood.com\/sl\/wp-json\/wp\/v2\/product"}],"about":[{"href":"https:\/\/myspainfood.com\/sl\/wp-json\/wp\/v2\/types\/product"}],"wp:featuredmedia":[{"embeddable":true,"href":"https:\/\/myspainfood.com\/sl\/wp-json\/wp\/v2\/media\/17753"}],"wp:attachment":[{"href":"https:\/\/myspainfood.com\/sl\/wp-json\/wp\/v2\/media?parent=17750"}],"wp:term":[{"taxonomy":"product_brand","embeddable":true,"href":"https:\/\/myspainfood.com\/sl\/wp-json\/wp\/v2\/product_brand?post=17750"},{"taxonomy":"product_cat","embeddable":true,"href":"https:\/\/myspainfood.com\/sl\/wp-json\/wp\/v2\/product_cat?post=17750"},{"taxonomy":"product_tag","embeddable":true,"href":"https:\/\/myspainfood.com\/sl\/wp-json\/wp\/v2\/product_tag?post=17750"}],"curies":[{"name":"wp","href":"https:\/\/api.w.org\/{rel}","templated":true}]}}