{"id":17974,"date":"2025-04-10T12:14:40","date_gmt":"2025-04-10T10:14:40","guid":{"rendered":"https:\/\/myspainfood.com\/producto\/almejon-morski-mandelj-naravni-estela-do-mar-111-gr\/"},"modified":"2026-01-20T13:35:40","modified_gmt":"2026-01-20T12:35:40","slug":"almejon-morski-mandelj-naravni-estela-do-mar-111-gr","status":"publish","type":"product","link":"https:\/\/myspainfood.com\/sl\/producto\/almejon-morski-mandelj-naravni-estela-do-mar-111-gr\/","title":{"rendered":"Almej\u00f3n (morski mandelj) naravni Estela do Mar 111 gr"},"content":{"rendered":"<p>Odkrijte pristen okus morja z <strong>Estela do Mar Natural Almej\u00f3n<\/strong>. Ta 111-gramski morski mandelj v plo\u010devinki vsebuje vso sve\u017eino in \u010distost najbolj\u0161ih \u0161koljk, brez dodatkov in konzervansov. Ta \u0161koljka je idealna za vse, ki i\u0161\u010dejo naravne in visokokakovostne morske sade\u017ee, saj zagotavlja ne\u017eno teksturo in intenziven okus.  <\/p>\n<p><strong>Naravna \u0161koljka Estela do Mar<\/strong>, bogata z beljakovinami, omega-3 in esencialnimi minerali, je hranljiva izbira za vsako prehrano. Dodajte svojim jedem gurmansko in zdravo noto ter razi\u0161\u010dite ve\u010d mo\u017enosti v na\u0161em <a target=\"_new\" rel=\"noopener\">oddelku morskih sade\u017eev<\/a> ali preverite prednosti sve\u017ee morske hrane na referen\u010dnih straneh, kot je <a href=\"https:\/\/www.fen.org.es\" target=\"_new\" rel=\"noopener noreferrer nofollow\" target=\"_blank\">\u0160panska fundacija za prehrano<\/a>. <\/p>\n<p>Dodajte \u0161koljko Estela do Mar svojim jedem in u\u017eivajte v gurmanskem pridihu!<\/p>\n<p><span class=\"BxUVEf ILfuVd\" lang=\"es\"><span class=\"hgKElc\"> <\/span><\/span><\/p>\n","protected":false},"excerpt":{"rendered":"<p>Odkrijte pristen okus morja z Estela do Mar Natural Almej\u00f3n. Ta 111-gramski morski mandelj v plo\u010devinki vsebuje vso sve\u017eino in \u010distost najbolj\u0161ih \u0161koljk, brez dodatkov in konzervansov. Ta \u0161koljka je idealna za vse, ki i\u0161\u010dejo naravne in visokokakovostne morske sade\u017ee, saj zagotavlja ne\u017eno teksturo in intenziven okus. Naravna \u0161koljka Estela do Mar, bogata z beljakovinami, [&hellip;]<\/p>\n","protected":false},"featured_media":17984,"template":"","meta":{"_et_pb_use_builder":"","_et_pb_old_content":"","_et_gb_content_width":""},"product_brand":[1469],"product_cat":[1983,1984],"product_tag":[],"class_list":{"0":"post-17974","1":"product","2":"type-product","3":"status-publish","4":"has-post-thumbnail","6":"product_brand-estela-do-mar","7":"product_cat-ohranja","8":"product_cat-skoljke-sl","10":"first","11":"outofstock","12":"taxable","13":"shipping-taxable","14":"product-type-variable"},"_links":{"self":[{"href":"https:\/\/myspainfood.com\/sl\/wp-json\/wp\/v2\/product\/17974","targetHints":{"allow":["GET"]}}],"collection":[{"href":"https:\/\/myspainfood.com\/sl\/wp-json\/wp\/v2\/product"}],"about":[{"href":"https:\/\/myspainfood.com\/sl\/wp-json\/wp\/v2\/types\/product"}],"wp:featuredmedia":[{"embeddable":true,"href":"https:\/\/myspainfood.com\/sl\/wp-json\/wp\/v2\/media\/17984"}],"wp:attachment":[{"href":"https:\/\/myspainfood.com\/sl\/wp-json\/wp\/v2\/media?parent=17974"}],"wp:term":[{"taxonomy":"product_brand","embeddable":true,"href":"https:\/\/myspainfood.com\/sl\/wp-json\/wp\/v2\/product_brand?post=17974"},{"taxonomy":"product_cat","embeddable":true,"href":"https:\/\/myspainfood.com\/sl\/wp-json\/wp\/v2\/product_cat?post=17974"},{"taxonomy":"product_tag","embeddable":true,"href":"https:\/\/myspainfood.com\/sl\/wp-json\/wp\/v2\/product_tag?post=17974"}],"curies":[{"name":"wp","href":"https:\/\/api.w.org\/{rel}","templated":true}]}}