{"id":18024,"date":"2025-04-10T12:05:44","date_gmt":"2025-04-10T10:05:44","guid":{"rendered":"https:\/\/myspainfood.com\/producto\/kumaro-polnjene-kamilice-38-kg-kimbitos\/"},"modified":"2025-04-10T12:05:44","modified_gmt":"2025-04-10T10:05:44","slug":"kumaro-polnjene-kamilice-38-kg-kimbitos","status":"publish","type":"product","link":"https:\/\/myspainfood.com\/sl\/producto\/kumaro-polnjene-kamilice-38-kg-kimbitos\/","title":{"rendered":"Kumaro polnjene kamilice 3,8 kg Kimbitos"},"content":{"rendered":"<p>Manzanilla polnjene kumare 3,8 kg Kimbitos je prigrizek, v katerem najdemo tradicionalne olive <a href=\"https:\/\/www.laencajera.es\/encurtidos-de-almagro\" target=\"_blank\" rel=\"noopener noreferrer nofollow\">manzanilla<\/a>, polnjene z kumarami.<\/p>\n<p>Idealen dodatek k tradicionalnim jedem.<\/p>\n<p>Kimbitos je ime, po katerem v nekaterih delih \u0160panije poznamo oljko manzanilla s ko\u0161\u010dicami in vlo\u017eeno kumarico.<\/p>\n<p>Za to zvezo je ro\u010dno izdelan.<\/p>\n<h3>Prednosti kumare polnjene kamilice 3,8 kg Kimbitos<\/h3>\n<p>Ali ste poznali \u0161tevilne prednosti teh oljk? Zelo u\u010dinkovito prepre\u010dujejo bolezni srca in o\u017eilja na splo\u0161no. <\/p>\n<p>To je posledica visoke vsebnosti nenasi\u010denih ma\u0161\u010dob. Poleg tega vsebuje veliko \u017eeleza in vlaknin ter je zelo nasiten, zato je odli\u010den prigrizek. <\/p>\n<p>\u010ce \u017eelite kupiti oljke ali katero koli drugo vrsto <a href=\"https:\/\/latiendadesami.com\/categoria-producto\/encurtidos\/\" rel=\"noopener noreferrer nofollow\" target=\"_blank\">kislih kumaric<\/a>, si oglejte na\u0161 spletni katalog in si oglejte \u0161iroko paleto <a href=\"https:\/\/latiendadesami.com\/categoria-producto\/encurtidos\/aceitunas\/\" target=\"_blank\" rel=\"noopener noreferrer nofollow\">oljk, ki jih<\/a> imamo na voljo.<\/p>\n<p>Izvor: Castilla la Mancha.<\/p>\n<p>Sestavine: Oljke, kumarice, voda, sol, kislina (E-330), konzervansi (E211, E-202, E-260), oja\u010devalci okusa (E-621, E-631, E-627), antioksidanti (E-300) in naravne arome. Lahko vsebuje sledi sulfitov. <\/p>\n<h3>Prehranske informacije<\/h3>\n<p>Energijska vrednost 132 kcal\/ 553 kj Ma\u0161\u010dobe 13,4 g, od tega nasi\u010dene 1,7 g Ogljikovi hidrati 0,8 g, od tega sladkor 0,09 g Prehranska vlaknina 0,5 g Beljakovine 2,6 g Sol 2,0 g<\/p>\n","protected":false},"excerpt":{"rendered":"<p>Manzanilla polnjene kumare 3,8 kg Kimbitos je prigrizek, v katerem najdemo tradicionalne olive manzanilla, polnjene z kumarami. Idealen dodatek k tradicionalnim jedem. Kimbitos je ime, po katerem v nekaterih delih \u0160panije poznamo oljko manzanilla s ko\u0161\u010dicami in vlo\u017eeno kumarico. Za to zvezo je ro\u010dno izdelan. Prednosti kumare polnjene kamilice 3,8 kg Kimbitos Ali ste poznali [&hellip;]<\/p>\n","protected":false},"featured_media":18026,"template":"","meta":{"_et_pb_use_builder":"","_et_pb_old_content":"","_et_gb_content_width":""},"product_brand":[],"product_cat":[2007,1720,1717],"product_tag":[2009],"class_list":{"0":"post-18024","1":"product","2":"type-product","3":"status-publish","4":"has-post-thumbnail","6":"product_cat-kumarice","7":"product_cat-oljke","8":"product_cat-pickles-sl","9":"product_tag-kimbo-sl","11":"first","12":"instock","13":"taxable","14":"shipping-taxable","15":"purchasable","16":"product-type-simple"},"_links":{"self":[{"href":"https:\/\/myspainfood.com\/sl\/wp-json\/wp\/v2\/product\/18024","targetHints":{"allow":["GET"]}}],"collection":[{"href":"https:\/\/myspainfood.com\/sl\/wp-json\/wp\/v2\/product"}],"about":[{"href":"https:\/\/myspainfood.com\/sl\/wp-json\/wp\/v2\/types\/product"}],"wp:featuredmedia":[{"embeddable":true,"href":"https:\/\/myspainfood.com\/sl\/wp-json\/wp\/v2\/media\/18026"}],"wp:attachment":[{"href":"https:\/\/myspainfood.com\/sl\/wp-json\/wp\/v2\/media?parent=18024"}],"wp:term":[{"taxonomy":"product_brand","embeddable":true,"href":"https:\/\/myspainfood.com\/sl\/wp-json\/wp\/v2\/product_brand?post=18024"},{"taxonomy":"product_cat","embeddable":true,"href":"https:\/\/myspainfood.com\/sl\/wp-json\/wp\/v2\/product_cat?post=18024"},{"taxonomy":"product_tag","embeddable":true,"href":"https:\/\/myspainfood.com\/sl\/wp-json\/wp\/v2\/product_tag?post=18024"}],"curies":[{"name":"wp","href":"https:\/\/api.w.org\/{rel}","templated":true}]}}