{"id":18133,"date":"2025-04-10T12:10:57","date_gmt":"2025-04-10T10:10:57","guid":{"rendered":"https:\/\/myspainfood.com\/producto\/olive-chupadedos-aguedo-2-kg-neto-teze\/"},"modified":"2025-04-10T12:10:57","modified_gmt":"2025-04-10T10:10:57","slug":"olive-chupadedos-aguedo-2-kg-neto-teze","status":"publish","type":"product","link":"https:\/\/myspainfood.com\/sl\/producto\/olive-chupadedos-aguedo-2-kg-neto-teze\/","title":{"rendered":"Olive Chupadedos Aguedo 2 kg neto te\u017ee"},"content":{"rendered":"<div>\n<p>V podjetju ACEITUNAS AGUEDO zagotavljamo odli\u010dnost na\u0161ih izdelkov, saj zdru\u017eujemo tradicijo in nove tehnologije. Ponujamo strokovnost dru\u017einskega podjetja, ki nenehno raste in katerega edini cilj je zadovoljstvo na\u0161ih strank. <\/p>\n<p>Vse proizvodne procese nadzorujemo od za\u010detka do konca, saj le tako lahko dose\u017eemo MAKSIMALNE izdelke.<\/p>\n<\/div>\n<div class=\"leo_camara_desc\">Kupcem ponujamo najbolj zdrav in naraven prigrizek z nezamenljivim okusom in najvi\u0161jo kakovostjo.<\/div>\n","protected":false},"excerpt":{"rendered":"<p>V podjetju ACEITUNAS AGUEDO zagotavljamo odli\u010dnost na\u0161ih izdelkov, saj zdru\u017eujemo tradicijo in nove tehnologije. Ponujamo strokovnost dru\u017einskega podjetja, ki nenehno raste in katerega edini cilj je zadovoljstvo na\u0161ih strank. Vse proizvodne procese nadzorujemo od za\u010detka do konca, saj le tako lahko dose\u017eemo MAKSIMALNE izdelke. Kupcem ponujamo najbolj zdrav in naraven prigrizek z nezamenljivim okusom in [&hellip;]<\/p>\n","protected":false},"featured_media":18137,"template":"","meta":{"_et_pb_use_builder":"","_et_pb_old_content":"","_et_gb_content_width":""},"product_brand":[1397],"product_cat":[1720,1717],"product_tag":[2055],"class_list":{"0":"post-18133","1":"product","2":"type-product","3":"status-publish","4":"has-post-thumbnail","6":"product_brand-aguedo","7":"product_cat-oljke","8":"product_cat-pickles-sl","9":"product_tag-kamilica-sl","11":"first","12":"outofstock","13":"taxable","14":"shipping-taxable","15":"purchasable","16":"product-type-simple"},"_links":{"self":[{"href":"https:\/\/myspainfood.com\/sl\/wp-json\/wp\/v2\/product\/18133","targetHints":{"allow":["GET"]}}],"collection":[{"href":"https:\/\/myspainfood.com\/sl\/wp-json\/wp\/v2\/product"}],"about":[{"href":"https:\/\/myspainfood.com\/sl\/wp-json\/wp\/v2\/types\/product"}],"wp:featuredmedia":[{"embeddable":true,"href":"https:\/\/myspainfood.com\/sl\/wp-json\/wp\/v2\/media\/18137"}],"wp:attachment":[{"href":"https:\/\/myspainfood.com\/sl\/wp-json\/wp\/v2\/media?parent=18133"}],"wp:term":[{"taxonomy":"product_brand","embeddable":true,"href":"https:\/\/myspainfood.com\/sl\/wp-json\/wp\/v2\/product_brand?post=18133"},{"taxonomy":"product_cat","embeddable":true,"href":"https:\/\/myspainfood.com\/sl\/wp-json\/wp\/v2\/product_cat?post=18133"},{"taxonomy":"product_tag","embeddable":true,"href":"https:\/\/myspainfood.com\/sl\/wp-json\/wp\/v2\/product_tag?post=18133"}],"curies":[{"name":"wp","href":"https:\/\/api.w.org\/{rel}","templated":true}]}}