{"id":18173,"date":"2025-04-10T12:05:43","date_gmt":"2025-04-10T10:05:43","guid":{"rendered":"https:\/\/myspainfood.com\/producto\/kumare-zacinjene-banderillas-38-kg\/"},"modified":"2025-04-10T12:05:43","modified_gmt":"2025-04-10T10:05:43","slug":"kumare-zacinjene-banderillas-38-kg","status":"publish","type":"product","link":"https:\/\/myspainfood.com\/sl\/producto\/kumare-zacinjene-banderillas-38-kg\/","title":{"rendered":"Kumare za\u010dinjene Banderillas 3,8 kg"},"content":{"rendered":"<p>Z Almagrovimi kumaricami Banderillas Picantes Pepino Entero 3,8 kg lahko u\u017eivate v ve\u010d <a href=\"https:\/\/www.laencajera.es\/encurtidos-de-almagro\" target=\"_blank\" rel=\"noopener noreferrer nofollow\">kumaricah<\/a> hkrati.<\/p>\n<p>Na\u0161e banderille so osve\u017eilnega in lahkega okusa, zato jih lahko u\u017eivate med obroki ali s prijatelji.<\/p>\n<p>U\u017eivajte v za\u010dimbah v enem samem gri\u017eljaju s temi celimi kumarami Banderillas Picantes 3,8 kg. Izvor je Castilla la Mancha. <\/p>\n<p>Sestavine: \u010cebula 21-23, rde\u010da paprika, oljka (predvidena velikost od 200-320), cela kumarica velikosti 60-80, paprika \u010dili, voda, sol in plasti\u010dni \u0161pric, oja\u010devalec okusa (E-621, E-627), kislina E-330, antioksidant E-300, konzervansi (E-211, E-202, E-270, E-260) Vsebuje sulfite.<\/p>\n<p>Pogoji ohranjanja:<\/p>\n<p>Hranite v hladnem in suhem prostoru, na temperaturi med 3\u00baC in 10\u00baC. Hranite stran od son\u010dne svetlobe in mo\u010dnih vonjav. <\/p>\n<p>Po odprtju hranite v hladilniku in porabite v 30 dneh.<\/p>\n<p>\u010ce \u017eelite kupiti olive ali katero koli drugo vrsto <a href=\"https:\/\/latiendadesami.com\/categoria-producto\/encurtidos\/\" rel=\"noopener noreferrer nofollow\" target=\"_blank\">kislih kumaric<\/a>, si oglejte na\u0161 spletni katalog in si oglejte \u0161iroko paleto <a href=\"https:\/\/latiendadesami.com\/categoria-producto\/encurtidos\/berenjenas\/\" target=\"_blank\" rel=\"noopener noreferrer nofollow\">jaj\u010devcev<\/a>, ki jih imamo na voljo.<\/p>\n<p>Blagovna znamka je La Encajonera, dru\u017einsko podjetje, ustanovljeno leta 1990, s sede\u017eem v osr\u010dju La Manche, v mestu ALMAGRO v provinci Ciudad Real.<\/p>\n<p>Postopek proizvodnje njenih izdelkov se za\u010dne na istem obmo\u010dju gojenja, kjer se izbere izdelek najbolj\u0161e kakovosti.<\/p>\n<p>Tovarna je opremljena z najnaprednej\u0161o tehnologijo, hkrati pa ohranja tradicijo in znanje obrtnikov.<\/p>\n","protected":false},"excerpt":{"rendered":"<p>Z Almagrovimi kumaricami Banderillas Picantes Pepino Entero 3,8 kg lahko u\u017eivate v ve\u010d kumaricah hkrati. Na\u0161e banderille so osve\u017eilnega in lahkega okusa, zato jih lahko u\u017eivate med obroki ali s prijatelji. U\u017eivajte v za\u010dimbah v enem samem gri\u017eljaju s temi celimi kumarami Banderillas Picantes 3,8 kg. Izvor je Castilla la Mancha. Sestavine: \u010cebula 21-23, rde\u010da [&hellip;]<\/p>\n","protected":false},"featured_media":18176,"template":"","meta":{"_et_pb_use_builder":"","_et_pb_old_content":"","_et_gb_content_width":""},"product_brand":[],"product_cat":[2090,2007,1717],"product_tag":[2035,2091],"class_list":{"0":"post-18173","1":"product","2":"type-product","3":"status-publish","4":"has-post-thumbnail","6":"product_cat-banderillas-sl","7":"product_cat-kumarice","8":"product_cat-pickles-sl","9":"product_tag-gherkin-sl","10":"product_tag-zacinjeno","12":"first","13":"instock","14":"taxable","15":"shipping-taxable","16":"purchasable","17":"product-type-simple"},"_links":{"self":[{"href":"https:\/\/myspainfood.com\/sl\/wp-json\/wp\/v2\/product\/18173","targetHints":{"allow":["GET"]}}],"collection":[{"href":"https:\/\/myspainfood.com\/sl\/wp-json\/wp\/v2\/product"}],"about":[{"href":"https:\/\/myspainfood.com\/sl\/wp-json\/wp\/v2\/types\/product"}],"wp:featuredmedia":[{"embeddable":true,"href":"https:\/\/myspainfood.com\/sl\/wp-json\/wp\/v2\/media\/18176"}],"wp:attachment":[{"href":"https:\/\/myspainfood.com\/sl\/wp-json\/wp\/v2\/media?parent=18173"}],"wp:term":[{"taxonomy":"product_brand","embeddable":true,"href":"https:\/\/myspainfood.com\/sl\/wp-json\/wp\/v2\/product_brand?post=18173"},{"taxonomy":"product_cat","embeddable":true,"href":"https:\/\/myspainfood.com\/sl\/wp-json\/wp\/v2\/product_cat?post=18173"},{"taxonomy":"product_tag","embeddable":true,"href":"https:\/\/myspainfood.com\/sl\/wp-json\/wp\/v2\/product_tag?post=18173"}],"curies":[{"name":"wp","href":"https:\/\/api.w.org\/{rel}","templated":true}]}}