{"id":18269,"date":"2025-04-10T12:05:35","date_gmt":"2025-04-10T10:05:35","guid":{"rendered":"https:\/\/myspainfood.com\/producto\/oljke-gordal-z-nadevom-iz-jajcevcev-45-kg\/"},"modified":"2025-04-10T12:05:35","modified_gmt":"2025-04-10T10:05:35","slug":"oljke-gordal-z-nadevom-iz-jajcevcev-45-kg","status":"publish","type":"product","link":"https:\/\/myspainfood.com\/sl\/producto\/oljke-gordal-z-nadevom-iz-jajcevcev-45-kg\/","title":{"rendered":"Oljke Gordal z nadevom iz jaj\u010devcev 4,5 kg"},"content":{"rendered":"<p>Olive Gordal, polnjene z jaj\u010devci sorte gordal, polnjene z na\u0161imi tradicionalnimi <a href=\"https:\/\/www.laencajera.es\/aceitunas\" target=\"_blank\" rel=\"noopener noreferrer nofollow\">jaj\u010devci<\/a> Almagro.<\/p>\n<p>Ena najbolj priljubljenih sort. Idealne so kot aperitiv. <\/p>\n<p>Sestavine: Oljke Gordal brez ko\u0161\u010dice, jaj\u010devci &#8220;De Almagro&#8221;, voda, sol, vinski kis, mleta kumina, paprika de la Vera, origano, oja\u010devalec okusa (E-621, E-631, E-627), kislina (E-330), konzervansi (E-260, E-211, E-202), antioksidant (E-300) in naravne esence (esenca popra, esenca \u010desna, esenca kumine). Lahko vsebuje sulfite. <\/p>\n<p>Hranite v hladnem in suhem prostoru, med 3 in 10 \u00b0C.<\/p>\n<p>Za\u0161\u010ditite pred son\u010dno svetlobo in mo\u010dnimi vonjavami.<\/p>\n<p>Olive Gordal, polnjene z jaj\u010devci. Po odprtju jih hranite v hladilniku in porabite v 30 dneh.<\/p>\n<p>\u010ce \u017eelite kupiti olive ali katero koli drugo vrsto <a href=\"https:\/\/latiendadesami.com\/categoria-producto\/encurtidos\/\" rel=\"noopener noreferrer nofollow\" target=\"_blank\">kislih kumaric<\/a>, si oglejte na\u0161 spletni katalog in si oglejte \u0161iroko paleto <a href=\"https:\/\/latiendadesami.com\/categoria-producto\/encurtidos\/berenjenas\/\" target=\"_blank\" rel=\"noopener noreferrer nofollow\">jaj\u010devcev<\/a>, ki jih imamo na voljo.<\/p>\n<p>Blagovna znamka je La Encajonera, dru\u017einsko podjetje, ustanovljeno leta 1990, s sede\u017eem v osr\u010dju La Manche, v mestu ALMAGRO v provinci Ciudad Real.<\/p>\n<p>Postopek proizvodnje njenih izdelkov se za\u010dne na istem obmo\u010dju gojenja, kjer se izbere izdelek najbolj\u0161e kakovosti.<\/p>\n<p>Tovarna je opremljena z najnaprednej\u0161o tehnologijo, hkrati pa ohranja tradicijo in znanje obrtnikov.<\/p>\n","protected":false},"excerpt":{"rendered":"<p>Olive Gordal, polnjene z jaj\u010devci sorte gordal, polnjene z na\u0161imi tradicionalnimi jaj\u010devci Almagro. Ena najbolj priljubljenih sort. Idealne so kot aperitiv. Sestavine: Oljke Gordal brez ko\u0161\u010dice, jaj\u010devci &#8220;De Almagro&#8221;, voda, sol, vinski kis, mleta kumina, paprika de la Vera, origano, oja\u010devalec okusa (E-621, E-631, E-627), kislina (E-330), konzervansi (E-260, E-211, E-202), antioksidant (E-300) in naravne [&hellip;]<\/p>\n","protected":false},"featured_media":18271,"template":"","meta":{"_et_pb_use_builder":"","_et_pb_old_content":"","_et_gb_content_width":""},"product_brand":[],"product_cat":[1720,1717],"product_tag":[2177,2176],"class_list":{"0":"post-18269","1":"product","2":"type-product","3":"status-publish","4":"has-post-thumbnail","6":"product_cat-oljke","7":"product_cat-pickles-sl","8":"product_tag-izpolnite","9":"product_tag-jajcevec","11":"first","12":"instock","13":"taxable","14":"shipping-taxable","15":"purchasable","16":"product-type-simple"},"_links":{"self":[{"href":"https:\/\/myspainfood.com\/sl\/wp-json\/wp\/v2\/product\/18269","targetHints":{"allow":["GET"]}}],"collection":[{"href":"https:\/\/myspainfood.com\/sl\/wp-json\/wp\/v2\/product"}],"about":[{"href":"https:\/\/myspainfood.com\/sl\/wp-json\/wp\/v2\/types\/product"}],"wp:featuredmedia":[{"embeddable":true,"href":"https:\/\/myspainfood.com\/sl\/wp-json\/wp\/v2\/media\/18271"}],"wp:attachment":[{"href":"https:\/\/myspainfood.com\/sl\/wp-json\/wp\/v2\/media?parent=18269"}],"wp:term":[{"taxonomy":"product_brand","embeddable":true,"href":"https:\/\/myspainfood.com\/sl\/wp-json\/wp\/v2\/product_brand?post=18269"},{"taxonomy":"product_cat","embeddable":true,"href":"https:\/\/myspainfood.com\/sl\/wp-json\/wp\/v2\/product_cat?post=18269"},{"taxonomy":"product_tag","embeddable":true,"href":"https:\/\/myspainfood.com\/sl\/wp-json\/wp\/v2\/product_tag?post=18269"}],"curies":[{"name":"wp","href":"https:\/\/api.w.org\/{rel}","templated":true}]}}