{"id":18277,"date":"2025-04-10T12:09:16","date_gmt":"2025-04-10T10:09:16","guid":{"rendered":"https:\/\/myspainfood.com\/producto\/manzanilla-olive-okus-sardel-140-160-5-kg-odcejeno\/"},"modified":"2025-09-02T10:43:21","modified_gmt":"2025-09-02T08:43:21","slug":"manzanilla-olive-okus-sardel-140-160-5-kg-odcejeno","status":"publish","type":"product","link":"https:\/\/myspainfood.com\/sl\/producto\/manzanilla-olive-okus-sardel-140-160-5-kg-odcejeno\/","title":{"rendered":"Manzanilla Olive okus sardel 140-160 5 kg odcejeno"},"content":{"rendered":"<p>Oljka manzanilla z okusom sardele je najbolj priljubljena oljka na trgu. Zaradi svojega odli\u010dnega okusa je zelo cenjena. Uporablja se predvsem kot namizna oljka. Je rumenkasto zelene barve, brez ko\u0161\u010dic in blagega okusa. Pogosto se uporablja kot aperitiv in predjed. Je del receptov, kot so pice, solate ali zahtevnej\u0161e jedi.     <\/p>\n<p>Sestavine: Oljke, voda, sol, kislina (E-330), konzervansi<\/p>\n<p>(E-211, E-202, E-270) Antioksidant (E-300)<\/p>\n<p>Lahko vsebuje sulfite.<\/p>\n<p>Hranite v hladnem in suhem prostoru, med 3 in 10 \u00b0C.<\/p>\n<p>Za\u0161\u010ditite pred son\u010dno svetlobo in mo\u010dnimi vonjavami.<\/p>\n<p>\u010ce \u017eelite kupiti olive ali katero koli drugo vrsto <a href=\"https:\/\/latiendadesami.com\/categoria-producto\/encurtidos\/\" rel=\"noopener noreferrer nofollow\" target=\"_blank\">kislih kumaric<\/a>, si oglejte na\u0161 spletni katalog in si oglejte \u0161iroko paleto <a href=\"https:\/\/latiendadesami.com\/categoria-producto\/encurtidos\/berenjenas\/\" target=\"_blank\" rel=\"noopener noreferrer nofollow\">jaj\u010devcev<\/a>, ki jih imamo na voljo.<\/p>\n<p>Blagovna znamka La Encajera je dru\u017einsko podjetje, ustanovljeno leta 1990, ki se nahaja v osr\u010dju La Manche, v mestu ALMAGRO v provinci Ciudad Real.<\/p>\n<p>Postopek proizvodnje njenih izdelkov se za\u010dne na istem obmo\u010dju gojenja, kjer se izbere izdelek najbolj\u0161e kakovosti.<\/p>\n<p>Tovarna je opremljena z najnaprednej\u0161o tehnologijo, hkrati pa ohranja tradicijo in znanje obrtnikov.<\/p>\n","protected":false},"excerpt":{"rendered":"<p>Oljka manzanilla z okusom sardele je najbolj priljubljena oljka na trgu. Zaradi svojega odli\u010dnega okusa je zelo cenjena. Uporablja se predvsem kot namizna oljka. Je rumenkasto zelene barve, brez ko\u0161\u010dic in blagega okusa. Pogosto se uporablja kot aperitiv in predjed. Je del receptov, kot so pice, solate ali zahtevnej\u0161e jedi. Sestavine: Oljke, voda, sol, kislina [&hellip;]<\/p>\n","protected":false},"featured_media":18279,"template":"","meta":{"_et_pb_use_builder":"","_et_pb_old_content":"","_et_gb_content_width":""},"product_brand":[],"product_cat":[1720,1717],"product_tag":[2177,2176],"class_list":{"0":"post-18277","1":"product","2":"type-product","3":"status-publish","4":"has-post-thumbnail","6":"product_cat-oljke","7":"product_cat-pickles-sl","8":"product_tag-izpolnite","9":"product_tag-jajcevec","11":"first","12":"instock","13":"taxable","14":"shipping-taxable","15":"purchasable","16":"product-type-simple"},"_links":{"self":[{"href":"https:\/\/myspainfood.com\/sl\/wp-json\/wp\/v2\/product\/18277","targetHints":{"allow":["GET"]}}],"collection":[{"href":"https:\/\/myspainfood.com\/sl\/wp-json\/wp\/v2\/product"}],"about":[{"href":"https:\/\/myspainfood.com\/sl\/wp-json\/wp\/v2\/types\/product"}],"wp:featuredmedia":[{"embeddable":true,"href":"https:\/\/myspainfood.com\/sl\/wp-json\/wp\/v2\/media\/18279"}],"wp:attachment":[{"href":"https:\/\/myspainfood.com\/sl\/wp-json\/wp\/v2\/media?parent=18277"}],"wp:term":[{"taxonomy":"product_brand","embeddable":true,"href":"https:\/\/myspainfood.com\/sl\/wp-json\/wp\/v2\/product_brand?post=18277"},{"taxonomy":"product_cat","embeddable":true,"href":"https:\/\/myspainfood.com\/sl\/wp-json\/wp\/v2\/product_cat?post=18277"},{"taxonomy":"product_tag","embeddable":true,"href":"https:\/\/myspainfood.com\/sl\/wp-json\/wp\/v2\/product_tag?post=18277"}],"curies":[{"name":"wp","href":"https:\/\/api.w.org\/{rel}","templated":true}]}}