{"id":18691,"date":"2025-04-10T12:16:51","date_gmt":"2025-04-10T10:16:51","guid":{"rendered":"https:\/\/myspainfood.com\/producto\/lot-1f-file-sardel-v-olju-file-sardel-v-kisu-file-sardel-v-omaki-iz-cesna-in-petersilja-cesen-in-petersilj-chop-chop\/"},"modified":"2026-01-13T13:53:16","modified_gmt":"2026-01-13T12:53:16","slug":"lot-1f-file-sardel-v-olju-file-sardel-v-kisu-file-sardel-v-omaki-iz-cesna-in-petersilja-cesen-in-petersilj-chop-chop","status":"publish","type":"product","link":"https:\/\/myspainfood.com\/sl\/producto\/lot-1f-file-sardel-v-olju-file-sardel-v-kisu-file-sardel-v-omaki-iz-cesna-in-petersilja-cesen-in-petersilj-chop-chop\/","title":{"rendered":"Lot 1F File sardel v olju - file sardel v kisu - file sardel v omaki iz \u010desna in peter\u0161ilja (\u010desen in peter\u0161ilj) Chop &amp; Chop"},"content":{"rendered":"<p>VSEBINE:<\/p>\n<ul>\n<li>File sardona v olju:<\/li>\n<\/ul>\n<p>Pladenj 200 gr: 3 kosi<\/p>\n<ul>\n<li>File sardona v kisu:<\/li>\n<\/ul>\n<p>Pladenj 200 gr: 3 kosi<\/p>\n<ul>\n<li>Za\u010dinjen file sardona (\u010desen in peter\u0161ilj):<\/li>\n<\/ul>\n<p>Pladenj 200 gr: 3 kosi<\/p>\n","protected":false},"excerpt":{"rendered":"<p>VSEBINE: File sardona v olju: Pladenj 200 gr: 3 kosi File sardona v kisu: Pladenj 200 gr: 3 kosi Za\u010dinjen file sardona (\u010desen in peter\u0161ilj): Pladenj 200 gr: 3 kosi<\/p>\n","protected":false},"featured_media":18692,"template":"","meta":{"_et_pb_use_builder":"","_et_pb_old_content":"","_et_gb_content_width":""},"product_brand":[1127],"product_cat":[1813,1902],"product_tag":[],"class_list":{"0":"post-18691","1":"product","2":"type-product","3":"status-publish","4":"has-post-thumbnail","6":"product_brand-picarpicar","7":"product_cat-hladno","8":"product_cat-sardele-sl","9":"product_shipping_class-hladna-posiljka","11":"first","12":"outofstock","13":"taxable","14":"shipping-taxable","15":"purchasable","16":"product-type-simple"},"_links":{"self":[{"href":"https:\/\/myspainfood.com\/sl\/wp-json\/wp\/v2\/product\/18691","targetHints":{"allow":["GET"]}}],"collection":[{"href":"https:\/\/myspainfood.com\/sl\/wp-json\/wp\/v2\/product"}],"about":[{"href":"https:\/\/myspainfood.com\/sl\/wp-json\/wp\/v2\/types\/product"}],"wp:featuredmedia":[{"embeddable":true,"href":"https:\/\/myspainfood.com\/sl\/wp-json\/wp\/v2\/media\/18692"}],"wp:attachment":[{"href":"https:\/\/myspainfood.com\/sl\/wp-json\/wp\/v2\/media?parent=18691"}],"wp:term":[{"taxonomy":"product_brand","embeddable":true,"href":"https:\/\/myspainfood.com\/sl\/wp-json\/wp\/v2\/product_brand?post=18691"},{"taxonomy":"product_cat","embeddable":true,"href":"https:\/\/myspainfood.com\/sl\/wp-json\/wp\/v2\/product_cat?post=18691"},{"taxonomy":"product_tag","embeddable":true,"href":"https:\/\/myspainfood.com\/sl\/wp-json\/wp\/v2\/product_tag?post=18691"}],"curies":[{"name":"wp","href":"https:\/\/api.w.org\/{rel}","templated":true}]}}