{"id":18720,"date":"2025-04-10T12:16:50","date_gmt":"2025-04-10T10:16:50","guid":{"rendered":"https:\/\/myspainfood.com\/producto\/serija-3a-file-sardona-iz-biskajskega-zaliva-file-sardona-s-cesnovo-in-petersiljevo-omako-picarpicar\/"},"modified":"2026-01-13T13:51:05","modified_gmt":"2026-01-13T12:51:05","slug":"serija-3a-file-sardona-iz-biskajskega-zaliva-file-sardona-s-cesnovo-in-petersiljevo-omako-picarpicar","status":"publish","type":"product","link":"https:\/\/myspainfood.com\/sl\/producto\/serija-3a-file-sardona-iz-biskajskega-zaliva-file-sardona-s-cesnovo-in-petersiljevo-omako-picarpicar\/","title":{"rendered":"Serija 3A File sardona iz Biskajskega zaliva - file sardona s \u010desnovo in peter\u0161iljevo omako - Picar&amp;Picar"},"content":{"rendered":"<p>VSEBINE:<\/p>\n<ul>\n<li>File sardona:<\/li>\n<\/ul>\n<p>Tripack: 3 kosi<\/p>\n<ul>\n<li>File sardona iz Biskajskega zaliva:<\/li>\n<\/ul>\n<p>Pladenj 120 gr: 2 kosa<\/p>\n<ul>\n<li>Za\u010dinjen file sardona (\u010desen in peter\u0161ilj):<\/li>\n<\/ul>\n<p>700 g kad: 1 kos<\/p>\n<p>Gurmanski izdelek.<\/p>\n","protected":false},"excerpt":{"rendered":"<p>VSEBINE: File sardona: Tripack: 3 kosi File sardona iz Biskajskega zaliva: Pladenj 120 gr: 2 kosa Za\u010dinjen file sardona (\u010desen in peter\u0161ilj): 700 g kad: 1 kos Gurmanski izdelek.<\/p>\n","protected":false},"featured_media":18721,"template":"","meta":{"_et_pb_use_builder":"","_et_pb_old_content":"","_et_gb_content_width":""},"product_brand":[1127],"product_cat":[1813,1902],"product_tag":[],"class_list":{"0":"post-18720","1":"product","2":"type-product","3":"status-publish","4":"has-post-thumbnail","6":"product_brand-picarpicar","7":"product_cat-hladno","8":"product_cat-sardele-sl","9":"product_shipping_class-hladna-posiljka","11":"first","12":"outofstock","13":"taxable","14":"shipping-taxable","15":"purchasable","16":"product-type-simple"},"_links":{"self":[{"href":"https:\/\/myspainfood.com\/sl\/wp-json\/wp\/v2\/product\/18720","targetHints":{"allow":["GET"]}}],"collection":[{"href":"https:\/\/myspainfood.com\/sl\/wp-json\/wp\/v2\/product"}],"about":[{"href":"https:\/\/myspainfood.com\/sl\/wp-json\/wp\/v2\/types\/product"}],"wp:featuredmedia":[{"embeddable":true,"href":"https:\/\/myspainfood.com\/sl\/wp-json\/wp\/v2\/media\/18721"}],"wp:attachment":[{"href":"https:\/\/myspainfood.com\/sl\/wp-json\/wp\/v2\/media?parent=18720"}],"wp:term":[{"taxonomy":"product_brand","embeddable":true,"href":"https:\/\/myspainfood.com\/sl\/wp-json\/wp\/v2\/product_brand?post=18720"},{"taxonomy":"product_cat","embeddable":true,"href":"https:\/\/myspainfood.com\/sl\/wp-json\/wp\/v2\/product_cat?post=18720"},{"taxonomy":"product_tag","embeddable":true,"href":"https:\/\/myspainfood.com\/sl\/wp-json\/wp\/v2\/product_tag?post=18720"}],"curies":[{"name":"wp","href":"https:\/\/api.w.org\/{rel}","templated":true}]}}