{"id":18856,"date":"2025-04-10T12:16:20","date_gmt":"2025-04-10T10:16:20","guid":{"rendered":"https:\/\/myspainfood.com\/producto\/ekstra-devisko-oljcno-olje-pakiranje-3-karaf-viejo-olivas-15-l\/"},"modified":"2026-01-29T12:34:46","modified_gmt":"2026-01-29T11:34:46","slug":"ekstra-devisko-oljcno-olje-pakiranje-3-karaf-viejo-olivas-15-l","status":"publish","type":"product","link":"https:\/\/myspainfood.com\/sl\/producto\/ekstra-devisko-oljcno-olje-pakiranje-3-karaf-viejo-olivas-15-l\/","title":{"rendered":"Ekstra devi\u0161ko olj\u010dno olje - pakiranje 3 karaf - Viejo Olivas - 15 L"},"content":{"rendered":"<h3><strong>Ekstra devi\u0161ko olj\u010dno olje - pakiranje 3 karaf - Viejo Olivas - 15 L<\/strong><\/h3>\n<p>Odkrijte bogastvo sredozemskega okusa s <strong>paketom Viejo Olivas Extra Virgin Olive Oil Pack<\/strong>, ki vsebuje tri 5-litrske steklenice. To olje je rezultat skrbnega izbora oljk najvi\u0161je kakovosti, pridelanih v tradicionalnih olj\u010dnih nasadih. <strong>Postopek hladne ekstrakcije<\/strong> zagotavlja, da vsaka kapljica ohrani vse hranilne lastnosti in izjemen okus, ki je zna\u010dilen za pravo ekstra devi\u0161ko olj\u010dno olje.  <\/p>\n<p>Vsaka 5-litrska karafa je zasnovana tako, da izpolnjuje potrebe kuharjev in ljubiteljev hrane. To olje s sadno aromo in uravnote\u017eenim okusom je kot nala\u0161\u010d za izbolj\u0161anje okusa solat, marinad in enolon\u010dnic. 15-litrski format je idealen za vsakodnevno uporabo, saj omogo\u010da precej\u0161nje prihranke, ne da bi pri tem ogrozili kakovost, kar zagotavlja, da imate to bistveno sestavino sredozemske kuhinje vedno pri roki.  <\/p>\n<p><strong>Zakaj izbrati ekstra devi\u0161ko olj\u010dno olje Viejo Olivas?<\/strong><\/p>\n<ul>\n<li><strong>Vrhunska kakovost<\/strong>: vsaka karafa je izdelana iz izbranih oljk, zato je olje intenzivnega okusa in zdravih lastnosti.<\/li>\n<li><strong>Vsestranska uporaba<\/strong>: odli\u010den za kuhanje, za\u010dinjanje in dodajanje posebnega pridiha jedem.<\/li>\n<li><strong>Ekonomska u\u010dinkovitost<\/strong>: Z nakupom v paketu dobite odli\u010dno razmerje med ceno in kakovostjo, kar je idealno za dru\u017eine ali gostinska podjetja.<\/li>\n<\/ul>\n<p>\u010ce \u017eelite izvedeti ve\u010d o koristih olj\u010dnega olja, obi\u0161\u010dite tudi razdelek o <a target=\"_new\" rel=\"noopener\">koristih olj\u010dnega olja<\/a> in ugotovite, kako lahko izbolj\u0161a va\u0161e zdravje in recepte. Za ve\u010djo izbiro si oglejte na\u0161o kategorijo <a target=\"_new\" rel=\"noopener\">olj in kisov<\/a>, kjer boste na\u0161li \u0161e druge visokokakovostne izdelke, ki bodo odli\u010dno dopolnili va\u0161o kuhinjo.<\/p>\n<p>Z izbiro <strong>pakiranja ekstra devi\u0161kega olj\u010dnega olja Viejo Olivas<\/strong> ne izbirate le kakovosti in okusa, temve\u010d podpirate tudi trajnostne in odgovorne kmetijske prakse. Izkoristite to prilo\u017enost in na svojo mizo prinesite najbolj\u0161e iz sredozemske tradicije, naro\u010dite \u0161e danes in vsak obrok spremenite v gurmansko do\u017eivetje!  <\/p>\n","protected":false},"excerpt":{"rendered":"<p>Ekstra devi\u0161ko olj\u010dno olje - pakiranje 3 karaf - Viejo Olivas - 15 L Odkrijte bogastvo sredozemskega okusa s paketom Viejo Olivas Extra Virgin Olive Oil Pack, ki vsebuje tri 5-litrske steklenice. To olje je rezultat skrbnega izbora oljk najvi\u0161je kakovosti, pridelanih v tradicionalnih olj\u010dnih nasadih. Postopek hladne ekstrakcije zagotavlja, da vsaka kapljica ohrani vse [&hellip;]<\/p>\n","protected":false},"featured_media":18858,"template":"","meta":{"_et_pb_use_builder":"","_et_pb_old_content":"","_et_gb_content_width":""},"product_brand":[1221],"product_cat":[2221,2220],"product_tag":[2223],"class_list":{"0":"post-18856","1":"product","2":"type-product","3":"status-publish","4":"has-post-thumbnail","6":"product_brand-valdezarza","7":"product_cat-ekstra-deviska-oljka","8":"product_cat-olje-sl","9":"product_tag-olje-sl","11":"first","12":"outofstock","13":"featured","14":"taxable","15":"shipping-taxable","16":"purchasable","17":"product-type-simple"},"_links":{"self":[{"href":"https:\/\/myspainfood.com\/sl\/wp-json\/wp\/v2\/product\/18856","targetHints":{"allow":["GET"]}}],"collection":[{"href":"https:\/\/myspainfood.com\/sl\/wp-json\/wp\/v2\/product"}],"about":[{"href":"https:\/\/myspainfood.com\/sl\/wp-json\/wp\/v2\/types\/product"}],"wp:featuredmedia":[{"embeddable":true,"href":"https:\/\/myspainfood.com\/sl\/wp-json\/wp\/v2\/media\/18858"}],"wp:attachment":[{"href":"https:\/\/myspainfood.com\/sl\/wp-json\/wp\/v2\/media?parent=18856"}],"wp:term":[{"taxonomy":"product_brand","embeddable":true,"href":"https:\/\/myspainfood.com\/sl\/wp-json\/wp\/v2\/product_brand?post=18856"},{"taxonomy":"product_cat","embeddable":true,"href":"https:\/\/myspainfood.com\/sl\/wp-json\/wp\/v2\/product_cat?post=18856"},{"taxonomy":"product_tag","embeddable":true,"href":"https:\/\/myspainfood.com\/sl\/wp-json\/wp\/v2\/product_tag?post=18856"}],"curies":[{"name":"wp","href":"https:\/\/api.w.org\/{rel}","templated":true}]}}