{"id":18891,"date":"2025-04-10T12:16:30","date_gmt":"2025-04-10T10:16:30","guid":{"rendered":"https:\/\/myspainfood.com\/producto\/ledja-100-iberskega-svinjskega-hrbta-krmljenega-z-zelodom-fili-500-gr\/"},"modified":"2026-01-29T13:11:36","modified_gmt":"2026-01-29T12:11:36","slug":"ledja-100-iberskega-svinjskega-hrbta-krmljenega-z-zelodom-fili-500-gr","status":"publish","type":"product","link":"https:\/\/myspainfood.com\/sl\/producto\/ledja-100-iberskega-svinjskega-hrbta-krmljenega-z-zelodom-fili-500-gr\/","title":{"rendered":"Ledja 100 % iberskega svinjskega hrbta, krmljenega z \u017eelodom - FILI - 500 gr"},"content":{"rendered":"<h3>Svinjska ledja iz 100 % iberskega svinjskega mesa, krmljenega z \u017eelodom - FILI - 800 gr<\/h3>\n<p><strong>100-odstotno iberijski svinjski file, hranjen z \u017eelodom, FILI<\/strong> s te\u017eo 800 gramov je gurmanska poslastica, izdelana iz \u010distokrvnih iberskih pra\u0161i\u010dev, ki so bili gojeni v naravi in hranjeni z \u017eelodom. Ta obrtni\u0161ki postopek in skrbno soljenje zagotavljata neprekosljiv okus in so\u010dno teksturo. Kot nala\u0161\u010d za ljubitelje iberskih izdelkov, bogat z zdravimi ma\u0161\u010dobnimi kislinami.  <\/p>\n<p>\u010ce \u017eelite izvedeti ve\u010d o prednostih u\u017eivanja iberskih izdelkov, obi\u0161\u010dite <a href=\"https:\/\/www.jamonlovers.es\" target=\"_new\" rel=\"noopener noreferrer nofollow\" target=\"_blank\">Jam\u00f3n Lovers<\/a>.<\/p>\n<p>Odkrijte ve\u010d mo\u017enosti v na\u0161ih kategorijah <a href=\"https:\/\/latiendadesami.com\/categoria-producto\/queso-embutido\/\" target=\"_blank\" rel=\"noopener noreferrer nofollow\"><span style=\"color: #2ea3f2;\">Klobase<\/span><\/a><\/p>\n","protected":false},"excerpt":{"rendered":"<p>Svinjska ledja iz 100 % iberskega svinjskega mesa, krmljenega z \u017eelodom - FILI - 800 gr 100-odstotno iberijski svinjski file, hranjen z \u017eelodom, FILI s te\u017eo 800 gramov je gurmanska poslastica, izdelana iz \u010distokrvnih iberskih pra\u0161i\u010dev, ki so bili gojeni v naravi in hranjeni z \u017eelodom. Ta obrtni\u0161ki postopek in skrbno soljenje zagotavljata neprekosljiv okus [&hellip;]<\/p>\n","protected":false},"featured_media":18893,"template":"","meta":{"_et_pb_use_builder":"","_et_pb_old_content":"","_et_gb_content_width":""},"product_brand":[1388],"product_cat":[2259,2258],"product_tag":[],"class_list":{"0":"post-18891","1":"product","2":"type-product","3":"status-publish","4":"has-post-thumbnail","6":"product_brand-fili","7":"product_cat-klobase","8":"product_cat-sir-in-klobasa","10":"first","11":"outofstock","12":"taxable","13":"shipping-taxable","14":"purchasable","15":"product-type-simple"},"_links":{"self":[{"href":"https:\/\/myspainfood.com\/sl\/wp-json\/wp\/v2\/product\/18891","targetHints":{"allow":["GET"]}}],"collection":[{"href":"https:\/\/myspainfood.com\/sl\/wp-json\/wp\/v2\/product"}],"about":[{"href":"https:\/\/myspainfood.com\/sl\/wp-json\/wp\/v2\/types\/product"}],"wp:featuredmedia":[{"embeddable":true,"href":"https:\/\/myspainfood.com\/sl\/wp-json\/wp\/v2\/media\/18893"}],"wp:attachment":[{"href":"https:\/\/myspainfood.com\/sl\/wp-json\/wp\/v2\/media?parent=18891"}],"wp:term":[{"taxonomy":"product_brand","embeddable":true,"href":"https:\/\/myspainfood.com\/sl\/wp-json\/wp\/v2\/product_brand?post=18891"},{"taxonomy":"product_cat","embeddable":true,"href":"https:\/\/myspainfood.com\/sl\/wp-json\/wp\/v2\/product_cat?post=18891"},{"taxonomy":"product_tag","embeddable":true,"href":"https:\/\/myspainfood.com\/sl\/wp-json\/wp\/v2\/product_tag?post=18891"}],"curies":[{"name":"wp","href":"https:\/\/api.w.org\/{rel}","templated":true}]}}