{"id":19014,"date":"2025-04-10T12:16:39","date_gmt":"2025-04-10T10:16:39","guid":{"rendered":"https:\/\/myspainfood.com\/producto\/cela-ekstra-pecena-paprika-piquillo-la-joya-del-valle-320gr\/"},"modified":"2026-01-30T14:21:44","modified_gmt":"2026-01-30T13:21:44","slug":"cela-ekstra-pecena-paprika-piquillo-la-joya-del-valle-320gr","status":"publish","type":"product","link":"https:\/\/myspainfood.com\/sl\/producto\/cela-ekstra-pecena-paprika-piquillo-la-joya-del-valle-320gr\/","title":{"rendered":"Cela ekstra pe\u010dena paprika Piquillo La joya del valle 320gr"},"content":{"rendered":"<p>Sestavine: <\/p>\n<p> Po odprtju hranite v hladilniku in po mo\u017enosti porabite v petih dneh.<\/p>\n<p>Imamo najvi\u0161jo kakovost po najbolj\u0161i ceni.<\/p>\n<p>Pi\u0161ite nam za ve\u010d informacij ali \u010de imate vpra\u0161anja o tem ali katerem koli drugem izdelku iz na\u0161ega kataloga.<\/p>\n","protected":false},"excerpt":{"rendered":"<p>Sestavine: Po odprtju hranite v hladilniku in po mo\u017enosti porabite v petih dneh. Imamo najvi\u0161jo kakovost po najbolj\u0161i ceni. Pi\u0161ite nam za ve\u010d informacij ali \u010de imate vpra\u0161anja o tem ali katerem koli drugem izdelku iz na\u0161ega kataloga.<\/p>\n","protected":false},"featured_media":19018,"template":"","meta":{"_et_pb_use_builder":"","_et_pb_old_content":"","_et_gb_content_width":""},"product_brand":[1129],"product_cat":[1983,2323],"product_tag":[2324,2325],"class_list":{"0":"post-19014","1":"product","2":"type-product","3":"status-publish","4":"has-post-thumbnail","6":"product_brand-mateo","7":"product_cat-ohranja","8":"product_cat-paprike","9":"product_tag-pecenka","10":"product_tag-pepper-sl","12":"first","13":"outofstock","14":"featured","15":"taxable","16":"shipping-taxable","17":"product-type-variable"},"_links":{"self":[{"href":"https:\/\/myspainfood.com\/sl\/wp-json\/wp\/v2\/product\/19014","targetHints":{"allow":["GET"]}}],"collection":[{"href":"https:\/\/myspainfood.com\/sl\/wp-json\/wp\/v2\/product"}],"about":[{"href":"https:\/\/myspainfood.com\/sl\/wp-json\/wp\/v2\/types\/product"}],"wp:featuredmedia":[{"embeddable":true,"href":"https:\/\/myspainfood.com\/sl\/wp-json\/wp\/v2\/media\/19018"}],"wp:attachment":[{"href":"https:\/\/myspainfood.com\/sl\/wp-json\/wp\/v2\/media?parent=19014"}],"wp:term":[{"taxonomy":"product_brand","embeddable":true,"href":"https:\/\/myspainfood.com\/sl\/wp-json\/wp\/v2\/product_brand?post=19014"},{"taxonomy":"product_cat","embeddable":true,"href":"https:\/\/myspainfood.com\/sl\/wp-json\/wp\/v2\/product_cat?post=19014"},{"taxonomy":"product_tag","embeddable":true,"href":"https:\/\/myspainfood.com\/sl\/wp-json\/wp\/v2\/product_tag?post=19014"}],"curies":[{"name":"wp","href":"https:\/\/api.w.org\/{rel}","templated":true}]}}