{"id":19114,"date":"2025-04-10T12:16:39","date_gmt":"2025-04-10T10:16:39","guid":{"rendered":"https:\/\/myspainfood.com\/producto\/ekstra-devisko-oljcno-olje-viejo-olivar-5-litrov-cazorla-jaen\/"},"modified":"2026-01-29T12:35:52","modified_gmt":"2026-01-29T11:35:52","slug":"ekstra-devisko-oljcno-olje-viejo-olivar-5-litrov-cazorla-jaen","status":"publish","type":"product","link":"https:\/\/myspainfood.com\/sl\/producto\/ekstra-devisko-oljcno-olje-viejo-olivar-5-litrov-cazorla-jaen\/","title":{"rendered":"Ekstra devi\u0161ko olj\u010dno olje Viejo Olivar 5 litrov Cazorla Ja\u00e9n"},"content":{"rendered":"<p><strong>Ekstra devi\u0161ko olj\u010dno olje<\/strong> iz Ja\u00e9na je eden od zvezdni\u0161kih proizvodov \u0161panske gastronomije in na\u0161e predstavitveno pismo po vsem svetu. Nakup olj\u010dnega olja pomeni pridobitev izjemnega izdelka zaradi njegovih neverjetnih koristi za zdravje. Poleg tega je osnovna sestavina sredozemske prehrane, sestavina, ki ne sme manjkati v nobeni samospo\u0161tovani kuhinji.  <\/p>\n<p>Ekstra devi\u0161ko olj\u010dno olje je med olj\u010dnimi olji najbolj izjemno zaradi svojega okusa, arome in koristi za organizem. Bogato je z vitamini A, D, E in K, prepre\u010duje kopi\u010denje holesterola, izbolj\u0161uje krvni tlak in pospe\u0161uje \u010drevesni prehod. Zaradi vseh teh razlogov bo nakup ekstra devi\u0161kega olj\u010dnega olja vedno najbolj\u0161a izbira za va\u0161e zdravje in okus.  <\/p>\n<p>V mestu Ja\u00e9n smo ponosni, da smo najve\u010dji pridelovalci olj\u010dnega olja na svetu, ekstra devi\u0161ka olj\u010dna olja iz na\u0161e de\u017eele pa so nedvomno najbolj znana tako na nacionalni kot na mednarodni ravni in najvi\u0161je kakovosti, ki jih je mogo\u010de kupiti.<\/p>\n","protected":false},"excerpt":{"rendered":"<p>Ekstra devi\u0161ko olj\u010dno olje iz Ja\u00e9na je eden od zvezdni\u0161kih proizvodov \u0161panske gastronomije in na\u0161e predstavitveno pismo po vsem svetu. Nakup olj\u010dnega olja pomeni pridobitev izjemnega izdelka zaradi njegovih neverjetnih koristi za zdravje. Poleg tega je osnovna sestavina sredozemske prehrane, sestavina, ki ne sme manjkati v nobeni samospo\u0161tovani kuhinji. Ekstra devi\u0161ko olj\u010dno olje je med [&hellip;]<\/p>\n","protected":false},"featured_media":18858,"template":"","meta":{"_et_pb_use_builder":"","_et_pb_old_content":"","_et_gb_content_width":""},"product_brand":[1221],"product_cat":[2221,2220],"product_tag":[2223],"class_list":{"0":"post-19114","1":"product","2":"type-product","3":"status-publish","4":"has-post-thumbnail","6":"product_brand-valdezarza","7":"product_cat-ekstra-deviska-oljka","8":"product_cat-olje-sl","9":"product_tag-olje-sl","11":"first","12":"outofstock","13":"featured","14":"taxable","15":"shipping-taxable","16":"product-type-variable"},"_links":{"self":[{"href":"https:\/\/myspainfood.com\/sl\/wp-json\/wp\/v2\/product\/19114","targetHints":{"allow":["GET"]}}],"collection":[{"href":"https:\/\/myspainfood.com\/sl\/wp-json\/wp\/v2\/product"}],"about":[{"href":"https:\/\/myspainfood.com\/sl\/wp-json\/wp\/v2\/types\/product"}],"wp:featuredmedia":[{"embeddable":true,"href":"https:\/\/myspainfood.com\/sl\/wp-json\/wp\/v2\/media\/18858"}],"wp:attachment":[{"href":"https:\/\/myspainfood.com\/sl\/wp-json\/wp\/v2\/media?parent=19114"}],"wp:term":[{"taxonomy":"product_brand","embeddable":true,"href":"https:\/\/myspainfood.com\/sl\/wp-json\/wp\/v2\/product_brand?post=19114"},{"taxonomy":"product_cat","embeddable":true,"href":"https:\/\/myspainfood.com\/sl\/wp-json\/wp\/v2\/product_cat?post=19114"},{"taxonomy":"product_tag","embeddable":true,"href":"https:\/\/myspainfood.com\/sl\/wp-json\/wp\/v2\/product_tag?post=19114"}],"curies":[{"name":"wp","href":"https:\/\/api.w.org\/{rel}","templated":true}]}}