{"id":19212,"date":"2025-04-10T12:16:41","date_gmt":"2025-04-10T10:16:41","guid":{"rendered":"https:\/\/myspainfood.com\/producto\/iberski-prsut-cebo-huelva-sn-finca-6-kg-priblizno\/"},"modified":"2026-01-30T14:26:46","modified_gmt":"2026-01-30T13:26:46","slug":"iberski-prsut-cebo-huelva-sn-finca-6-kg-priblizno","status":"publish","type":"product","link":"https:\/\/myspainfood.com\/sl\/producto\/iberski-prsut-cebo-huelva-sn-finca-6-kg-priblizno\/","title":{"rendered":"Iberski pr\u0161ut Cebo Huelva - SN Finca - 6 kg (pribli\u017eno)"},"content":{"rendered":"<p>Iberski pr\u0161ut Cebo Huelva - SN Finca - 6 kg je odli\u010dne kakovosti, su\u0161en v naravnih su\u0161ilnicah v Huelvi po tradicionalnem postopku su\u0161enja, ki mu daje zna\u010dilno aromo in dobro znani okus. Zaradi te nege je ta kos u\u017eitek za ljubitelje iberskega pr\u0161uta.<\/p>\n<h3><strong>Zna\u010dilnosti iberskega pr\u0161uta Cebo Huelva<\/strong><\/h3>\n<ol>\n<li><strong>Zagotovljeno poreklo<\/strong>\n<p>Ta pr\u0161ut se proizvaja v Huelvi, regiji, ki je po vsem svetu znana po idealnem podnebju za su\u0161enje pr\u0161uta. Sierra de Huelva zagotavlja popolno ravnovesje med vlago in temperaturo, kar omogo\u010da optimalno zorenje pr\u0161uta. <\/li>\n<li><strong>Certificirana kakovost<\/strong>\n<p>Vsak kos izpolnjuje stroge zahteve glede kakovosti. SN Finca zagotavlja izdelek s sledljivim poreklom, kar potro\u0161niku zagotavlja najbolj\u0161e iz iberske tradicije. <\/li>\n<li><strong>Podalj\u0161ano su\u0161enje<\/strong>\n<p>Pribli\u017eno 24 mesecev su\u0161ena \u0161unka razvije kompleksen okus in edinstveno aromo, ki o\u010dara \u010dute \u017ee ob prvem prerezu.<\/li>\n<li><strong>Idealna te\u017ea<\/strong>\n<p>S <strong>pribli\u017eno 6 kg<\/strong> je ta pr\u0161ut kot nala\u0161\u010d za dru\u017eine in posebna sre\u010danja, saj ponuja odli\u010dno razmerje med koli\u010dino in kakovostjo.<\/li>\n<li><strong>Izjemna predstavitev<\/strong>\n<p>Pri rezanju je vidna zna\u010dilna marmoriranost, ki je nezamenljiv znak kakovosti. Ravnovesje med vtisnjeno ma\u0161\u010dobo in mesom zagotavlja edinstven okus vsake rezine. <\/li>\n<\/ol>\n<p>Oglejte si na\u0161o ponudbo klobas, v <a href=\"https:\/\/latiendadesami.com\/categoria-producto\/queso-embutido\/\" target=\"_blank\" rel=\"noopener noreferrer nofollow\">kateri<\/a> najdete gurmanske izdelke, ki so kot nala\u0161\u010d za u\u017eivanje z dru\u017eino in prijatelji.<\/p>\n","protected":false},"excerpt":{"rendered":"<p>Iberski pr\u0161ut Cebo Huelva - SN Finca - 6 kg je odli\u010dne kakovosti, su\u0161en v naravnih su\u0161ilnicah v Huelvi po tradicionalnem postopku su\u0161enja, ki mu daje zna\u010dilno aromo in dobro znani okus. Zaradi te nege je ta kos u\u017eitek za ljubitelje iberskega pr\u0161uta. Zna\u010dilnosti iberskega pr\u0161uta Cebo Huelva Zagotovljeno poreklo Ta pr\u0161ut se proizvaja v [&hellip;]<\/p>\n","protected":false},"featured_media":19213,"template":"","meta":{"_et_pb_use_builder":"","_et_pb_old_content":"","_et_gb_content_width":""},"product_brand":[],"product_cat":[8044],"product_tag":[],"class_list":{"0":"post-19212","1":"product","2":"type-product","3":"status-publish","4":"has-post-thumbnail","6":"product_cat-kategorija-testiranja-sl","8":"first","9":"outofstock","10":"taxable","11":"shipping-taxable","12":"purchasable","13":"product-type-simple"},"_links":{"self":[{"href":"https:\/\/myspainfood.com\/sl\/wp-json\/wp\/v2\/product\/19212","targetHints":{"allow":["GET"]}}],"collection":[{"href":"https:\/\/myspainfood.com\/sl\/wp-json\/wp\/v2\/product"}],"about":[{"href":"https:\/\/myspainfood.com\/sl\/wp-json\/wp\/v2\/types\/product"}],"wp:featuredmedia":[{"embeddable":true,"href":"https:\/\/myspainfood.com\/sl\/wp-json\/wp\/v2\/media\/19213"}],"wp:attachment":[{"href":"https:\/\/myspainfood.com\/sl\/wp-json\/wp\/v2\/media?parent=19212"}],"wp:term":[{"taxonomy":"product_brand","embeddable":true,"href":"https:\/\/myspainfood.com\/sl\/wp-json\/wp\/v2\/product_brand?post=19212"},{"taxonomy":"product_cat","embeddable":true,"href":"https:\/\/myspainfood.com\/sl\/wp-json\/wp\/v2\/product_cat?post=19212"},{"taxonomy":"product_tag","embeddable":true,"href":"https:\/\/myspainfood.com\/sl\/wp-json\/wp\/v2\/product_tag?post=19212"}],"curies":[{"name":"wp","href":"https:\/\/api.w.org\/{rel}","templated":true}]}}