{"id":19232,"date":"2025-04-10T12:16:46","date_gmt":"2025-04-10T10:16:46","guid":{"rendered":"https:\/\/myspainfood.com\/producto\/lot-1a-sardel-in-sardel-picarpicar\/"},"modified":"2026-01-13T13:52:00","modified_gmt":"2026-01-13T12:52:00","slug":"lot-1a-sardel-in-sardel-picarpicar","status":"publish","type":"product","link":"https:\/\/myspainfood.com\/sl\/producto\/lot-1a-sardel-in-sardel-picarpicar\/","title":{"rendered":"lot 1a - sardel in sardel Picar&amp;Picar"},"content":{"rendered":"<p>LOT 1A: Odli\u010dna konzervirana riba prve kakovosti, lot je sestavljen iz: (3 kosi), file sardona v tripacku 120gr, file sardona iz Kantabrije 120gr (1 kos), file sardona v olju 200gr (1 kos), file sardona v kisu 200gr (1 kos), file sardona v \u010desnu in peter\u0161ilju 200gr (1 kos) in sardonove bi\u010dke 220gr (1 kos).<\/p>\n<p>VSEBINE:<\/p>\n<ul>\n<li>File sardona:<\/li>\n<\/ul>\n<p>Tripack 120 gr: 3 kosi<\/p>\n<ul>\n<li>File sardona iz Biskajskega zaliva:<\/li>\n<\/ul>\n<p>Pladenj 120 gr: 1 kos<\/p>\n<ul>\n<li>File sardona v olju:<\/li>\n<\/ul>\n<p>Pladenj 200 gr: 1 kos<\/p>\n<ul>\n<li>File sardona v kisu:<\/li>\n<\/ul>\n<p>Pladenj 200 gr: 1 kos<\/p>\n<ul>\n<li>Za\u010dinjen file sardona (\u010desen in peter\u0161ilj):<\/li>\n<\/ul>\n<p>Pladenj 200 gr: 1 kos<\/p>\n<ul>\n<li>Banderilla de boquer\u00f3n:<\/li>\n<\/ul>\n<p>Pladenj 220 gr: 1 kos<\/p>\n","protected":false},"excerpt":{"rendered":"<p>LOT 1A: Odli\u010dna konzervirana riba prve kakovosti, lot je sestavljen iz: (3 kosi), file sardona v tripacku 120gr, file sardona iz Kantabrije 120gr (1 kos), file sardona v olju 200gr (1 kos), file sardona v kisu 200gr (1 kos), file sardona v \u010desnu in peter\u0161ilju 200gr (1 kos) in sardonove bi\u010dke 220gr (1 kos). VSEBINE: [&hellip;]<\/p>\n","protected":false},"featured_media":19233,"template":"","meta":{"_et_pb_use_builder":"","_et_pb_old_content":"","_et_gb_content_width":""},"product_brand":[1127],"product_cat":[1813,1902],"product_tag":[],"class_list":{"0":"post-19232","1":"product","2":"type-product","3":"status-publish","4":"has-post-thumbnail","6":"product_brand-picarpicar","7":"product_cat-hladno","8":"product_cat-sardele-sl","9":"product_shipping_class-hladna-posiljka","11":"first","12":"outofstock","13":"taxable","14":"shipping-taxable","15":"purchasable","16":"product-type-simple"},"_links":{"self":[{"href":"https:\/\/myspainfood.com\/sl\/wp-json\/wp\/v2\/product\/19232","targetHints":{"allow":["GET"]}}],"collection":[{"href":"https:\/\/myspainfood.com\/sl\/wp-json\/wp\/v2\/product"}],"about":[{"href":"https:\/\/myspainfood.com\/sl\/wp-json\/wp\/v2\/types\/product"}],"wp:featuredmedia":[{"embeddable":true,"href":"https:\/\/myspainfood.com\/sl\/wp-json\/wp\/v2\/media\/19233"}],"wp:attachment":[{"href":"https:\/\/myspainfood.com\/sl\/wp-json\/wp\/v2\/media?parent=19232"}],"wp:term":[{"taxonomy":"product_brand","embeddable":true,"href":"https:\/\/myspainfood.com\/sl\/wp-json\/wp\/v2\/product_brand?post=19232"},{"taxonomy":"product_cat","embeddable":true,"href":"https:\/\/myspainfood.com\/sl\/wp-json\/wp\/v2\/product_cat?post=19232"},{"taxonomy":"product_tag","embeddable":true,"href":"https:\/\/myspainfood.com\/sl\/wp-json\/wp\/v2\/product_tag?post=19232"}],"curies":[{"name":"wp","href":"https:\/\/api.w.org\/{rel}","templated":true}]}}