{"id":19302,"date":"2025-04-10T12:16:48","date_gmt":"2025-04-10T10:16:48","guid":{"rendered":"https:\/\/myspainfood.com\/producto\/lot-1d-chop-chop\/"},"modified":"2026-01-13T13:51:59","modified_gmt":"2026-01-13T12:51:59","slug":"lot-1d-chop-chop","status":"publish","type":"product","link":"https:\/\/myspainfood.com\/sl\/producto\/lot-1d-chop-chop\/","title":{"rendered":"lot 1d Chop &amp; Chop"},"content":{"rendered":"<p>LOT 1D: Ribe v plo\u010devinkah najvi\u0161je kakovosti, lot, ki ga sestavljajo: file sardona v olju 200 gr (1 kos), file sardona v kisu 200 gr (1 kos), file sardona v \u010desnu in peter\u0161ilju 200 gr (1 kos), sardonova zastavica 220 gr (3 kosi), file sleda 220 gr (1 kos) in file sleda z olivami 220 gr (1 kos).<\/p>\n<p>VSEBINE:<\/p>\n<ul>\n<li>File sardona v olju:<\/li>\n<\/ul>\n<p>Pladenj 200 gr: 1 kos<\/p>\n<ul>\n<li>File sardona v kisu:<\/li>\n<\/ul>\n<p>Pladenj 200 gr: 1 kos<\/p>\n<ul>\n<li>Za\u010dinjen file sardona (\u010desen in peter\u0161ilj):<\/li>\n<\/ul>\n<p>Pladenj 200 gr: 1 kos<\/p>\n<ul>\n<li>Banderilla de boquer\u00f3n:<\/li>\n<\/ul>\n<p>Pladenj 220 gr: 3 kosi<\/p>\n<ul>\n<li>Fileji sleda:<\/li>\n<\/ul>\n<p>Pladenj 220 gr: 1 kos<\/p>\n<ul>\n<li>Fileji sleda z olivami:<\/li>\n<\/ul>\n<p>Pladenj 220 gr: 1 kos<\/p>\n","protected":false},"excerpt":{"rendered":"<p>LOT 1D: Ribe v plo\u010devinkah najvi\u0161je kakovosti, lot, ki ga sestavljajo: file sardona v olju 200 gr (1 kos), file sardona v kisu 200 gr (1 kos), file sardona v \u010desnu in peter\u0161ilju 200 gr (1 kos), sardonova zastavica 220 gr (3 kosi), file sleda 220 gr (1 kos) in file sleda z olivami 220 [&hellip;]<\/p>\n","protected":false},"featured_media":19304,"template":"","meta":{"_et_pb_use_builder":"","_et_pb_old_content":"","_et_gb_content_width":""},"product_brand":[1127],"product_cat":[1813,1902],"product_tag":[],"class_list":{"0":"post-19302","1":"product","2":"type-product","3":"status-publish","4":"has-post-thumbnail","6":"product_brand-picarpicar","7":"product_cat-hladno","8":"product_cat-sardele-sl","9":"product_shipping_class-hladna-posiljka","11":"first","12":"outofstock","13":"taxable","14":"shipping-taxable","15":"purchasable","16":"product-type-simple"},"_links":{"self":[{"href":"https:\/\/myspainfood.com\/sl\/wp-json\/wp\/v2\/product\/19302","targetHints":{"allow":["GET"]}}],"collection":[{"href":"https:\/\/myspainfood.com\/sl\/wp-json\/wp\/v2\/product"}],"about":[{"href":"https:\/\/myspainfood.com\/sl\/wp-json\/wp\/v2\/types\/product"}],"wp:featuredmedia":[{"embeddable":true,"href":"https:\/\/myspainfood.com\/sl\/wp-json\/wp\/v2\/media\/19304"}],"wp:attachment":[{"href":"https:\/\/myspainfood.com\/sl\/wp-json\/wp\/v2\/media?parent=19302"}],"wp:term":[{"taxonomy":"product_brand","embeddable":true,"href":"https:\/\/myspainfood.com\/sl\/wp-json\/wp\/v2\/product_brand?post=19302"},{"taxonomy":"product_cat","embeddable":true,"href":"https:\/\/myspainfood.com\/sl\/wp-json\/wp\/v2\/product_cat?post=19302"},{"taxonomy":"product_tag","embeddable":true,"href":"https:\/\/myspainfood.com\/sl\/wp-json\/wp\/v2\/product_tag?post=19302"}],"curies":[{"name":"wp","href":"https:\/\/api.w.org\/{rel}","templated":true}]}}