{"id":19667,"date":"2025-04-10T12:14:40","date_gmt":"2025-04-10T10:14:40","guid":{"rendered":"https:\/\/myspainfood.com\/producto\/fileji-juzne-skuse-ubago-z-oljcnim-oljem-105-gr\/"},"modified":"2026-01-30T14:23:18","modified_gmt":"2026-01-30T13:23:18","slug":"fileji-juzne-skuse-ubago-z-oljcnim-oljem-105-gr","status":"publish","type":"product","link":"https:\/\/myspainfood.com\/sl\/producto\/fileji-juzne-skuse-ubago-z-oljcnim-oljem-105-gr\/","title":{"rendered":"Fileji ju\u017ene sku\u0161e - Ubago - Z olj\u010dnim oljem - 105 gr"},"content":{"rendered":"<h3><strong>Ubago fileti ju\u017ene sku\u0161e z olj\u010dnim oljem - tradicionalna kakovost in okus<\/strong><\/h3>\n<p>Odkrijte <strong>fileje ju\u017ene sku\u0161e v olj\u010dnem olju iz <a href=\"https:\/\/ubagogroup.com\/\" target=\"_blank\" rel=\"noopener noreferrer nofollow\">Ubaga<\/a><\/strong>, poslastico, bogato z <a href=\"https:\/\/nutribiotica.es\/digestivo-y-nutricion\/omega-3-para-que-sirve\/\" target=\"_blank\" rel=\"noopener noreferrer nofollow\"><strong>omega-3<\/strong><\/a> in beljakovinami. Ta gurmanska konzerva ponuja sku\u0161o, ulovljeno na atlantski obali, pakirano v <strong>ekstra devi\u0161kem olj\u010dnem olju<\/strong>, ki ji daje bolj\u0161i okus in sve\u017eino.<\/p>\n<p>Idealno za pripravo zdravih receptov ali u\u017eivanje v solatah in prigrizkih. Ve\u010d o prednostih <strong>ekstra devi\u0161kega olj\u010dnega olja<\/strong> si preberite v <a href=\"https:\/\/latiendadesami.com\/category\/recetas\/\" rel=\"noopener noreferrer nofollow\" target=\"_blank\">na\u0161em blogu o gurmanskih izdelkih<\/a>. <\/p>\n<p><strong>Naro\u010dite \u0161e danes in u\u017eivajte v pristnem okusu ju\u017enih obal.<\/strong> \u010ce vam je ta izdelek v\u0161e\u010d, ne zamudite na\u0161e ponudbe <strong><a href=\"https:\/\/latiendadesami.com\/categoria-producto\/conservas\/\" rel=\"noopener noreferrer nofollow\" target=\"_blank\">gurmanske konzerve<\/a><\/strong> ali odkrijte druge okusne <strong><a href=\"https:\/\/latiendadesami.com\/categoria-producto\/queso-embutido\/\" rel=\"noopener noreferrer nofollow\" target=\"_blank\">tipi\u010dne \u0161panske izdelke.<\/a><\/strong> kot so olja, vina, klobase in \u0161e veliko ve\u010d.<\/p>\n<p>Razi\u0161\u010dite na\u0161o trgovino in prinesite najbolj\u0161e \u0161panske gastronomije na svojo mizo!<\/p>\n","protected":false},"excerpt":{"rendered":"<p>Ubago fileti ju\u017ene sku\u0161e z olj\u010dnim oljem - tradicionalna kakovost in okus<\/p>\n","protected":false},"featured_media":19676,"template":"","meta":{"_et_pb_use_builder":"","_et_pb_old_content":"","_et_gb_content_width":""},"product_brand":[],"product_cat":[8044,1983],"product_tag":[],"class_list":{"0":"post-19667","1":"product","2":"type-product","3":"status-publish","4":"has-post-thumbnail","6":"product_cat-kategorija-testiranja-sl","7":"product_cat-ohranja","9":"first","10":"instock","11":"taxable","12":"shipping-taxable","13":"purchasable","14":"product-type-variable"},"_links":{"self":[{"href":"https:\/\/myspainfood.com\/sl\/wp-json\/wp\/v2\/product\/19667","targetHints":{"allow":["GET"]}}],"collection":[{"href":"https:\/\/myspainfood.com\/sl\/wp-json\/wp\/v2\/product"}],"about":[{"href":"https:\/\/myspainfood.com\/sl\/wp-json\/wp\/v2\/types\/product"}],"wp:featuredmedia":[{"embeddable":true,"href":"https:\/\/myspainfood.com\/sl\/wp-json\/wp\/v2\/media\/19676"}],"wp:attachment":[{"href":"https:\/\/myspainfood.com\/sl\/wp-json\/wp\/v2\/media?parent=19667"}],"wp:term":[{"taxonomy":"product_brand","embeddable":true,"href":"https:\/\/myspainfood.com\/sl\/wp-json\/wp\/v2\/product_brand?post=19667"},{"taxonomy":"product_cat","embeddable":true,"href":"https:\/\/myspainfood.com\/sl\/wp-json\/wp\/v2\/product_cat?post=19667"},{"taxonomy":"product_tag","embeddable":true,"href":"https:\/\/myspainfood.com\/sl\/wp-json\/wp\/v2\/product_tag?post=19667"}],"curies":[{"name":"wp","href":"https:\/\/api.w.org\/{rel}","templated":true}]}}