{"id":19784,"date":"2025-04-10T12:16:17","date_gmt":"2025-04-10T10:16:17","guid":{"rendered":"https:\/\/myspainfood.com\/producto\/prekajeni-norveski-losos-port-faroe-600-g\/"},"modified":"2026-01-30T14:32:51","modified_gmt":"2026-01-30T13:32:51","slug":"prekajeni-norveski-losos-port-faroe-600-g","status":"publish","type":"product","link":"https:\/\/myspainfood.com\/sl\/producto\/prekajeni-norveski-losos-port-faroe-600-g\/","title":{"rendered":"Prekajeni norve\u0161ki losos - Port Faroe - 600 g"},"content":{"rendered":"<h3><strong>Prekajeni norve\u0161ki losos - Port Faroe - 600 g<\/strong><\/h3>\n<p><strong>  Zdaj lahko u\u017eivate v sve\u017eini in kakovosti vrhunskega lososa.<\/strong><\/p>\n<p><strong>Prekajeni norve\u0161ki losos - Port Faroe<\/strong> zdru\u017euje tradicijo in okus ter je idealen za gurmanske recepte. Izvira iz kristalno \u010distih voda in ima blag in uravnote\u017een okus po dimljenem lososu. <\/p>\n<h4><strong>Glavne prednosti:<\/strong><\/h4>\n<ul>\n<li><strong>Certificirano poreklo<\/strong>: \u010diste in trajnostne vode iz Norve\u0161ke in Ferskih otokov.<\/li>\n<li><strong>Bogata z omega-3<\/strong>: idealna za zdravo in uravnote\u017eeno prehrano.<\/li>\n<li><strong>Enostavna uporaba<\/strong>: Pripravljen za solate, su\u0161i ali prigrizke.<\/li>\n<\/ul>\n<p><strong>Obo\u017eujete gurmansko kuhinjo? Razi\u0161\u010dite tudi <a href=\"https:\/\/latiendadesami.com\/\" rel=\"noopener noreferrer nofollow\" target=\"_blank\">druge vrhunske izdelke v na\u0161i trgovini<\/a>. <\/strong><\/p>\n","protected":false},"excerpt":{"rendered":"<p>Prekajeni norve\u0161ki losos - Port Faroe - 600 g Zdaj lahko u\u017eivate v sve\u017eini in kakovosti vrhunskega lososa. Prekajeni norve\u0161ki losos - Port Faroe zdru\u017euje tradicijo in okus ter je idealen za gurmanske recepte. Izvira iz kristalno \u010distih voda in ima blag in uravnote\u017een okus po dimljenem lososu. Glavne prednosti: Certificirano poreklo: \u010diste in trajnostne [&hellip;]<\/p>\n","protected":false},"featured_media":19789,"template":"","meta":{"_et_pb_use_builder":"","_et_pb_old_content":"","_et_gb_content_width":""},"product_brand":[],"product_cat":[8044],"product_tag":[],"class_list":{"0":"post-19784","1":"product","2":"type-product","3":"status-publish","4":"has-post-thumbnail","6":"product_cat-kategorija-testiranja-sl","8":"first","9":"outofstock","10":"taxable","11":"shipping-taxable","12":"product-type-variable"},"_links":{"self":[{"href":"https:\/\/myspainfood.com\/sl\/wp-json\/wp\/v2\/product\/19784","targetHints":{"allow":["GET"]}}],"collection":[{"href":"https:\/\/myspainfood.com\/sl\/wp-json\/wp\/v2\/product"}],"about":[{"href":"https:\/\/myspainfood.com\/sl\/wp-json\/wp\/v2\/types\/product"}],"wp:featuredmedia":[{"embeddable":true,"href":"https:\/\/myspainfood.com\/sl\/wp-json\/wp\/v2\/media\/19789"}],"wp:attachment":[{"href":"https:\/\/myspainfood.com\/sl\/wp-json\/wp\/v2\/media?parent=19784"}],"wp:term":[{"taxonomy":"product_brand","embeddable":true,"href":"https:\/\/myspainfood.com\/sl\/wp-json\/wp\/v2\/product_brand?post=19784"},{"taxonomy":"product_cat","embeddable":true,"href":"https:\/\/myspainfood.com\/sl\/wp-json\/wp\/v2\/product_cat?post=19784"},{"taxonomy":"product_tag","embeddable":true,"href":"https:\/\/myspainfood.com\/sl\/wp-json\/wp\/v2\/product_tag?post=19784"}],"curies":[{"name":"wp","href":"https:\/\/api.w.org\/{rel}","templated":true}]}}