{"id":19883,"date":"2025-04-10T12:16:17","date_gmt":"2025-04-10T10:16:17","guid":{"rendered":"https:\/\/myspainfood.com\/producto\/polsuseni-sir-san-isidro-3-kg-priblizno\/"},"modified":"2026-01-30T14:34:25","modified_gmt":"2026-01-30T13:34:25","slug":"polsuseni-sir-san-isidro-3-kg-priblizno","status":"publish","type":"product","link":"https:\/\/myspainfood.com\/sl\/producto\/polsuseni-sir-san-isidro-3-kg-priblizno\/","title":{"rendered":"Polzrnate sire San Isidro - 3 kg (pribli\u017eno)"},"content":{"rendered":"<h3><strong>San Isidro polpredelani sir - 3 kg<\/strong><\/h3>\n<p><strong>San Isidro poltrdi sir<\/strong> 3,4 kg je idealna izbira za ljubitelje tradicionalnega sira. Zaradi uravnote\u017eenega zorenja, kremaste teksture in blagega okusa z intenzivnimi poudarki je odli\u010den za vsako prilo\u017enost. <\/p>\n<h4><strong>Glavne zna\u010dilnosti:<\/strong><\/h4>\n<ul>\n<li><strong>Idealna te\u017ea<\/strong>: 3,4 kg, zasnovana za deljenje ali u\u017eivanje na ve\u010djih dogodkih.<\/li>\n<li><strong>Obrtna proizvodnja<\/strong>: spo\u0161tovanje lokalnih tradicij pridelave sira.<\/li>\n<li><strong>Edinstven okus<\/strong>: blagi mle\u010dni odtenki s to\u010dko zrelosti, ki ga odlikuje.<\/li>\n<\/ul>\n<p>Postrezite ga z <a href=\"https:\/\/latiendadesami.com\/categoria-producto\/queso-embutido\/\" rel=\"noopener noreferrer nofollow\" target=\"_blank\">na\u0161imi iberskimi suhimi mesninami<\/a> za popolno desko s sirom.<\/p>\n","protected":false},"excerpt":{"rendered":"<p>San Isidro polpredelani sir - 3 kg San Isidro poltrdi sir 3,4 kg je idealna izbira za ljubitelje tradicionalnega sira. Zaradi uravnote\u017eenega zorenja, kremaste teksture in blagega okusa z intenzivnimi poudarki je odli\u010den za vsako prilo\u017enost. Glavne zna\u010dilnosti: Idealna te\u017ea: 3,4 kg, zasnovana za deljenje ali u\u017eivanje na ve\u010djih dogodkih. Obrtna proizvodnja: spo\u0161tovanje lokalnih tradicij [&hellip;]<\/p>\n","protected":false},"featured_media":19891,"template":"","meta":{"_et_pb_use_builder":"","_et_pb_old_content":"","_et_gb_content_width":""},"product_brand":[],"product_cat":[2258,5725],"product_tag":[],"class_list":{"0":"post-19883","1":"product","2":"type-product","3":"status-publish","4":"has-post-thumbnail","6":"product_cat-sir-in-klobasa","7":"product_cat-zdravljenje-sl","9":"first","10":"instock","11":"taxable","12":"shipping-taxable","13":"purchasable","14":"product-type-variable"},"_links":{"self":[{"href":"https:\/\/myspainfood.com\/sl\/wp-json\/wp\/v2\/product\/19883","targetHints":{"allow":["GET"]}}],"collection":[{"href":"https:\/\/myspainfood.com\/sl\/wp-json\/wp\/v2\/product"}],"about":[{"href":"https:\/\/myspainfood.com\/sl\/wp-json\/wp\/v2\/types\/product"}],"wp:featuredmedia":[{"embeddable":true,"href":"https:\/\/myspainfood.com\/sl\/wp-json\/wp\/v2\/media\/19891"}],"wp:attachment":[{"href":"https:\/\/myspainfood.com\/sl\/wp-json\/wp\/v2\/media?parent=19883"}],"wp:term":[{"taxonomy":"product_brand","embeddable":true,"href":"https:\/\/myspainfood.com\/sl\/wp-json\/wp\/v2\/product_brand?post=19883"},{"taxonomy":"product_cat","embeddable":true,"href":"https:\/\/myspainfood.com\/sl\/wp-json\/wp\/v2\/product_cat?post=19883"},{"taxonomy":"product_tag","embeddable":true,"href":"https:\/\/myspainfood.com\/sl\/wp-json\/wp\/v2\/product_tag?post=19883"}],"curies":[{"name":"wp","href":"https:\/\/api.w.org\/{rel}","templated":true}]}}