{"id":19991,"date":"2025-04-10T12:16:17","date_gmt":"2025-04-10T10:16:17","guid":{"rendered":"https:\/\/myspainfood.com\/producto\/surovo-ovcje-mleko-flor-esgueva-1-kg\/"},"modified":"2026-01-30T14:35:32","modified_gmt":"2026-01-30T13:35:32","slug":"surovo-ovcje-mleko-flor-esgueva-1-kg","status":"publish","type":"product","link":"https:\/\/myspainfood.com\/sl\/producto\/surovo-ovcje-mleko-flor-esgueva-1-kg\/","title":{"rendered":"Surovo ov\u010dje mleko - Flor Esgueva - 1 kg"},"content":{"rendered":"<h3><strong>Surovi ov\u010dji sir - Flor Esgueva - 1 kg<\/strong><\/h3>\n<p><strong>Surovi ov\u010dji sir Flor Esgueva<\/strong> je merilo med \u0161panskimi obrtni\u0161kimi siri. Izdelan je iz surovega mleka izbranih ovc, odlikujejo pa ga \u010dvrsta tekstura, intenzivna aroma in okus, ki zdru\u017euje mle\u010dne note s popolnim pridihom zrelosti. <\/p>\n<h4><strong>Zakaj izbrati Flor Esgueva<\/strong><\/h4>\n<ul>\n<li><strong>Surovo ov\u010dje mleko<\/strong>: pristen okus in nedotaknjene naravne lastnosti.<\/li>\n<li><strong>Tradicionalno zorenje<\/strong>: Okrepljeno v kleteh za edinstven aromati\u010dni profil.<\/li>\n<li><strong>Idealna velikost<\/strong>: kot nala\u0161\u010d za deljenje ali u\u017eivanje v razli\u010dnih receptih.<\/li>\n<\/ul>\n","protected":false},"excerpt":{"rendered":"<p>Surovi ov\u010dji sir - Flor Esgueva - 1 kg Surovi ov\u010dji sir Flor Esgueva je merilo med \u0161panskimi obrtni\u0161kimi siri. Izdelan je iz surovega mleka izbranih ovc, odlikujejo pa ga \u010dvrsta tekstura, intenzivna aroma in okus, ki zdru\u017euje mle\u010dne note s popolnim pridihom zrelosti. Zakaj izbrati Flor Esgueva Surovo ov\u010dje mleko: pristen okus in nedotaknjene [&hellip;]<\/p>\n","protected":false},"featured_media":19994,"template":"","meta":{"_et_pb_use_builder":"","_et_pb_old_content":"","_et_gb_content_width":""},"product_brand":[],"product_cat":[2258],"product_tag":[],"class_list":{"0":"post-19991","1":"product","2":"type-product","3":"status-publish","4":"has-post-thumbnail","6":"product_cat-sir-in-klobasa","8":"first","9":"outofstock","10":"taxable","11":"shipping-taxable","12":"product-type-variable"},"_links":{"self":[{"href":"https:\/\/myspainfood.com\/sl\/wp-json\/wp\/v2\/product\/19991","targetHints":{"allow":["GET"]}}],"collection":[{"href":"https:\/\/myspainfood.com\/sl\/wp-json\/wp\/v2\/product"}],"about":[{"href":"https:\/\/myspainfood.com\/sl\/wp-json\/wp\/v2\/types\/product"}],"wp:featuredmedia":[{"embeddable":true,"href":"https:\/\/myspainfood.com\/sl\/wp-json\/wp\/v2\/media\/19994"}],"wp:attachment":[{"href":"https:\/\/myspainfood.com\/sl\/wp-json\/wp\/v2\/media?parent=19991"}],"wp:term":[{"taxonomy":"product_brand","embeddable":true,"href":"https:\/\/myspainfood.com\/sl\/wp-json\/wp\/v2\/product_brand?post=19991"},{"taxonomy":"product_cat","embeddable":true,"href":"https:\/\/myspainfood.com\/sl\/wp-json\/wp\/v2\/product_cat?post=19991"},{"taxonomy":"product_tag","embeddable":true,"href":"https:\/\/myspainfood.com\/sl\/wp-json\/wp\/v2\/product_tag?post=19991"}],"curies":[{"name":"wp","href":"https:\/\/api.w.org\/{rel}","templated":true}]}}