{"id":20036,"date":"2025-04-10T12:16:18","date_gmt":"2025-04-10T10:16:18","guid":{"rendered":"https:\/\/myspainfood.com\/producto\/sardine-v-soncnicnem-olju-rias-baixas-855-g\/"},"modified":"2026-01-30T14:36:31","modified_gmt":"2026-01-30T13:36:31","slug":"sardine-v-soncnicnem-olju-rias-baixas-855-g","status":"publish","type":"product","link":"https:\/\/myspainfood.com\/sl\/producto\/sardine-v-soncnicnem-olju-rias-baixas-855-g\/","title":{"rendered":"Sardine v son\u010dni\u010dnem olju - Rias Baixas - 855 g"},"content":{"rendered":"<h3><strong>Sardine v son\u010dni\u010dnem olju - R\u00edas Baixas - 855 g<\/strong><\/h3>\n<p><strong>Sardine v son\u010dni\u010dnem olju iz regije R\u00edas Baixas<\/strong> so skrbno izbrane in pakirane, da se ohranita njihova sve\u017eina in naravni okus, tako da lahko u\u017eivate v vsem njihovem okusu. Idealne so za solate, predjedi ali tradicionalne recepte, odlikujejo pa jih ne\u017ena tekstura in izvrsten okus v ustih. <\/p>\n<p>Ne odla\u0161ajte in si privo\u0161\u010dite najbolj\u0161e sardine. Odkrijte na\u0161 izbor <a href=\"https:\/\/latiendadesami.com\/categoria-producto\/conservas\/\" target=\"_blank\" rel=\"noopener noreferrer nofollow\"><b>konzervirane hrane<\/b> <\/a>  <\/p>\n<h4><strong>Zakaj jih izbrati<\/strong><\/h4>\n<ul>\n<li><strong>Zagotovljeno poreklo!<\/strong>  Ujete v \u010distih in bogatih vodah Atlantika, v Galicijski regiji R\u00edas Baixas.<\/li>\n<li><strong>Vrhunsko son\u010dni\u010dno olje, ki daje<\/strong>okusu gladkost in ravnovesje.<\/li>\n<li><strong>Format<\/strong>: 855 g plo\u010devinka, idealna za dru\u017eine ali posebne dogodke.<\/li>\n<\/ul>\n","protected":false},"excerpt":{"rendered":"<p>Sardine v son\u010dni\u010dnem olju - R\u00edas Baixas - 855 g Sardine v son\u010dni\u010dnem olju iz regije R\u00edas Baixas so skrbno izbrane in pakirane, da se ohranita njihova sve\u017eina in naravni okus, tako da lahko u\u017eivate v vsem njihovem okusu. Idealne so za solate, predjedi ali tradicionalne recepte, odlikujejo pa jih ne\u017ena tekstura in izvrsten okus [&hellip;]<\/p>\n","protected":false},"featured_media":20042,"template":"","meta":{"_et_pb_use_builder":"","_et_pb_old_content":"","_et_gb_content_width":""},"product_brand":[],"product_cat":[1983],"product_tag":[],"class_list":{"0":"post-20036","1":"product","2":"type-product","3":"status-publish","4":"has-post-thumbnail","6":"product_cat-ohranja","8":"first","9":"outofstock","10":"taxable","11":"shipping-taxable","12":"product-type-variable"},"_links":{"self":[{"href":"https:\/\/myspainfood.com\/sl\/wp-json\/wp\/v2\/product\/20036","targetHints":{"allow":["GET"]}}],"collection":[{"href":"https:\/\/myspainfood.com\/sl\/wp-json\/wp\/v2\/product"}],"about":[{"href":"https:\/\/myspainfood.com\/sl\/wp-json\/wp\/v2\/types\/product"}],"wp:featuredmedia":[{"embeddable":true,"href":"https:\/\/myspainfood.com\/sl\/wp-json\/wp\/v2\/media\/20042"}],"wp:attachment":[{"href":"https:\/\/myspainfood.com\/sl\/wp-json\/wp\/v2\/media?parent=20036"}],"wp:term":[{"taxonomy":"product_brand","embeddable":true,"href":"https:\/\/myspainfood.com\/sl\/wp-json\/wp\/v2\/product_brand?post=20036"},{"taxonomy":"product_cat","embeddable":true,"href":"https:\/\/myspainfood.com\/sl\/wp-json\/wp\/v2\/product_cat?post=20036"},{"taxonomy":"product_tag","embeddable":true,"href":"https:\/\/myspainfood.com\/sl\/wp-json\/wp\/v2\/product_tag?post=20036"}],"curies":[{"name":"wp","href":"https:\/\/api.w.org\/{rel}","templated":true}]}}