{"id":20596,"date":"2025-04-10T12:11:04","date_gmt":"2025-04-10T10:11:04","guid":{"rendered":"https:\/\/myspainfood.com\/producto\/svinjska-ledja-iberske-pasme-fili-500-gramov-pribl\/"},"modified":"2025-06-24T13:17:50","modified_gmt":"2025-06-24T11:17:50","slug":"svinjska-ledja-iberske-pasme-fili-500-gramov-pribl","status":"publish","type":"product","link":"https:\/\/myspainfood.com\/sl\/producto\/svinjska-ledja-iberske-pasme-fili-500-gramov-pribl\/","title":{"rendered":"Svinjska ledja iberske pasme FILI 500 gramov pribl."},"content":{"rendered":"<p>Tradicionalni izdelek najvi\u0161je kakovosti, narejen iz izbranega najbolj\u0161ega iberskega pustega mesa, pripravljenega z naravnimi za\u010dimbami.<\/p>\n","protected":false},"excerpt":{"rendered":"<p>Tradicionalni izdelek najvi\u0161je kakovosti, narejen iz izbranega najbolj\u0161ega iberskega pustega mesa, pripravljenega z naravnimi za\u010dimbami.<\/p>\n","protected":false},"featured_media":20598,"template":"","meta":{"_et_pb_use_builder":"","_et_pb_old_content":"","_et_gb_content_width":""},"product_brand":[],"product_cat":[1813,2259,2258],"product_tag":[],"class_list":{"0":"post-20596","1":"product","2":"type-product","3":"status-publish","4":"has-post-thumbnail","6":"product_cat-hladno","7":"product_cat-klobase","8":"product_cat-sir-in-klobasa","9":"product_shipping_class-hladna-posiljka","11":"first","12":"outofstock","13":"taxable","14":"shipping-taxable","15":"purchasable","16":"product-type-simple"},"_links":{"self":[{"href":"https:\/\/myspainfood.com\/sl\/wp-json\/wp\/v2\/product\/20596","targetHints":{"allow":["GET"]}}],"collection":[{"href":"https:\/\/myspainfood.com\/sl\/wp-json\/wp\/v2\/product"}],"about":[{"href":"https:\/\/myspainfood.com\/sl\/wp-json\/wp\/v2\/types\/product"}],"wp:featuredmedia":[{"embeddable":true,"href":"https:\/\/myspainfood.com\/sl\/wp-json\/wp\/v2\/media\/20598"}],"wp:attachment":[{"href":"https:\/\/myspainfood.com\/sl\/wp-json\/wp\/v2\/media?parent=20596"}],"wp:term":[{"taxonomy":"product_brand","embeddable":true,"href":"https:\/\/myspainfood.com\/sl\/wp-json\/wp\/v2\/product_brand?post=20596"},{"taxonomy":"product_cat","embeddable":true,"href":"https:\/\/myspainfood.com\/sl\/wp-json\/wp\/v2\/product_cat?post=20596"},{"taxonomy":"product_tag","embeddable":true,"href":"https:\/\/myspainfood.com\/sl\/wp-json\/wp\/v2\/product_tag?post=20596"}],"curies":[{"name":"wp","href":"https:\/\/api.w.org\/{rel}","templated":true}]}}