{"id":21074,"date":"2025-04-10T12:10:26","date_gmt":"2025-04-10T10:10:26","guid":{"rendered":"https:\/\/myspainfood.com\/producto\/bocaditos-bacalao-salados\/"},"modified":"2025-06-24T13:14:53","modified_gmt":"2025-06-24T11:14:53","slug":"bocaditos-bacalao-salados","status":"publish","type":"product","link":"https:\/\/myspainfood.com\/sl\/producto\/bocaditos-bacalao-salados\/","title":{"rendered":"Bocaditos Bacalao Salados"},"content":{"rendered":"<p style=\"text-align: left\">&#8220;Trska je skupno ime za ve\u010d vrst rib iz rodu Gadus, \u010deprav imajo nekatere vrste iz istega rodu lahko druga imena. Najpogostej\u0161a vrsta je atlantska trska<strong>(Gadus morhua<\/strong> ali navadna trska). Je ena najbolj znanih rib na svetu in je cenjena zaradi odli\u010dnega okusa.  <\/p>\n<h6 style=\"text-align: left\"><u>HRANILNA VREDNOST<\/u><\/h6>\n<p>S prehranskega vidika je trska hrana, bogata z beljakovinami z visoko biolo\u0161ko vrednostjo in prebavljivostjo, z nizko vsebnostjo ma\u0161\u010dob in kalorij. Vsebuje pribli\u017eno 80 % vode (v sve\u017ei trski) in je dober vir vitaminov (predvsem skupine B) in mineralnih soli, ki so nujno potrebni za telo. Sve\u017eo ali razsoljeno trsko lahko u\u017eivajo ljudje z visokim krvnim tlakom, saj vsebuje malo natrija in veliko kalija.  <\/p>\n","protected":false},"excerpt":{"rendered":"<p>&#8220;Trska je skupno ime za ve\u010d vrst rib iz rodu Gadus, \u010deprav imajo nekatere vrste iz istega rodu lahko druga imena. Najpogostej\u0161a vrsta je atlantska trska(Gadus morhua ali navadna trska). Je ena najbolj znanih rib na svetu in je cenjena zaradi odli\u010dnega okusa. HRANILNA VREDNOST S prehranskega vidika je trska hrana, bogata z beljakovinami z [&hellip;]<\/p>\n","protected":false},"featured_media":21079,"template":"","meta":{"_et_pb_use_builder":"","_et_pb_old_content":"","_et_gb_content_width":""},"product_brand":[1290],"product_cat":[1813,3546],"product_tag":[],"class_list":{"0":"post-21074","1":"product","2":"type-product","3":"status-publish","4":"has-post-thumbnail","6":"product_brand-la-barajilla","7":"product_cat-hladno","8":"product_cat-trska","9":"product_shipping_class-hladna-posiljka","11":"first","12":"outofstock","13":"taxable","14":"shipping-taxable","15":"purchasable","16":"product-type-simple"},"_links":{"self":[{"href":"https:\/\/myspainfood.com\/sl\/wp-json\/wp\/v2\/product\/21074","targetHints":{"allow":["GET"]}}],"collection":[{"href":"https:\/\/myspainfood.com\/sl\/wp-json\/wp\/v2\/product"}],"about":[{"href":"https:\/\/myspainfood.com\/sl\/wp-json\/wp\/v2\/types\/product"}],"wp:featuredmedia":[{"embeddable":true,"href":"https:\/\/myspainfood.com\/sl\/wp-json\/wp\/v2\/media\/21079"}],"wp:attachment":[{"href":"https:\/\/myspainfood.com\/sl\/wp-json\/wp\/v2\/media?parent=21074"}],"wp:term":[{"taxonomy":"product_brand","embeddable":true,"href":"https:\/\/myspainfood.com\/sl\/wp-json\/wp\/v2\/product_brand?post=21074"},{"taxonomy":"product_cat","embeddable":true,"href":"https:\/\/myspainfood.com\/sl\/wp-json\/wp\/v2\/product_cat?post=21074"},{"taxonomy":"product_tag","embeddable":true,"href":"https:\/\/myspainfood.com\/sl\/wp-json\/wp\/v2\/product_tag?post=21074"}],"curies":[{"name":"wp","href":"https:\/\/api.w.org\/{rel}","templated":true}]}}