{"id":21303,"date":"2025-04-10T12:10:23","date_gmt":"2025-04-10T10:10:23","guid":{"rendered":"https:\/\/myspainfood.com\/producto\/solata-iz-paprike-piquillo-15-kg\/"},"modified":"2025-04-10T12:10:23","modified_gmt":"2025-04-10T10:10:23","slug":"solata-iz-paprike-piquillo-15-kg","status":"publish","type":"product","link":"https:\/\/myspainfood.com\/sl\/producto\/solata-iz-paprike-piquillo-15-kg\/","title":{"rendered":"Solata iz paprike piquillo 1,5 kg"},"content":{"rendered":"<p><a href=\"https:\/\/www.alsurvegetales.com\/producto\/id\/35\/pimiento-del-piquillo\" target=\"_blank\" rel=\"noopener noreferrer nofollow\">Alsurjeva<\/a> solata s papriko piquillo je pripravljena iz sladke paprike v plo\u010devinki.<\/p>\n<p>Paprika je znana po svoji visoki kakovosti in posebnem okusu s pridihom pikantnosti.<\/p>\n<p>Odlikujejo jih tudi intenzivna rde\u010da barva, edinstvena tekstura, velikost in posebna podolgovata trikotna oblika.<\/p>\n<p>Sestavine: Paprika piquillo, \u010debula, voda, sladkor, sol, kis in citronska kislina.<\/p>\n<p>Neto te\u017ea lonca je 410 gramov.<\/p>\n<p>Shranjujte v hladnem in suhem prostoru. Po odprtju prenesite v nekovinsko posodo, shranite v hladilniku in porabite v 7 dneh. <\/p>\n<p>Alsur je dru\u017einsko podjetje, v katerem je bistvo hrane glavni junak.<\/p>\n<h4>Glavne prednosti hrane v plo\u010devinkah<\/h4>\n<ol>\n<li>Ohranijo vse hranilne lastnosti hrane. \u017divila ohranijo svojo sve\u017eino. <\/li>\n<li>Uporabljena \u017eivila so zdrava in zaradi visoke vsebnosti vitaminov in beljakovin primerna za optimalno prehrano.<\/li>\n<li>Ti izdelki imajo dalj\u0161o \u017eivljenjsko dobo (obi\u010dajno 2-5 let).<\/li>\n<li>Konzerve je zelo enostavno shranjevati, saj je njihova embala\u017ea enostavna za uporabo.<\/li>\n<\/ol>\n<p>\u010ce \u017eelite kupiti solato s papriko in tuno ali katero koli drugo vrsto <a href=\"https:\/\/latiendadesami.com\/categoria-producto\/conservas\/\" rel=\"noopener noreferrer nofollow\" target=\"_blank\">konzervirane hrane<\/a>, si oglejte na\u0161 spletni katalog, da si ogledate \u0161iroko paleto <a href=\"https:\/\/latiendadesami.com\/categoria-producto\/conservas\/atun-y-bonito\/\" target=\"_blank\" rel=\"noopener noreferrer nofollow\">tuna<\/a>, ki jo imamo na voljo.<\/p>\n<p>Za ve\u010d informacij nam pi\u0161ite.<\/p>\n","protected":false},"excerpt":{"rendered":"<p>Alsurjeva solata s papriko piquillo je pripravljena iz sladke paprike v plo\u010devinki. Paprika je znana po svoji visoki kakovosti in posebnem okusu s pridihom pikantnosti. Odlikujejo jih tudi intenzivna rde\u010da barva, edinstvena tekstura, velikost in posebna podolgovata trikotna oblika. Sestavine: Paprika piquillo, \u010debula, voda, sladkor, sol, kis in citronska kislina. Neto te\u017ea lonca je 410 [&hellip;]<\/p>\n","protected":false},"featured_media":21305,"template":"","meta":{"_et_pb_use_builder":"","_et_pb_old_content":"","_et_gb_content_width":""},"product_brand":[1196],"product_cat":[1983,2323,3717],"product_tag":[],"class_list":{"0":"post-21303","1":"product","2":"type-product","3":"status-publish","4":"has-post-thumbnail","6":"product_brand-alsur","7":"product_cat-ohranja","8":"product_cat-paprike","9":"product_cat-zelenjava","11":"first","12":"outofstock","13":"taxable","14":"shipping-taxable","15":"purchasable","16":"product-type-simple"},"_links":{"self":[{"href":"https:\/\/myspainfood.com\/sl\/wp-json\/wp\/v2\/product\/21303","targetHints":{"allow":["GET"]}}],"collection":[{"href":"https:\/\/myspainfood.com\/sl\/wp-json\/wp\/v2\/product"}],"about":[{"href":"https:\/\/myspainfood.com\/sl\/wp-json\/wp\/v2\/types\/product"}],"wp:featuredmedia":[{"embeddable":true,"href":"https:\/\/myspainfood.com\/sl\/wp-json\/wp\/v2\/media\/21305"}],"wp:attachment":[{"href":"https:\/\/myspainfood.com\/sl\/wp-json\/wp\/v2\/media?parent=21303"}],"wp:term":[{"taxonomy":"product_brand","embeddable":true,"href":"https:\/\/myspainfood.com\/sl\/wp-json\/wp\/v2\/product_brand?post=21303"},{"taxonomy":"product_cat","embeddable":true,"href":"https:\/\/myspainfood.com\/sl\/wp-json\/wp\/v2\/product_cat?post=21303"},{"taxonomy":"product_tag","embeddable":true,"href":"https:\/\/myspainfood.com\/sl\/wp-json\/wp\/v2\/product_tag?post=21303"}],"curies":[{"name":"wp","href":"https:\/\/api.w.org\/{rel}","templated":true}]}}