{"id":21475,"date":"2025-04-10T12:10:29","date_gmt":"2025-04-10T10:10:29","guid":{"rendered":"https:\/\/myspainfood.com\/producto\/kosi-trebuha-tune-areoso-120gr-250-enot\/"},"modified":"2025-04-10T12:10:29","modified_gmt":"2025-04-10T10:10:29","slug":"kosi-trebuha-tune-areoso-120gr-250-enot","status":"publish","type":"product","link":"https:\/\/myspainfood.com\/sl\/producto\/kosi-trebuha-tune-areoso-120gr-250-enot\/","title":{"rendered":"Kosi trebuha tune Areoso 120gr 250 enot"},"content":{"rendered":"<p>Specifikacije: trebuh rumenoplavutega tuna (Thunnus albacares) v son\u010dni\u010dnem olju.<\/p>\n<p>Sestavine: 65,2 %, son\u010dni\u010dno olje 34,8 %, sol, sol.<\/p>\n<p>Proizvodni proces: trebu\u0161ni del rumenoplavutega tuna je eden najbolj cenjenih zaradi odli\u010dnega okusa in gladke strukture. Ko\u0161\u010dki trebu\u0161nega dela tuna prispejo v tovarno, kjer se obdelajo na povsem tradicionalen na\u010din. Po kuhanju se o\u010distijo in ro\u010dno razdelijo na tanke rezine enakomerne velikosti. Pakirajo se v plo\u010devinke, ki jih prekrije olj\u010dno olje, ki nedvomno poudari polni okus tega cenjenega proizvoda. Konzerve se nato zaprejo in sterilizirajo, kar je strogo nadzorovan postopek, ki zagotavlja kakovost in dolgoletno ohranjanje proizvoda brez dodajanja umetnih konzervansov.    <\/p>\n<p>Za ve\u010d informacij nam pi\u0161ite.<\/p>\n","protected":false},"excerpt":{"rendered":"<p>Specifikacije: trebuh rumenoplavutega tuna (Thunnus albacares) v son\u010dni\u010dnem olju. Sestavine: 65,2 %, son\u010dni\u010dno olje 34,8 %, sol, sol. Proizvodni proces: trebu\u0161ni del rumenoplavutega tuna je eden najbolj cenjenih zaradi odli\u010dnega okusa in gladke strukture. Ko\u0161\u010dki trebu\u0161nega dela tuna prispejo v tovarno, kjer se obdelajo na povsem tradicionalen na\u010din. Po kuhanju se o\u010distijo in ro\u010dno razdelijo [&hellip;]<\/p>\n","protected":false},"featured_media":21480,"template":"","meta":{"_et_pb_use_builder":"","_et_pb_old_content":"","_et_gb_content_width":""},"product_brand":[1358],"product_cat":[3261,2852],"product_tag":[],"class_list":{"0":"post-21475","1":"product","2":"type-product","3":"status-publish","4":"has-post-thumbnail","6":"product_brand-areoso","7":"product_cat-ohranja-sl-2","8":"product_cat-trgovina-na-debelo","10":"first","11":"outofstock","12":"taxable","13":"shipping-taxable","14":"product-type-variable"},"_links":{"self":[{"href":"https:\/\/myspainfood.com\/sl\/wp-json\/wp\/v2\/product\/21475","targetHints":{"allow":["GET"]}}],"collection":[{"href":"https:\/\/myspainfood.com\/sl\/wp-json\/wp\/v2\/product"}],"about":[{"href":"https:\/\/myspainfood.com\/sl\/wp-json\/wp\/v2\/types\/product"}],"wp:featuredmedia":[{"embeddable":true,"href":"https:\/\/myspainfood.com\/sl\/wp-json\/wp\/v2\/media\/21480"}],"wp:attachment":[{"href":"https:\/\/myspainfood.com\/sl\/wp-json\/wp\/v2\/media?parent=21475"}],"wp:term":[{"taxonomy":"product_brand","embeddable":true,"href":"https:\/\/myspainfood.com\/sl\/wp-json\/wp\/v2\/product_brand?post=21475"},{"taxonomy":"product_cat","embeddable":true,"href":"https:\/\/myspainfood.com\/sl\/wp-json\/wp\/v2\/product_cat?post=21475"},{"taxonomy":"product_tag","embeddable":true,"href":"https:\/\/myspainfood.com\/sl\/wp-json\/wp\/v2\/product_tag?post=21475"}],"curies":[{"name":"wp","href":"https:\/\/api.w.org\/{rel}","templated":true}]}}