{"id":21512,"date":"2025-04-10T12:10:34","date_gmt":"2025-04-10T10:10:34","guid":{"rendered":"https:\/\/myspainfood.com\/producto\/iberski-chorizo-extra-fili-500-gramov-salamanca\/"},"modified":"2026-01-29T11:14:53","modified_gmt":"2026-01-29T10:14:53","slug":"iberski-chorizo-extra-fili-500-gramov-salamanca","status":"publish","type":"product","link":"https:\/\/myspainfood.com\/sl\/producto\/iberski-chorizo-extra-fili-500-gramov-salamanca\/","title":{"rendered":"Iberski Chorizo Extra Fili 500 gramov Salamanca"},"content":{"rendered":"<p>Tradicionalni izdelek najvi\u0161je kakovosti, narejen iz izbranega najbolj\u0161ega iberskega pustega mesa, paprike, \u010desna &#8230;<\/p>\n<p>Predstavitev: naravno svinjsko \u010drevo, vakuumsko pakirano v cele kose ali polovice.<\/p>\n","protected":false},"excerpt":{"rendered":"<p>Tradicionalni izdelek najvi\u0161je kakovosti, narejen iz izbranega najbolj\u0161ega iberskega pustega mesa, paprike, \u010desna &#8230; Predstavitev: naravno svinjsko \u010drevo, vakuumsko pakirano v cele kose ali polovice.<\/p>\n","protected":false},"featured_media":21516,"template":"","meta":{"_et_pb_use_builder":"","_et_pb_old_content":"","_et_gb_content_width":""},"product_brand":[1388],"product_cat":[1813,2259,2258],"product_tag":[],"class_list":{"0":"post-21512","1":"product","2":"type-product","3":"status-publish","4":"has-post-thumbnail","6":"product_brand-fili","7":"product_cat-hladno","8":"product_cat-klobase","9":"product_cat-sir-in-klobasa","10":"product_shipping_class-hladna-posiljka","12":"first","13":"instock","14":"featured","15":"taxable","16":"shipping-taxable","17":"purchasable","18":"product-type-variable"},"_links":{"self":[{"href":"https:\/\/myspainfood.com\/sl\/wp-json\/wp\/v2\/product\/21512","targetHints":{"allow":["GET"]}}],"collection":[{"href":"https:\/\/myspainfood.com\/sl\/wp-json\/wp\/v2\/product"}],"about":[{"href":"https:\/\/myspainfood.com\/sl\/wp-json\/wp\/v2\/types\/product"}],"wp:featuredmedia":[{"embeddable":true,"href":"https:\/\/myspainfood.com\/sl\/wp-json\/wp\/v2\/media\/21516"}],"wp:attachment":[{"href":"https:\/\/myspainfood.com\/sl\/wp-json\/wp\/v2\/media?parent=21512"}],"wp:term":[{"taxonomy":"product_brand","embeddable":true,"href":"https:\/\/myspainfood.com\/sl\/wp-json\/wp\/v2\/product_brand?post=21512"},{"taxonomy":"product_cat","embeddable":true,"href":"https:\/\/myspainfood.com\/sl\/wp-json\/wp\/v2\/product_cat?post=21512"},{"taxonomy":"product_tag","embeddable":true,"href":"https:\/\/myspainfood.com\/sl\/wp-json\/wp\/v2\/product_tag?post=21512"}],"curies":[{"name":"wp","href":"https:\/\/api.w.org\/{rel}","templated":true}]}}