{"id":21708,"date":"2025-04-10T12:10:34","date_gmt":"2025-04-10T10:10:34","guid":{"rendered":"https:\/\/myspainfood.com\/producto\/sardinilla-25-35-areoso-v-oljcnem-olju-120gr\/"},"modified":"2025-04-10T12:10:34","modified_gmt":"2025-04-10T10:10:34","slug":"sardinilla-25-35-areoso-v-oljcnem-olju-120gr","status":"publish","type":"product","link":"https:\/\/myspainfood.com\/sl\/producto\/sardinilla-25-35-areoso-v-oljcnem-olju-120gr\/","title":{"rendered":"Sardinilla 25\/35 Areoso v olj\u010dnem olju 120gr"},"content":{"rendered":"<p>Izdelek: Sardine v olj\u010dnem olju 25\/35 kosov<\/p>\n<p>Specifikacije: (Sardina pilchardus) iz galicijskih rias, homogene velikosti, v olj\u010dnem olju. Ro\u010dno izbrane v vsaki plo\u010devinki. <\/p>\n<p>Sestavine: Sestavine: sardine 73 %, olj\u010dno olje 27 % in sol.<\/p>\n<p>Proizvodni proces: Sardine so kljub temu, da so ribe, zahteven proizvod, katerih proizvodnja je precej delovno intenzivna. Ob prihodu v tovarno se sardine previdno odstranijo z glave in se izkopljejo, da se ne zlomijo in ne pokvarijo videza. Nato se sardine polo\u017eijo na re\u0161etke, prehajajo in potopijo v slanico (voda in sol), da dobijo okus in \u010dvrstost. Nato se tradicionalno spe\u010dejo in ro\u010dno zapakirajo v posamezne plo\u010devinke. Po prelitju z olj\u010dnim oljem se plo\u010devinke zaprejo in sterilizirajo, kar je strogo nadzorovan postopek, ki zagotavlja dolgoletno ohranjanje in kakovost proizvoda brez uporabe konzervansov ali umetnih dodatkov. Nato so plo\u010devinke pripravljene za skladi\u0161\u010denje in nadaljnjo predelavo.     <\/p>\n","protected":false},"excerpt":{"rendered":"<p>Izdelek: Sardine v olj\u010dnem olju 25\/35 kosov Specifikacije: (Sardina pilchardus) iz galicijskih rias, homogene velikosti, v olj\u010dnem olju. Ro\u010dno izbrane v vsaki plo\u010devinki. Sestavine: Sestavine: sardine 73 %, olj\u010dno olje 27 % in sol. Proizvodni proces: Sardine so kljub temu, da so ribe, zahteven proizvod, katerih proizvodnja je precej delovno intenzivna. Ob prihodu v tovarno [&hellip;]<\/p>\n","protected":false},"featured_media":21718,"template":"","meta":{"_et_pb_use_builder":"","_et_pb_old_content":"","_et_gb_content_width":""},"product_brand":[1358],"product_cat":[1983,3758],"product_tag":[],"class_list":{"0":"post-21708","1":"product","2":"type-product","3":"status-publish","4":"has-post-thumbnail","6":"product_brand-areoso","7":"product_cat-ohranja","8":"product_cat-sardinillas-sl","10":"first","11":"outofstock","12":"taxable","13":"shipping-taxable","14":"product-type-variable"},"_links":{"self":[{"href":"https:\/\/myspainfood.com\/sl\/wp-json\/wp\/v2\/product\/21708","targetHints":{"allow":["GET"]}}],"collection":[{"href":"https:\/\/myspainfood.com\/sl\/wp-json\/wp\/v2\/product"}],"about":[{"href":"https:\/\/myspainfood.com\/sl\/wp-json\/wp\/v2\/types\/product"}],"wp:featuredmedia":[{"embeddable":true,"href":"https:\/\/myspainfood.com\/sl\/wp-json\/wp\/v2\/media\/21718"}],"wp:attachment":[{"href":"https:\/\/myspainfood.com\/sl\/wp-json\/wp\/v2\/media?parent=21708"}],"wp:term":[{"taxonomy":"product_brand","embeddable":true,"href":"https:\/\/myspainfood.com\/sl\/wp-json\/wp\/v2\/product_brand?post=21708"},{"taxonomy":"product_cat","embeddable":true,"href":"https:\/\/myspainfood.com\/sl\/wp-json\/wp\/v2\/product_cat?post=21708"},{"taxonomy":"product_tag","embeddable":true,"href":"https:\/\/myspainfood.com\/sl\/wp-json\/wp\/v2\/product_tag?post=21708"}],"curies":[{"name":"wp","href":"https:\/\/api.w.org\/{rel}","templated":true}]}}