{"id":22900,"date":"2025-04-10T12:05:10","date_gmt":"2025-04-10T10:05:10","guid":{"rendered":"https:\/\/myspainfood.com\/producto\/la-encajera-zacinjeni-celi-jajcevci-800-gr\/"},"modified":"2025-04-10T12:05:10","modified_gmt":"2025-04-10T10:05:10","slug":"la-encajera-zacinjeni-celi-jajcevci-800-gr","status":"publish","type":"product","link":"https:\/\/myspainfood.com\/sl\/producto\/la-encajera-zacinjeni-celi-jajcevci-800-gr\/","title":{"rendered":"La Encajera Za\u010dinjeni celi jaj\u010devci 800 gr"},"content":{"rendered":"<p>Cel jaj\u010devec s prelivom je idealna <a href=\"https:\/\/www.laencajera.es\/berenjenas-de-almagro\" target=\"_blank\" rel=\"noopener noreferrer nofollow\">predjed<\/a>.<\/p>\n<p>Uporablja se tudi kot dodatek k solatam.<\/p>\n<p>Za\u010dinijo se z vodo, vinskim kisom, olj\u010dnim oljem, papriko, soljo, kumino in \u010desnom.<\/p>\n<p>Jaj\u010devci s prelivom iz jaj\u010devcev izvirajo iz Kastilje la Man\u010de v \u0160paniji.<\/p>\n<p>Sestavine: S: jaj\u010devci &#8220;De Almagro&#8221;, voda, sol, vinski kis, naravne za\u010dimbe (\u010desen, kumina, paprika, olj\u010dno olje), oja\u010devalec okusa (E-621), kislina (E-330), konzervansi (E-270, E-211, E-202E-223), antioksidant (E-300) in naravne arome.<\/p>\n<p>Hranite v hladnem in suhem prostoru, na temperaturi med 3\u00baC in 10\u00baC. Hranite stran od son\u010dne svetlobe in mo\u010dnih vonjav. <\/p>\n<p>Po odprtju hranite v hladilniku in porabite v 30 dneh.<\/p>\n<p>\u010ce \u017eelite kupiti olive ali katero koli drugo vrsto <a href=\"https:\/\/latiendadesami.com\/categoria-producto\/encurtidos\/\" rel=\"noopener noreferrer nofollow\" target=\"_blank\">kislih kumaric<\/a>, si oglejte na\u0161 spletni katalog in si oglejte \u0161iroko paleto <a href=\"https:\/\/latiendadesami.com\/categoria-producto\/encurtidos\/berenjenas\/\" target=\"_blank\" rel=\"noopener noreferrer nofollow\">jaj\u010devcev<\/a>, ki jih imamo na voljo.<\/p>\n<p>Blagovna znamka je La Encajonera, dru\u017einsko podjetje, ustanovljeno leta 1990, s sede\u017eem v osr\u010dju La Manche, v mestu ALMAGRO v provinci Ciudad Real.<\/p>\n<p>Postopek proizvodnje njenih izdelkov se za\u010dne na istem obmo\u010dju gojenja, kjer se izbere izdelek najbolj\u0161e kakovosti.<\/p>\n<p>Tovarna je opremljena z najnaprednej\u0161o tehnologijo, hkrati pa ohranja tradicijo in znanje obrtnikov.<\/p>\n","protected":false},"excerpt":{"rendered":"<p>Cel jaj\u010devec s prelivom je idealna predjed. Uporablja se tudi kot dodatek k solatam. Za\u010dinijo se z vodo, vinskim kisom, olj\u010dnim oljem, papriko, soljo, kumino in \u010desnom. Jaj\u010devci s prelivom iz jaj\u010devcev izvirajo iz Kastilje la Man\u010de v \u0160paniji. Sestavine: S: jaj\u010devci &#8220;De Almagro&#8221;, voda, sol, vinski kis, naravne za\u010dimbe (\u010desen, kumina, paprika, olj\u010dno olje), [&hellip;]<\/p>\n","protected":false},"featured_media":22909,"template":"","meta":{"_et_pb_use_builder":"","_et_pb_old_content":"","_et_gb_content_width":""},"product_brand":[1057],"product_cat":[2138,1717],"product_tag":[2139],"class_list":{"0":"post-22900","1":"product","2":"type-product","3":"status-publish","4":"has-post-thumbnail","6":"product_brand-la-encajera","7":"product_cat-jajcevci","8":"product_cat-pickles-sl","9":"product_tag-alinada-sl","11":"first","12":"instock","13":"taxable","14":"shipping-taxable","15":"purchasable","16":"product-type-variable"},"_links":{"self":[{"href":"https:\/\/myspainfood.com\/sl\/wp-json\/wp\/v2\/product\/22900","targetHints":{"allow":["GET"]}}],"collection":[{"href":"https:\/\/myspainfood.com\/sl\/wp-json\/wp\/v2\/product"}],"about":[{"href":"https:\/\/myspainfood.com\/sl\/wp-json\/wp\/v2\/types\/product"}],"wp:featuredmedia":[{"embeddable":true,"href":"https:\/\/myspainfood.com\/sl\/wp-json\/wp\/v2\/media\/22909"}],"wp:attachment":[{"href":"https:\/\/myspainfood.com\/sl\/wp-json\/wp\/v2\/media?parent=22900"}],"wp:term":[{"taxonomy":"product_brand","embeddable":true,"href":"https:\/\/myspainfood.com\/sl\/wp-json\/wp\/v2\/product_brand?post=22900"},{"taxonomy":"product_cat","embeddable":true,"href":"https:\/\/myspainfood.com\/sl\/wp-json\/wp\/v2\/product_cat?post=22900"},{"taxonomy":"product_tag","embeddable":true,"href":"https:\/\/myspainfood.com\/sl\/wp-json\/wp\/v2\/product_tag?post=22900"}],"curies":[{"name":"wp","href":"https:\/\/api.w.org\/{rel}","templated":true}]}}