{"id":23177,"date":"2025-04-10T12:05:54","date_gmt":"2025-04-10T10:05:54","guid":{"rendered":"https:\/\/myspainfood.com\/producto\/sardinillas-oti-925gr\/"},"modified":"2025-04-10T12:05:54","modified_gmt":"2025-04-10T10:05:54","slug":"sardinillas-oti-925gr","status":"publish","type":"product","link":"https:\/\/myspainfood.com\/sl\/producto\/sardinillas-oti-925gr\/","title":{"rendered":"Sardinillas Oti 925gr"},"content":{"rendered":"<p>Conservas Oti izbere najbolj\u0161e sardine, ki jih ro\u010dno razre\u017ee, obre\u017ee in o\u010disti, nato pa jih pe\u010de v pari in pakira v son\u010dni\u010dno olje. Odlikujejo jih privla\u010den srebrnkast videz, kremasta tekstura, intenziven ribji okus in \u010dudovita predstavitev. Zaradi visoke vsebnosti omega 3 pripomorejo k sredozemski prehrani.  <\/p>\n","protected":false},"excerpt":{"rendered":"<p>Conservas Oti izbere najbolj\u0161e sardine, ki jih ro\u010dno razre\u017ee, obre\u017ee in o\u010disti, nato pa jih pe\u010de v pari in pakira v son\u010dni\u010dno olje. Odlikujejo jih privla\u010den srebrnkast videz, kremasta tekstura, intenziven ribji okus in \u010dudovita predstavitev. Zaradi visoke vsebnosti omega 3 pripomorejo k sredozemski prehrani.<\/p>\n","protected":false},"featured_media":23181,"template":"","meta":{"_et_pb_use_builder":"","_et_pb_old_content":"","_et_gb_content_width":""},"product_brand":[1075],"product_cat":[1983,3758],"product_tag":[],"class_list":{"0":"post-23177","1":"product","2":"type-product","3":"status-publish","4":"has-post-thumbnail","6":"product_brand-oti","7":"product_cat-ohranja","8":"product_cat-sardinillas-sl","10":"first","11":"outofstock","12":"taxable","13":"shipping-taxable","14":"purchasable","15":"product-type-variable"},"_links":{"self":[{"href":"https:\/\/myspainfood.com\/sl\/wp-json\/wp\/v2\/product\/23177","targetHints":{"allow":["GET"]}}],"collection":[{"href":"https:\/\/myspainfood.com\/sl\/wp-json\/wp\/v2\/product"}],"about":[{"href":"https:\/\/myspainfood.com\/sl\/wp-json\/wp\/v2\/types\/product"}],"wp:featuredmedia":[{"embeddable":true,"href":"https:\/\/myspainfood.com\/sl\/wp-json\/wp\/v2\/media\/23181"}],"wp:attachment":[{"href":"https:\/\/myspainfood.com\/sl\/wp-json\/wp\/v2\/media?parent=23177"}],"wp:term":[{"taxonomy":"product_brand","embeddable":true,"href":"https:\/\/myspainfood.com\/sl\/wp-json\/wp\/v2\/product_brand?post=23177"},{"taxonomy":"product_cat","embeddable":true,"href":"https:\/\/myspainfood.com\/sl\/wp-json\/wp\/v2\/product_cat?post=23177"},{"taxonomy":"product_tag","embeddable":true,"href":"https:\/\/myspainfood.com\/sl\/wp-json\/wp\/v2\/product_tag?post=23177"}],"curies":[{"name":"wp","href":"https:\/\/api.w.org\/{rel}","templated":true}]}}