{"id":23315,"date":"2025-04-10T12:05:10","date_gmt":"2025-04-10T10:05:10","guid":{"rendered":"https:\/\/myspainfood.com\/producto\/chicon-cesnovi-preliv-900-gr\/"},"modified":"2025-04-10T12:05:10","modified_gmt":"2025-04-10T10:05:10","slug":"chicon-cesnovi-preliv-900-gr","status":"publish","type":"product","link":"https:\/\/myspainfood.com\/sl\/producto\/chicon-cesnovi-preliv-900-gr\/","title":{"rendered":"Chic\u00f3n \u010cesnovi preliv 900 gr"},"content":{"rendered":"<p><strong>\u010cesen<\/strong>, olupljen, predelan in su\u0161en, da se zmeh\u010da njegov naravni okus, hkrati pa se ohranijo njegove prvotne lastnosti.<\/p>\n<p>Za\u010dinjen \u010desen je poslastica za brbon\u010dice, bodisi kot predjed bodisi kot dodatek k najbolj\u0161im jedem.<\/p>\n<h3><strong>Prednosti \u010desnovega <a href=\"https:\/\/aceitunaschiconlebron.com\/catalogo\/ajos-en-aceite\/\" target=\"_blank\" rel=\"noopener noreferrer nofollow\">preliva<\/a><\/strong><\/h3>\n<p>Ali veste, kak\u0161ne so glavne prednosti \u010desna v olju kot ocvirkov? Poleg \u0161tevilnih drugih lastnosti so bogati s probiotiki, krepijo imunski sistem in celo pomagajo pri prebavi. <\/p>\n<p>Kisle kumarice so se iz starodavne tehnike konzerviranja hrane po vsem svetu prelevile v enega najbolj cenjenih tapasov ali predjedi v \u0161panski gastronomiji. Poleg okusnega <strong>\u010desna v olju<\/strong> lahko v na\u0161em spletnem katalogu najdete tudi druge vrste kislih kumaric, kot so kapre, sladke banderille ali pikantne banderille. <\/p>\n<h3><strong>Lastnosti Mariniran \u010desen<\/strong><\/h3>\n<p>Ima <strong>antibioti\u010dne lastnosti<\/strong>. \u010cesnovo olje uni\u010duje \u0161tevilne mikrobe, kot so virusi, bakterije, glivice in paraziti. <\/p>\n<p>Deluje <strong>razstrupljevalno,<\/strong> je vir vitamina C, encimov in mineralov, ki krepijo obrambne sposobnosti in odpornost telesa.<\/p>\n<p><strong>\u010cesen v olju \u0161\u010diti na\u0161e srce<\/strong> pred sr\u010dno-\u017eilnimi te\u017eavami, kot sta sr\u010dni infarkt in ateroskleroza.<\/p>\n<p><strong>Lastnost kislega \u010desna<\/strong> je tudi ta, da zni\u017euje holesterol, saj lahko zmerno zni\u017ea trigliceride in skupni holesterol v krvi, kar lahko zmanj\u0161a arterijske obloge.<\/p>\n<p>Skratka, \u010desen v olju ali <a href=\"https:\/\/latiendadesami.com\/categoria-producto\/encurtidos\/\" target=\"_blank\" rel=\"noopener noreferrer nofollow\">mariniran<\/a> \u010desen ima \u0161tevilne lastnosti in koristi za zdravje ljudi.<\/p>\n","protected":false},"excerpt":{"rendered":"<p>\u010cesen, olupljen, predelan in su\u0161en, da se zmeh\u010da njegov naravni okus, hkrati pa se ohranijo njegove prvotne lastnosti. Za\u010dinjen \u010desen je poslastica za brbon\u010dice, bodisi kot predjed bodisi kot dodatek k najbolj\u0161im jedem. Prednosti \u010desnovega preliva Ali veste, kak\u0161ne so glavne prednosti \u010desna v olju kot ocvirkov? Poleg \u0161tevilnih drugih lastnosti so bogati s probiotiki, [&hellip;]<\/p>\n","protected":false},"featured_media":23325,"template":"","meta":{"_et_pb_use_builder":"","_et_pb_old_content":"","_et_gb_content_width":""},"product_brand":[1036],"product_cat":[4161,1717],"product_tag":[4163,4193],"class_list":{"0":"post-23315","1":"product","2":"type-product","3":"status-publish","4":"has-post-thumbnail","6":"product_brand-chicon","7":"product_cat-cesen","8":"product_cat-pickles-sl","9":"product_tag-cesen","10":"product_tag-zacinjeno-sl","12":"first","13":"instock","14":"taxable","15":"shipping-taxable","16":"purchasable","17":"product-type-variable"},"_links":{"self":[{"href":"https:\/\/myspainfood.com\/sl\/wp-json\/wp\/v2\/product\/23315","targetHints":{"allow":["GET"]}}],"collection":[{"href":"https:\/\/myspainfood.com\/sl\/wp-json\/wp\/v2\/product"}],"about":[{"href":"https:\/\/myspainfood.com\/sl\/wp-json\/wp\/v2\/types\/product"}],"wp:featuredmedia":[{"embeddable":true,"href":"https:\/\/myspainfood.com\/sl\/wp-json\/wp\/v2\/media\/23325"}],"wp:attachment":[{"href":"https:\/\/myspainfood.com\/sl\/wp-json\/wp\/v2\/media?parent=23315"}],"wp:term":[{"taxonomy":"product_brand","embeddable":true,"href":"https:\/\/myspainfood.com\/sl\/wp-json\/wp\/v2\/product_brand?post=23315"},{"taxonomy":"product_cat","embeddable":true,"href":"https:\/\/myspainfood.com\/sl\/wp-json\/wp\/v2\/product_cat?post=23315"},{"taxonomy":"product_tag","embeddable":true,"href":"https:\/\/myspainfood.com\/sl\/wp-json\/wp\/v2\/product_tag?post=23315"}],"curies":[{"name":"wp","href":"https:\/\/api.w.org\/{rel}","templated":true}]}}