{"id":24215,"date":"2025-04-10T12:06:37","date_gmt":"2025-04-10T10:06:37","guid":{"rendered":"https:\/\/myspainfood.com\/producto\/srca-articok-20-sadja\/"},"modified":"2025-04-10T12:06:37","modified_gmt":"2025-04-10T10:06:37","slug":"srca-articok-20-sadja","status":"publish","type":"product","link":"https:\/\/myspainfood.com\/sl\/producto\/srca-articok-20-sadja\/","title":{"rendered":"Srca arti\u010dok +20 sadja"},"content":{"rendered":"<p>Sr\u010dki arti\u010doke +20 <a href=\"https:\/\/twitter.com\/mca_spain\" target=\"_blank\" rel=\"noopener noreferrer nofollow\">prvih<\/a> plodov.<\/p>\n<p>Sestavine: Arti\u010doke, voda, sol in sredstvo za uravnavanje kislosti: citronska kislina.<\/p>\n<p>Ko ga odprete, ga hranite v hladilniku in po mo\u017enosti porabite v petih dneh.<\/p>\n<p>La Viuda de Mateo je ena od komercialnih blagovnih znamk, pod katerimi skupina MCA Spain nastopa na trgu.<\/p>\n<p>Izvor dru\u017ebe MCA Spain je v izku\u0161njah Carlosa Ripe, njenega sedanjega generalnega direktorja, ki je desetletje delal v dru\u017einskem podjetju, povezanem z maloprodajnim \u017eivilskim sektorjem.<\/p>\n<p>Vendar je Ripa sredi 80. let prej\u0161njega stoletja v svojem rojstnem kraju (Mendavia, Navara) za\u010del svoj osebni projekt: podjetje za konzerviranje, MCA Spain.<\/p>\n<p>To podjetje se je z zelenjavnimi in ribjimi konzervami uvrstilo v prvi del \u0161panskega kmetijsko-\u017eivilskega sektorja.<\/p>\n<p>To je spektakularen razvoj, ki ne bi bil mogo\u010d brez vrhunske ekipe in navdu\u0161enja nad storitvami za stranke.<\/p>\n<p>\u010ce \u017eelite kupiti Arti\u010doke +20 sadja ali katero koli drugo vrsto <a href=\"https:\/\/latiendadesami.com\/categoria-producto\/conservas\/\" rel=\"noopener noreferrer nofollow\" target=\"_blank\">konzervirane hrane<\/a>, si brez oklevanja oglejte na\u0161 spletni katalog.<\/p>\n<p>Imamo najvi\u0161jo kakovost po najbolj\u0161i ceni.<\/p>\n<p>Za ve\u010d informacij ali vpra\u0161anja o tem ali katerem koli drugem izdelku iz na\u0161ega kataloga nam pi\u0161ite.<\/p>\n","protected":false},"excerpt":{"rendered":"<p>Sr\u010dki arti\u010doke prvih 20 plodov<\/p>\n","protected":false},"featured_media":24223,"template":"","meta":{"_et_pb_use_builder":"","_et_pb_old_content":"","_et_gb_content_width":""},"product_brand":[1129],"product_cat":[4628,1983],"product_tag":[4629],"class_list":{"0":"post-24215","1":"product","2":"type-product","3":"status-publish","4":"has-post-thumbnail","6":"product_brand-mateo","7":"product_cat-articoke","8":"product_cat-ohranja","9":"product_tag-srca","11":"first","12":"outofstock","13":"taxable","14":"shipping-taxable","15":"purchasable","16":"product-type-variable"},"_links":{"self":[{"href":"https:\/\/myspainfood.com\/sl\/wp-json\/wp\/v2\/product\/24215","targetHints":{"allow":["GET"]}}],"collection":[{"href":"https:\/\/myspainfood.com\/sl\/wp-json\/wp\/v2\/product"}],"about":[{"href":"https:\/\/myspainfood.com\/sl\/wp-json\/wp\/v2\/types\/product"}],"wp:featuredmedia":[{"embeddable":true,"href":"https:\/\/myspainfood.com\/sl\/wp-json\/wp\/v2\/media\/24223"}],"wp:attachment":[{"href":"https:\/\/myspainfood.com\/sl\/wp-json\/wp\/v2\/media?parent=24215"}],"wp:term":[{"taxonomy":"product_brand","embeddable":true,"href":"https:\/\/myspainfood.com\/sl\/wp-json\/wp\/v2\/product_brand?post=24215"},{"taxonomy":"product_cat","embeddable":true,"href":"https:\/\/myspainfood.com\/sl\/wp-json\/wp\/v2\/product_cat?post=24215"},{"taxonomy":"product_tag","embeddable":true,"href":"https:\/\/myspainfood.com\/sl\/wp-json\/wp\/v2\/product_tag?post=24215"}],"curies":[{"name":"wp","href":"https:\/\/api.w.org\/{rel}","templated":true}]}}