{"id":24466,"date":"2025-04-10T12:06:37","date_gmt":"2025-04-10T10:06:37","guid":{"rendered":"https:\/\/myspainfood.com\/producto\/articoke-tudela-articoke-v-polovicah-zgo\/"},"modified":"2025-04-10T12:06:37","modified_gmt":"2025-04-10T10:06:37","slug":"articoke-tudela-articoke-v-polovicah-zgo","status":"publish","type":"product","link":"https:\/\/myspainfood.com\/sl\/producto\/articoke-tudela-articoke-v-polovicah-zgo\/","title":{"rendered":"Arti\u010doke Tudela Arti\u010doke v polovicah ZGO"},"content":{"rendered":"","protected":false},"excerpt":{"rendered":"<p>Arti\u010doke Tudela Arti\u010doke v polovicah<\/p>\n","protected":false},"featured_media":24471,"template":"","meta":{"_et_pb_use_builder":"","_et_pb_old_content":"","_et_gb_content_width":""},"product_brand":[1129],"product_cat":[4628,1983],"product_tag":[4629],"class_list":{"0":"post-24466","1":"product","2":"type-product","3":"status-publish","4":"has-post-thumbnail","6":"product_brand-mateo","7":"product_cat-articoke","8":"product_cat-ohranja","9":"product_tag-srca","11":"first","12":"outofstock","13":"taxable","14":"shipping-taxable","15":"product-type-variable"},"_links":{"self":[{"href":"https:\/\/myspainfood.com\/sl\/wp-json\/wp\/v2\/product\/24466","targetHints":{"allow":["GET"]}}],"collection":[{"href":"https:\/\/myspainfood.com\/sl\/wp-json\/wp\/v2\/product"}],"about":[{"href":"https:\/\/myspainfood.com\/sl\/wp-json\/wp\/v2\/types\/product"}],"wp:featuredmedia":[{"embeddable":true,"href":"https:\/\/myspainfood.com\/sl\/wp-json\/wp\/v2\/media\/24471"}],"wp:attachment":[{"href":"https:\/\/myspainfood.com\/sl\/wp-json\/wp\/v2\/media?parent=24466"}],"wp:term":[{"taxonomy":"product_brand","embeddable":true,"href":"https:\/\/myspainfood.com\/sl\/wp-json\/wp\/v2\/product_brand?post=24466"},{"taxonomy":"product_cat","embeddable":true,"href":"https:\/\/myspainfood.com\/sl\/wp-json\/wp\/v2\/product_cat?post=24466"},{"taxonomy":"product_tag","embeddable":true,"href":"https:\/\/myspainfood.com\/sl\/wp-json\/wp\/v2\/product_tag?post=24466"}],"curies":[{"name":"wp","href":"https:\/\/api.w.org\/{rel}","templated":true}]}}