{"id":25112,"date":"2025-04-10T12:05:46","date_gmt":"2025-04-10T10:05:46","guid":{"rendered":"https:\/\/myspainfood.com\/producto\/kumarice-polnjene-z-incuni-2-kg-ne\/"},"modified":"2025-06-25T12:22:57","modified_gmt":"2025-06-25T10:22:57","slug":"kumarice-polnjene-z-incuni-2-kg-ne","status":"publish","type":"product","link":"https:\/\/myspainfood.com\/sl\/producto\/kumarice-polnjene-z-incuni-2-kg-ne\/","title":{"rendered":"Kumarice, polnjene z in\u010duni 2 kg ne"},"content":{"rendered":"<p>Okuharice z nadevom iz sardel 2 kg - kumare, sardele, \u010debula, oljke, poper, sol. U\u017eivajte kot <a href=\"https:\/\/www.google.com\/search?q=pepinillos+rellenos+de+anchoa&amp;sxsrf=APq-WBt_i-Tka1Uv3POveVZqwLAkAbPIVg:1644316240904&amp;source=lnms&amp;tbm=isch&amp;sa=X&amp;ved=2ahUKEwj7or-r8-_1AhXO57sIHTYYAU0Q_AUoAXoECAEQAw&amp;biw=1577&amp;bih=780&amp;dpr=1\" target=\"_blank\" rel=\"noopener noreferrer nofollow\">predjed<\/a>. <\/p>\n<p>Me\u0161anica okusov, ki jih zagotavljajo sestavine, skupaj s pridihom kisa daje poseben okus, ki je zelo prijeten za brbon\u010dice.<\/p>\n<p>Kumare so prigrizek, ki krepi imunski sistem, kar pomeni, da podpirajo obrambne sposobnosti telesa in splo\u0161no zdravje.<\/p>\n<h3><strong>Prednosti s sardoni polnjene kumarice 2kg<\/strong><\/h3>\n<p>Ali ste vedeli, kako koristne so kisle kumarice na splo\u0161no? Tukaj je seznam najpomembnej\u0161ih: <\/p>\n<ul>\n<li>Bogata s probiotiki.<\/li>\n<li>Pomagajo pri prebavi.<\/li>\n<li>Krepijo imunski sistem.<\/li>\n<li>Zmanj\u0161ujejo \u017eeljo po sladkorju.<\/li>\n<li>Ugoden za \u017eol\u010dnik.<\/li>\n<\/ul>\n<p>\u010ce \u017eelite kupiti olive ali katero koli drugo vrsto <a href=\"https:\/\/latiendadesami.com\/categoria-producto\/encurtidos\/\" rel=\"noopener noreferrer nofollow\" target=\"_blank\">kislih kumaric<\/a>, si oglejte na\u0161 spletni katalog in si oglejte \u0161iroko paleto <a href=\"https:\/\/latiendadesami.com\/categoria-producto\/encurtidos\/pepinillos\/\" target=\"_blank\" rel=\"noopener noreferrer nofollow\">kislih kumaric, ki jih<\/a> imamo na voljo.<\/p>\n","protected":false},"excerpt":{"rendered":"<p>Okuharice z nadevom iz sardel 2 kg - kumare, sardele, \u010debula, oljke, poper, sol. U\u017eivajte kot predjed. Me\u0161anica okusov, ki jih zagotavljajo sestavine, skupaj s pridihom kisa daje poseben okus, ki je zelo prijeten za brbon\u010dice. Kumare so prigrizek, ki krepi imunski sistem, kar pomeni, da podpirajo obrambne sposobnosti telesa in splo\u0161no zdravje. Prednosti s [&hellip;]<\/p>\n","protected":false},"featured_media":25114,"template":"","meta":{"_et_pb_use_builder":"","_et_pb_old_content":"","_et_gb_content_width":""},"product_brand":[1069],"product_cat":[1813,2007,1717],"product_tag":[2035,4941],"class_list":{"0":"post-25112","1":"product","2":"type-product","3":"status-publish","4":"has-post-thumbnail","6":"product_brand-sangar","7":"product_cat-hladno","8":"product_cat-kumarice","9":"product_cat-pickles-sl","10":"product_tag-gherkin-sl","11":"product_tag-sardele","12":"product_shipping_class-hladna-posiljka","14":"first","15":"instock","16":"taxable","17":"shipping-taxable","18":"purchasable","19":"product-type-simple"},"_links":{"self":[{"href":"https:\/\/myspainfood.com\/sl\/wp-json\/wp\/v2\/product\/25112","targetHints":{"allow":["GET"]}}],"collection":[{"href":"https:\/\/myspainfood.com\/sl\/wp-json\/wp\/v2\/product"}],"about":[{"href":"https:\/\/myspainfood.com\/sl\/wp-json\/wp\/v2\/types\/product"}],"wp:featuredmedia":[{"embeddable":true,"href":"https:\/\/myspainfood.com\/sl\/wp-json\/wp\/v2\/media\/25114"}],"wp:attachment":[{"href":"https:\/\/myspainfood.com\/sl\/wp-json\/wp\/v2\/media?parent=25112"}],"wp:term":[{"taxonomy":"product_brand","embeddable":true,"href":"https:\/\/myspainfood.com\/sl\/wp-json\/wp\/v2\/product_brand?post=25112"},{"taxonomy":"product_cat","embeddable":true,"href":"https:\/\/myspainfood.com\/sl\/wp-json\/wp\/v2\/product_cat?post=25112"},{"taxonomy":"product_tag","embeddable":true,"href":"https:\/\/myspainfood.com\/sl\/wp-json\/wp\/v2\/product_tag?post=25112"}],"curies":[{"name":"wp","href":"https:\/\/api.w.org\/{rel}","templated":true}]}}