{"id":25274,"date":"2025-04-10T12:05:46","date_gmt":"2025-04-10T10:05:46","guid":{"rendered":"https:\/\/myspainfood.com\/producto\/brez-kosti-45-kg\/"},"modified":"2025-05-08T20:54:36","modified_gmt":"2025-05-08T18:54:36","slug":"brez-kosti-45-kg","status":"publish","type":"product","link":"https:\/\/myspainfood.com\/sl\/producto\/brez-kosti-45-kg\/","title":{"rendered":"Brez kosti 4,5 kg"},"content":{"rendered":"<p>Oljka brez ko\u0161\u010dice 4,5 kg je zelene barve in <a href=\"https:\/\/www.google.com\/search?q=aceitunas+deshuesadas&amp;sxsrf=APq-WBvbn4FM7rlwj2SbPE3GYq4nrKA1Ug:1644314369924&amp;source=lnms&amp;tbm=isch&amp;sa=X&amp;ved=2ahUKEwjE56uv7O_1AhWrgf0HHWvsDTUQ_AUoAXoECAEQAw&amp;biw=1577&amp;bih=780&amp;dpr=1\" target=\"_blank\" rel=\"noopener noreferrer nofollow\">brez ko\u0161\u010dice<\/a>. Ohrani svojo prvotno obliko. <\/p>\n<p>Je zelo zdravo dopolnilo na\u0161i tradicionalni hranljivi sredozemski prehrani.<\/p>\n<p>V \u0160paniji najdemo olive, kumarice, jaj\u010devce almagro, korenje, \u010debulo, zelo tradicionalne kapre, \u010desen ali celo njihovo me\u0161anico.<\/p>\n<p>Pogosto jih postre\u017eejo kot tapas k pivu (zaradi vsebnosti kisa ne k vinu).<\/p>\n<p>Kisle kumarice so se iz starodavne tehnike konzerviranja hrane po vsem svetu prelevile v enega najbolj priljubljenih tapasov ali predjedi v \u0161panski gastronomiji.<\/p>\n<h3>Prednosti oljk brez ko\u0161\u010dice 4,5 kg<\/h3>\n<p>Ali ste poznali \u0161tevilne prednosti teh oljk? Zelo u\u010dinkovito prepre\u010dujejo bolezni srca in o\u017eilja na splo\u0161no. <\/p>\n<p>To je posledica visoke vsebnosti nenasi\u010denih ma\u0161\u010dob. Poleg tega vsebuje veliko \u017eeleza in vlaknin ter je zelo nasiten, zato je odli\u010den prigrizek. <\/p>\n<p>\u010ce \u017eelite kupiti oljke ali katero koli drugo vrsto <a href=\"https:\/\/latiendadesami.com\/categoria-producto\/encurtidos\/\" rel=\"noopener noreferrer nofollow\" target=\"_blank\">kislih kumaric<\/a>, si oglejte na\u0161 spletni katalog in si oglejte \u0161iroko paleto <a href=\"https:\/\/latiendadesami.com\/categoria-producto\/encurtidos\/aceitunas\/\" target=\"_blank\" rel=\"noopener noreferrer nofollow\">oljk, ki jih<\/a> imamo na voljo.<\/p>\n<p>Za ve\u010d informacij o na\u0161i celotni ponudbi nam lahko pi\u0161ete.<\/p>\n","protected":false},"excerpt":{"rendered":"<p>Oljka brez ko\u0161\u010dice 4,5 kg je zelene barve in brez ko\u0161\u010dice. Ohrani svojo prvotno obliko. Je zelo zdravo dopolnilo na\u0161i tradicionalni hranljivi sredozemski prehrani. V \u0160paniji najdemo olive, kumarice, jaj\u010devce almagro, korenje, \u010debulo, zelo tradicionalne kapre, \u010desen ali celo njihovo me\u0161anico. Pogosto jih postre\u017eejo kot tapas k pivu (zaradi vsebnosti kisa ne k vinu). Kisle [&hellip;]<\/p>\n","protected":false},"featured_media":25285,"template":"","meta":{"_et_pb_use_builder":"","_et_pb_old_content":"","_et_gb_content_width":""},"product_brand":[1069],"product_cat":[1720,1717],"product_tag":[5165],"class_list":{"0":"post-25274","1":"product","2":"type-product","3":"status-publish","4":"has-post-thumbnail","6":"product_brand-sangar","7":"product_cat-oljke","8":"product_cat-pickles-sl","9":"product_tag-brez-kosti","11":"first","12":"outofstock","13":"taxable","14":"shipping-taxable","15":"product-type-variable"},"_links":{"self":[{"href":"https:\/\/myspainfood.com\/sl\/wp-json\/wp\/v2\/product\/25274","targetHints":{"allow":["GET"]}}],"collection":[{"href":"https:\/\/myspainfood.com\/sl\/wp-json\/wp\/v2\/product"}],"about":[{"href":"https:\/\/myspainfood.com\/sl\/wp-json\/wp\/v2\/types\/product"}],"wp:featuredmedia":[{"embeddable":true,"href":"https:\/\/myspainfood.com\/sl\/wp-json\/wp\/v2\/media\/25285"}],"wp:attachment":[{"href":"https:\/\/myspainfood.com\/sl\/wp-json\/wp\/v2\/media?parent=25274"}],"wp:term":[{"taxonomy":"product_brand","embeddable":true,"href":"https:\/\/myspainfood.com\/sl\/wp-json\/wp\/v2\/product_brand?post=25274"},{"taxonomy":"product_cat","embeddable":true,"href":"https:\/\/myspainfood.com\/sl\/wp-json\/wp\/v2\/product_cat?post=25274"},{"taxonomy":"product_tag","embeddable":true,"href":"https:\/\/myspainfood.com\/sl\/wp-json\/wp\/v2\/product_tag?post=25274"}],"curies":[{"name":"wp","href":"https:\/\/api.w.org\/{rel}","templated":true}]}}