{"id":25295,"date":"2025-04-10T12:06:25","date_gmt":"2025-04-10T10:06:25","guid":{"rendered":"https:\/\/myspainfood.com\/producto\/kantabrijske-sardele-300-gr\/"},"modified":"2025-06-24T16:18:12","modified_gmt":"2025-06-24T14:18:12","slug":"kantabrijske-sardele-300-gr","status":"publish","type":"product","link":"https:\/\/myspainfood.com\/sl\/producto\/kantabrijske-sardele-300-gr\/","title":{"rendered":"Kantabrijske sardele 300 gr"},"content":{"rendered":"<p>Kantabrijski in\u010duni so najbolj cenjeni in dragoceni na trgu, saj se odlikujejo po fini teksturi in intenzivnem okusu. Kantabrijske sardele Arroyabe so vrhunske kakovosti, ulovljene samo v Kantabrijskem morju, iz vrste &#8220;Engraulis Encrasicholus&#8221; in pridelane po tradicionalnih metodah. <\/p>\n<p>Obstajata dve vrsti delno konzerviranih sardel: fileji sardel v olju in soljene sardele. Soljeni sardoni so v spomladanski sezoni obalnega ribolova pakirani v plo\u010devinke s soljo, nato pa zorijo 9 mesecev. So najbolj\u0161a re\u0161itev za tiste, ki \u017eelijo pripraviti sardele po svojem okusu, in sicer jih lahko kupite v 2,5-, 5- in 10-kilogramskih plo\u010devinkah.  <\/p>\n<p>Dodatna prednost filejev sardona v olj\u010dnem olju je, da se po zorenju ro\u010dno o\u010distijo in filirajo po tradicionalnih tehnikah predelave sardona.<\/p>\n","protected":false},"excerpt":{"rendered":"<p>Kantabrijski in\u010duni so najbolj cenjeni in dragoceni na trgu, saj se odlikujejo po fini teksturi in intenzivnem okusu. Kantabrijske sardele Arroyabe so vrhunske kakovosti, ulovljene samo v Kantabrijskem morju, iz vrste &#8220;Engraulis Encrasicholus&#8221; in pridelane po tradicionalnih metodah. Obstajata dve vrsti delno konzerviranih sardel: fileji sardel v olju in soljene sardele. Soljeni sardoni so v [&hellip;]<\/p>\n","protected":false},"featured_media":25300,"template":"","meta":{"_et_pb_use_builder":"","_et_pb_old_content":"","_et_gb_content_width":""},"product_brand":[1127],"product_cat":[1813,1815],"product_tag":[],"class_list":{"0":"post-25295","1":"product","2":"type-product","3":"status-publish","4":"has-post-thumbnail","6":"product_brand-picarpicar","7":"product_cat-hladno","8":"product_cat-sardele","9":"product_shipping_class-hladna-posiljka","11":"first","12":"outofstock","13":"taxable","14":"shipping-taxable","15":"purchasable","16":"product-type-simple"},"_links":{"self":[{"href":"https:\/\/myspainfood.com\/sl\/wp-json\/wp\/v2\/product\/25295","targetHints":{"allow":["GET"]}}],"collection":[{"href":"https:\/\/myspainfood.com\/sl\/wp-json\/wp\/v2\/product"}],"about":[{"href":"https:\/\/myspainfood.com\/sl\/wp-json\/wp\/v2\/types\/product"}],"wp:featuredmedia":[{"embeddable":true,"href":"https:\/\/myspainfood.com\/sl\/wp-json\/wp\/v2\/media\/25300"}],"wp:attachment":[{"href":"https:\/\/myspainfood.com\/sl\/wp-json\/wp\/v2\/media?parent=25295"}],"wp:term":[{"taxonomy":"product_brand","embeddable":true,"href":"https:\/\/myspainfood.com\/sl\/wp-json\/wp\/v2\/product_brand?post=25295"},{"taxonomy":"product_cat","embeddable":true,"href":"https:\/\/myspainfood.com\/sl\/wp-json\/wp\/v2\/product_cat?post=25295"},{"taxonomy":"product_tag","embeddable":true,"href":"https:\/\/myspainfood.com\/sl\/wp-json\/wp\/v2\/product_tag?post=25295"}],"curies":[{"name":"wp","href":"https:\/\/api.w.org\/{rel}","templated":true}]}}