{"id":26165,"date":"2025-04-10T12:06:59","date_gmt":"2025-04-10T10:06:59","guid":{"rendered":"https:\/\/myspainfood.com\/producto\/kantabrijski-sardoni-serija-oro-00\/"},"modified":"2025-06-24T16:19:20","modified_gmt":"2025-06-24T14:19:20","slug":"kantabrijski-sardoni-serija-oro-00","status":"publish","type":"product","link":"https:\/\/myspainfood.com\/sl\/producto\/kantabrijski-sardoni-serija-oro-00\/","title":{"rendered":"Kantabrijski sardoni serija ORO 00"},"content":{"rendered":"<p>Arlequin sardel <a href=\"https:\/\/conservasarlequin.com\/serie-oro\/\" target=\"_blank\" rel=\"noopener noreferrer nofollow\">Arlequin<\/a> Serie Oro 00 je obrtni\u0161ko konzerviran izdelek.<\/p>\n<p><strong>Neto te\u017ea \/ Escu:<\/strong> 120g\/58g<\/p>\n<p><strong>Rok trajanja<\/strong>: 9 mesecev<\/p>\n<p><strong>Ohranjanje:<\/strong> hladno<\/p>\n<p><strong>\u0160tevilo filejev\/\u0161tevilo kosov:<\/strong> 8<\/p>\n<p>Poslanstvo dru\u017ebe Conservas <a href=\"https:\/\/latiendadesami.com\/marca\/arlequin\/\" target=\"_blank\" rel=\"noopener noreferrer nofollow\">Arlequ\u00edn<\/a> je ponuditi odli\u010den izdelek, najbolj\u0161o storitev in \u0161iroko paleto ribjih konzerv po najbolj\u0161i ceni.<\/p>\n<p>Specializirani so tudi za sardele, sardele Arlequin Serie Oro 00, sardone, bonite, rumenoplavutega tuna, \u0161koljke, sku\u0161e in sardine.<\/p>\n<p>Comidista v \u010dasopisu El Pa\u00eds je na primer o ventresci dejal: &#8220;Je tako ne\u017ena, skoraj kremna, da si jo \u017eeli\u0161 poro\u010diti in \u017eiveti sre\u010dno, dokler te Gospod ne vzame.&#8221;<\/p>\n<h4>Glavne prednosti hrane v plo\u010devinkah<\/h4>\n<ol>\n<li>Ohranijo vse hranilne lastnosti hrane. \u017divila ohranijo svojo sve\u017eino. <\/li>\n<li>Uporabljena \u017eivila so zdrava in zaradi visoke vsebnosti vitaminov in beljakovin primerna za optimalno prehrano.<\/li>\n<li>Ti izdelki imajo dalj\u0161o \u017eivljenjsko dobo (obi\u010dajno 2-5 let).<\/li>\n<li>Konzerve je zelo enostavno shranjevati, saj je njihova embala\u017ea enostavna za uporabo.<\/li>\n<\/ol>\n<p>\u010ce \u017eelite kupiti tunino ali katero koli drugo vrsto <a href=\"https:\/\/latiendadesami.com\/categoria-producto\/conservas\/\" rel=\"noopener noreferrer nofollow\" target=\"_blank\">konzervirane hrane<\/a>, si oglejte na\u0161 spletni katalog in si oglejte \u0161iroko ponudbo <a href=\"https:\/\/latiendadesami.com\/categoria-producto\/conservas\/atun-y-bonito\/\" target=\"_blank\" rel=\"noopener noreferrer nofollow\">tunine<\/a>.<\/p>\n<p>Za ve\u010d informacij nam pi\u0161ite.<\/p>\n","protected":false},"excerpt":{"rendered":"<p>Arlequin sardel Arlequin Serie Oro 00 je obrtni\u0161ko konzerviran izdelek. Neto te\u017ea \/ Escu: 120g\/58g Rok trajanja: 9 mesecev Ohranjanje: hladno \u0160tevilo filejev\/\u0161tevilo kosov: 8 Poslanstvo dru\u017ebe Conservas Arlequ\u00edn je ponuditi odli\u010den izdelek, najbolj\u0161o storitev in \u0161iroko paleto ribjih konzerv po najbolj\u0161i ceni. Specializirani so tudi za sardele, sardele Arlequin Serie Oro 00, sardone, bonite, [&hellip;]<\/p>\n","protected":false},"featured_media":26172,"template":"","meta":{"_et_pb_use_builder":"","_et_pb_old_content":"","_et_gb_content_width":""},"product_brand":[1162],"product_cat":[1813,1815],"product_tag":[5621],"class_list":{"0":"post-26165","1":"product","2":"type-product","3":"status-publish","4":"has-post-thumbnail","6":"product_brand-arlequin","7":"product_cat-hladno","8":"product_cat-sardele","9":"product_tag-serieoro-sl","10":"product_shipping_class-hladna-posiljka","12":"first","13":"outofstock","14":"sale","15":"taxable","16":"shipping-taxable","17":"purchasable","18":"product-type-variable"},"_links":{"self":[{"href":"https:\/\/myspainfood.com\/sl\/wp-json\/wp\/v2\/product\/26165","targetHints":{"allow":["GET"]}}],"collection":[{"href":"https:\/\/myspainfood.com\/sl\/wp-json\/wp\/v2\/product"}],"about":[{"href":"https:\/\/myspainfood.com\/sl\/wp-json\/wp\/v2\/types\/product"}],"wp:featuredmedia":[{"embeddable":true,"href":"https:\/\/myspainfood.com\/sl\/wp-json\/wp\/v2\/media\/26172"}],"wp:attachment":[{"href":"https:\/\/myspainfood.com\/sl\/wp-json\/wp\/v2\/media?parent=26165"}],"wp:term":[{"taxonomy":"product_brand","embeddable":true,"href":"https:\/\/myspainfood.com\/sl\/wp-json\/wp\/v2\/product_brand?post=26165"},{"taxonomy":"product_cat","embeddable":true,"href":"https:\/\/myspainfood.com\/sl\/wp-json\/wp\/v2\/product_cat?post=26165"},{"taxonomy":"product_tag","embeddable":true,"href":"https:\/\/myspainfood.com\/sl\/wp-json\/wp\/v2\/product_tag?post=26165"}],"curies":[{"name":"wp","href":"https:\/\/api.w.org\/{rel}","templated":true}]}}