{"id":26498,"date":"2025-04-10T12:07:07","date_gmt":"2025-04-10T10:07:07","guid":{"rendered":"https:\/\/myspainfood.com\/producto\/vrecka-za-tune-900-arlequin\/"},"modified":"2025-09-02T10:46:41","modified_gmt":"2025-09-02T08:46:41","slug":"vrecka-za-tune-900-arlequin","status":"publish","type":"product","link":"https:\/\/myspainfood.com\/sl\/producto\/vrecka-za-tune-900-arlequin\/","title":{"rendered":"Vre\u010dka za tune 900 Arlequin"},"content":{"rendered":"<p>U\u017eivanje tune je zaradi visoke vsebnosti beljakovin, \u017eeleza in niacina ugodno za uravnote\u017eeno prehrano.3 Praviloma je koli\u010dina kalorij v tuni, pakirani z olji, vi\u0161ja kot v &#8220;naravni&#8221; embala\u017ei (100 gramov tune v plo\u010devinki vsebuje 285 kalorij, medtem ko enaka koli\u010dina sve\u017ee tune vsebuje 200 kalorij).3 V nekaterih dr\u017eavah, kot je \u0160panija, je pogosto mogo\u010de videti plo\u010devinke konzervirane tune v obliki marinirane konzerve. Nekateri avtorji omenjajo, da se kljub visoki vsebnosti omega-3 v tuni ve\u010dina teh izgubi med predelavo in pakiranjem.4 Najpogostej\u0161e sestavine so sol, natrijev glutamat, hidrolizirane beljakovine. V\u010dasih so dodane za\u010dimbe, \u010desen, zeli\u0161\u010da itd. V\u010dasih jo zakisajo z limoninim sokom.   <\/p>\n<p>Prekomerno u\u017eivanje konzervirane tune ni priporo\u010dljivo zaradi vsebnosti purinov (ki jih telo pretvori v se\u010dno kislino). Tak\u0161no u\u017eivanje ni priporo\u010dljivo za ljudi, ki trpijo za hiperurikemijo ali protinom. Vsebnost soli je zaskrbljujo\u010da za nekatere skupine prebivalstva z &#8220;visokim krvnim tlakom&#8221;, zato se od za\u010detka 21. stoletja tr\u017eijo razli\u010dice z nizko vsebnostjo soli. Vsebnost holesterola ni nizka (50 mg\/100 g), vendar ni vi\u0161ja kot v drugih izdelkih \u017eivalskega izvora. Vendar pa prisotnost ma\u0161\u010dobnih kislin zmanj\u0161uje njegovo pojavnost.    <\/p>\n","protected":false},"excerpt":{"rendered":"<p>U\u017eivanje tune je zaradi visoke vsebnosti beljakovin, \u017eeleza in niacina ugodno za uravnote\u017eeno prehrano.3 Praviloma je koli\u010dina kalorij v tuni, pakirani z olji, vi\u0161ja kot v &#8220;naravni&#8221; embala\u017ei (100 gramov tune v plo\u010devinki vsebuje 285 kalorij, medtem ko enaka koli\u010dina sve\u017ee tune vsebuje 200 kalorij).3 V nekaterih dr\u017eavah, kot je \u0160panija, je pogosto mogo\u010de videti [&hellip;]<\/p>\n","protected":false},"featured_media":26505,"template":"","meta":{"_et_pb_use_builder":"","_et_pb_old_content":"","_et_gb_content_width":""},"product_brand":[1162],"product_cat":[1983,4374],"product_tag":[],"class_list":{"0":"post-26498","1":"product","2":"type-product","3":"status-publish","4":"has-post-thumbnail","6":"product_brand-arlequin","7":"product_cat-ohranja","8":"product_cat-tun-in-bonito","10":"first","11":"outofstock","12":"taxable","13":"shipping-taxable","14":"product-type-variable"},"_links":{"self":[{"href":"https:\/\/myspainfood.com\/sl\/wp-json\/wp\/v2\/product\/26498","targetHints":{"allow":["GET"]}}],"collection":[{"href":"https:\/\/myspainfood.com\/sl\/wp-json\/wp\/v2\/product"}],"about":[{"href":"https:\/\/myspainfood.com\/sl\/wp-json\/wp\/v2\/types\/product"}],"wp:featuredmedia":[{"embeddable":true,"href":"https:\/\/myspainfood.com\/sl\/wp-json\/wp\/v2\/media\/26505"}],"wp:attachment":[{"href":"https:\/\/myspainfood.com\/sl\/wp-json\/wp\/v2\/media?parent=26498"}],"wp:term":[{"taxonomy":"product_brand","embeddable":true,"href":"https:\/\/myspainfood.com\/sl\/wp-json\/wp\/v2\/product_brand?post=26498"},{"taxonomy":"product_cat","embeddable":true,"href":"https:\/\/myspainfood.com\/sl\/wp-json\/wp\/v2\/product_cat?post=26498"},{"taxonomy":"product_tag","embeddable":true,"href":"https:\/\/myspainfood.com\/sl\/wp-json\/wp\/v2\/product_tag?post=26498"}],"curies":[{"name":"wp","href":"https:\/\/api.w.org\/{rel}","templated":true}]}}