{"id":26571,"date":"2025-04-10T12:07:09","date_gmt":"2025-04-10T10:07:09","guid":{"rendered":"https:\/\/myspainfood.com\/producto\/rakice-serije-oro-20-30-kosov\/"},"modified":"2025-04-10T12:07:09","modified_gmt":"2025-04-10T10:07:09","slug":"rakice-serije-oro-20-30-kosov","status":"publish","type":"product","link":"https:\/\/myspainfood.com\/sl\/producto\/rakice-serije-oro-20-30-kosov\/","title":{"rendered":"Rakice serije ORO 20\/30 kosov"},"content":{"rendered":"<p>Serija <a href=\"https:\/\/conservasarlequin.com\/serie-oro\/\" target=\"_blank\" rel=\"noopener noreferrer nofollow\">Arlequ\u00edn<\/a> Golden Cockles 00 je izdelek v plo\u010devinki, izdelan na tradicionalen na\u010din.<\/p>\n<p><strong>Neto te\u017ea \/ Escu:<\/strong> 113g\/63g<\/p>\n<p><strong>Rok trajanja<\/strong>: 4 leta<\/p>\n<p><strong>Ohranjanje:<\/strong> Okolje<\/p>\n<p><strong>\u0160tevilo filetov\/\u0161tevilo kosov:<\/strong> 20\/30<\/p>\n<p>Poslanstvo podjetja Conservas Arlequ\u00edn je ponuditi odli\u010den izdelek, najbolj\u0161o storitev in \u0161irok izbor ribjih konzerv po najbolj\u0161i ceni. Poslanstvo podjetja Conservas <a href=\"https:\/\/latiendadesami.com\/marca\/arlequin\/\" target=\"_blank\" rel=\"noopener noreferrer nofollow\">Arlequ\u00edn<\/a> je ponuditi odli\u010den izdelek, najbolj\u0161o storitev in \u0161irok izbor ribjih konzerv po najbolj\u0161i ceni.<\/p>\n<p>Specializirani so tudi za sardone, rakce serije 00 gold, sardele, bonito, rumenoplavutega tuna, \u0161koljke, sku\u0161o in sardine.<\/p>\n<p>Comidista v \u010dasopisu El Pa\u00eds je na primer o ventresci dejal: &#8220;Je tako ne\u017ena, skoraj kremna, da si jo \u017eeli\u0161 poro\u010diti in \u017eiveti sre\u010dno, dokler te Gospod ne vzame.&#8221;<\/p>\n<h4>Glavne prednosti hrane v plo\u010devinkah<\/h4>\n<ol>\n<li>Ohranijo vse hranilne lastnosti hrane. \u017divila ohranijo svojo sve\u017eino. <\/li>\n<li>Uporabljena \u017eivila so zdrava in zaradi visoke vsebnosti vitaminov in beljakovin primerna za optimalno prehrano.<\/li>\n<li>Ti izdelki imajo dalj\u0161o \u017eivljenjsko dobo (obi\u010dajno 2-5 let).<\/li>\n<li>Konzerve je zelo enostavno shranjevati, saj je njihova embala\u017ea enostavna za uporabo.<\/li>\n<\/ol>\n<p>\u010ce \u017eelite kupiti tunino ali katero koli drugo vrsto <a href=\"https:\/\/latiendadesami.com\/categoria-producto\/conservas\/\" rel=\"noopener noreferrer nofollow\" target=\"_blank\">konzervirane hrane<\/a>, si oglejte na\u0161 spletni katalog in si oglejte \u0161iroko ponudbo <a href=\"https:\/\/latiendadesami.com\/categoria-producto\/conservas\/atun-y-bonito\/\" target=\"_blank\" rel=\"noopener noreferrer nofollow\">tunine<\/a>.<\/p>\n<p>Za ve\u010d informacij nam pi\u0161ite.<\/p>\n","protected":false},"excerpt":{"rendered":"<p><strong>Iz R\u00eda de Noia<\/p>\n<p>Izbrana kakovost<\/strong><\/p>\n<p><strong>\u0160tevilo kosov:<\/strong> 15\/25 kosov<\/p>\n<p><strong>Neto te\u017ea<\/strong>: 113 g<\/p>\n<p><strong>Odcejena te\u017ea <\/strong>: 63 g<\/p>\n<p><strong>Sestavine: <\/strong> Sestavine:<em>rakci,<\/em> voda, sol, kislina (E330, E331) in antioksidant (E385).<\/p>\n<p><strong>Alergeni:<\/strong> <em>Vsebuje mehku\u017ece, peteline.<\/em><\/p>\n<p>Hranite na sobni temperaturi.<\/p>\n<p>Po odprtju ga je priporo\u010dljivo zau\u017eiti v celoti.<\/p>\n","protected":false},"featured_media":26576,"template":"","meta":{"_et_pb_use_builder":"","_et_pb_old_content":"","_et_gb_content_width":""},"product_brand":[1162],"product_cat":[1983,5666],"product_tag":[5621],"class_list":{"0":"post-26571","1":"product","2":"type-product","3":"status-publish","4":"has-post-thumbnail","6":"product_brand-arlequin","7":"product_cat-ohranja","8":"product_cat-petelincki","9":"product_tag-serieoro-sl","11":"first","12":"outofstock","13":"sale","14":"taxable","15":"shipping-taxable","16":"purchasable","17":"product-type-simple"},"_links":{"self":[{"href":"https:\/\/myspainfood.com\/sl\/wp-json\/wp\/v2\/product\/26571","targetHints":{"allow":["GET"]}}],"collection":[{"href":"https:\/\/myspainfood.com\/sl\/wp-json\/wp\/v2\/product"}],"about":[{"href":"https:\/\/myspainfood.com\/sl\/wp-json\/wp\/v2\/types\/product"}],"wp:featuredmedia":[{"embeddable":true,"href":"https:\/\/myspainfood.com\/sl\/wp-json\/wp\/v2\/media\/26576"}],"wp:attachment":[{"href":"https:\/\/myspainfood.com\/sl\/wp-json\/wp\/v2\/media?parent=26571"}],"wp:term":[{"taxonomy":"product_brand","embeddable":true,"href":"https:\/\/myspainfood.com\/sl\/wp-json\/wp\/v2\/product_brand?post=26571"},{"taxonomy":"product_cat","embeddable":true,"href":"https:\/\/myspainfood.com\/sl\/wp-json\/wp\/v2\/product_cat?post=26571"},{"taxonomy":"product_tag","embeddable":true,"href":"https:\/\/myspainfood.com\/sl\/wp-json\/wp\/v2\/product_tag?post=26571"}],"curies":[{"name":"wp","href":"https:\/\/api.w.org\/{rel}","templated":true}]}}