{"id":26636,"date":"2025-04-10T12:07:15","date_gmt":"2025-04-10T10:07:15","guid":{"rendered":"https:\/\/myspainfood.com\/producto\/andaluzijska-skusa-d-o-oljcno-olje\/"},"modified":"2025-04-10T12:07:15","modified_gmt":"2025-04-10T10:07:15","slug":"andaluzijska-skusa-d-o-oljcno-olje","status":"publish","type":"product","link":"https:\/\/myspainfood.com\/sl\/producto\/andaluzijska-skusa-d-o-oljcno-olje\/","title":{"rendered":"Andaluzijska sku\u0161a D.O. olj\u010dno olje"},"content":{"rendered":"<p style=\"text-align: left\">\u010cisti fileji andaluzijske sku\u0161e, pakirani v steklen kozarec in kovinsko kapsulo.<\/p>\n<p style=\"text-align: left\">Proizvodnja in kakovost sta dolo\u010deni s predpisi <span class=\"file\">Regulativnega sveta za za\u0161\u010ditene geografske ozna\u010dbe za andaluzijske sku\u0161e in sku\u0161e s fregatami<\/span>, ki mu pripada dru\u017eba <a href=\"https:\/\/pesasur.com\/calidad\/\" target=\"_blank\" rel=\"noopener noreferrer nofollow\">Pesasur<\/a>.<\/p>\n<p style=\"text-align: left\">Sivkasto bele barve, gladke konsistence in prijetnega vonja, zna\u010dilnega, edinstvenega okusa.<\/p>\n<p><strong>SESTAVINE<\/strong><\/p>\n<ul>\n<li>Sku\u0161e<\/li>\n<li>Olj\u010dno olje<\/li>\n<li>Sol<\/li>\n<\/ul>\n<p>PESASUR uporablja andaluzijsko sku\u0161o (posebna ozna\u010dba porekla andaluzijske regije I.G.P.), ki se ve\u010dino leta predeluje sve\u017ea v tovarni.<\/p>\n<p>PESASUR v proizvodnem procesu ne uporablja kemi\u010dnih izdelkov, izku\u0161nje delovne sile, ki se s fileti sku\u0161e ukvarja \u017ee ve\u010d generacij, pa zagotavljajo popolno \u010disto\u010do rib in odli\u010dno predstavitev filetov v kozarcih in plo\u010devinkah vseh formatov.<\/p>\n<h4>Glavne prednosti hrane v plo\u010devinkah<\/h4>\n<ol>\n<li>Ohranijo vse hranilne lastnosti hrane. \u017divila ohranijo svojo sve\u017eino. <\/li>\n<li>Uporabljena \u017eivila so zdrava in zaradi visoke vsebnosti vitaminov in beljakovin primerna za optimalno prehrano.<\/li>\n<li>Ti izdelki imajo dalj\u0161o \u017eivljenjsko dobo (obi\u010dajno 2-5 let).<\/li>\n<li>Konzerve je zelo enostavno shranjevati, saj je njihova embala\u017ea enostavna za uporabo.<\/li>\n<\/ol>\n<p>\u010ce \u017eelite kupiti andaluzijsko sku\u0161o ali katero koli drugo vrsto <a href=\"https:\/\/latiendadesami.com\/categoria-producto\/conservas\/\" rel=\"noopener noreferrer nofollow\" target=\"_blank\">konzervirane hrane<\/a>, si oglejte na\u0161 spletni katalog, da si ogledate \u0161iroko paleto <a href=\"https:\/\/latiendadesami.com\/categoria-producto\/conservas\/atun-y-bonito\/\" target=\"_blank\" rel=\"noopener noreferrer nofollow\">tun,<\/a> ki jo ponujamo.<\/p>\n<p>Za ve\u010d informacij nam pi\u0161ite.<\/p>\n","protected":false},"excerpt":{"rendered":"<p>Andaluzijska sku\u0161a olj\u010dno olje<\/p>\n","protected":false},"featured_media":26642,"template":"","meta":{"_et_pb_use_builder":"","_et_pb_old_content":"","_et_gb_content_width":""},"product_brand":[1205],"product_cat":[1983,3348],"product_tag":[],"class_list":{"0":"post-26636","1":"product","2":"type-product","3":"status-publish","4":"has-post-thumbnail","6":"product_brand-pesasur","7":"product_cat-ohranja","8":"product_cat-skusa-sl","10":"first","11":"outofstock","12":"taxable","13":"shipping-taxable","14":"product-type-variable"},"_links":{"self":[{"href":"https:\/\/myspainfood.com\/sl\/wp-json\/wp\/v2\/product\/26636","targetHints":{"allow":["GET"]}}],"collection":[{"href":"https:\/\/myspainfood.com\/sl\/wp-json\/wp\/v2\/product"}],"about":[{"href":"https:\/\/myspainfood.com\/sl\/wp-json\/wp\/v2\/types\/product"}],"wp:featuredmedia":[{"embeddable":true,"href":"https:\/\/myspainfood.com\/sl\/wp-json\/wp\/v2\/media\/26642"}],"wp:attachment":[{"href":"https:\/\/myspainfood.com\/sl\/wp-json\/wp\/v2\/media?parent=26636"}],"wp:term":[{"taxonomy":"product_brand","embeddable":true,"href":"https:\/\/myspainfood.com\/sl\/wp-json\/wp\/v2\/product_brand?post=26636"},{"taxonomy":"product_cat","embeddable":true,"href":"https:\/\/myspainfood.com\/sl\/wp-json\/wp\/v2\/product_cat?post=26636"},{"taxonomy":"product_tag","embeddable":true,"href":"https:\/\/myspainfood.com\/sl\/wp-json\/wp\/v2\/product_tag?post=26636"}],"curies":[{"name":"wp","href":"https:\/\/api.w.org\/{rel}","templated":true}]}}