{"id":26716,"date":"2025-04-10T12:07:40","date_gmt":"2025-04-10T10:07:40","guid":{"rendered":"https:\/\/myspainfood.com\/producto\/velike-kumarice-225-kg-teze-n\/"},"modified":"2025-08-08T10:12:14","modified_gmt":"2025-08-08T08:12:14","slug":"velike-kumarice-225-kg-teze-n","status":"publish","type":"product","link":"https:\/\/myspainfood.com\/sl\/producto\/velike-kumarice-225-kg-teze-n\/","title":{"rendered":"Velike kumarice 2,25 kg te\u017ee n"},"content":{"rendered":"<p>Kumarice 2,25 kg neto te\u017ee - Samo z vodnimi in slanimi kumaricami dobite enega najbolj okusnih <a href=\"https:\/\/www.google.com\/search?q=pepinillos+gordos&amp;tbm=isch&amp;ved=2ahUKEwj6xNCv8-_1AhWXiP0HHcNGC0QQ2-cCegQIABAA&amp;oq=pepinillos+gordos&amp;gs_lcp=CgNpbWcQA1DZFVjlJ2DcK2gAcAB4AIABYYgB4wqSAQIxOJgBAKABAaoBC2d3cy13aXotaW1nwAEB&amp;sclient=img&amp;ei=WUYCYrq0IpeR9u8Pw42toAQ&amp;bih=780&amp;biw=1577\" target=\"_blank\" rel=\"noopener noreferrer nofollow\">prigrizkov<\/a>.<\/p>\n<p>Me\u0161anica okusov, ki jih zagotavljajo sestavine, skupaj s pridihom kisa daje poseben okus, ki je zelo prijeten za brbon\u010dice.<\/p>\n<p>Kumare so prigrizek, ki krepi imunski sistem, kar pomeni, da podpirajo obrambne sposobnosti telesa in splo\u0161no zdravje.<\/p>\n<h3><strong>Prednosti debelih kumaric<\/strong><\/h3>\n<p>Ali ste vedeli, kako koristne so kisle kumarice na splo\u0161no? Tukaj je seznam najpomembnej\u0161ih: <\/p>\n<ul>\n<li>Bogata s probiotiki.<\/li>\n<li>Pomagajo pri prebavi.<\/li>\n<li>Krepijo imunski sistem.<\/li>\n<li>Zmanj\u0161ujejo \u017eeljo po sladkorju.<\/li>\n<li>Ugoden za \u017eol\u010dnik.<\/li>\n<\/ul>\n<p>\u010ce \u017eelite kupiti olive ali katero koli drugo vrsto <a href=\"https:\/\/latiendadesami.com\/categoria-producto\/encurtidos\/\" rel=\"noopener noreferrer nofollow\" target=\"_blank\">kislih kumaric<\/a>, si oglejte na\u0161 spletni katalog in si oglejte \u0161iroko paleto <a href=\"https:\/\/latiendadesami.com\/categoria-producto\/encurtidos\/pepinillos\/\" target=\"_blank\" rel=\"noopener noreferrer nofollow\">kislih kumaric, ki jih<\/a> imamo na voljo.<\/p>\n","protected":false},"excerpt":{"rendered":"<p>Kumarice 2,25 kg neto te\u017ee - Samo z vodnimi in slanimi kumaricami dobite enega najbolj okusnih prigrizkov. Me\u0161anica okusov, ki jih zagotavljajo sestavine, skupaj s pridihom kisa daje poseben okus, ki je zelo prijeten za brbon\u010dice. Kumare so prigrizek, ki krepi imunski sistem, kar pomeni, da podpirajo obrambne sposobnosti telesa in splo\u0161no zdravje. Prednosti debelih [&hellip;]<\/p>\n","protected":false},"featured_media":26718,"template":"","meta":{"_et_pb_use_builder":"","_et_pb_old_content":"","_et_gb_content_width":""},"product_brand":[],"product_cat":[2007,1717],"product_tag":[2035],"class_list":{"0":"post-26716","1":"product","2":"type-product","3":"status-publish","4":"has-post-thumbnail","6":"product_cat-kumarice","7":"product_cat-pickles-sl","8":"product_tag-gherkin-sl","10":"first","11":"instock","12":"taxable","13":"shipping-taxable","14":"purchasable","15":"product-type-simple"},"_links":{"self":[{"href":"https:\/\/myspainfood.com\/sl\/wp-json\/wp\/v2\/product\/26716","targetHints":{"allow":["GET"]}}],"collection":[{"href":"https:\/\/myspainfood.com\/sl\/wp-json\/wp\/v2\/product"}],"about":[{"href":"https:\/\/myspainfood.com\/sl\/wp-json\/wp\/v2\/types\/product"}],"wp:featuredmedia":[{"embeddable":true,"href":"https:\/\/myspainfood.com\/sl\/wp-json\/wp\/v2\/media\/26718"}],"wp:attachment":[{"href":"https:\/\/myspainfood.com\/sl\/wp-json\/wp\/v2\/media?parent=26716"}],"wp:term":[{"taxonomy":"product_brand","embeddable":true,"href":"https:\/\/myspainfood.com\/sl\/wp-json\/wp\/v2\/product_brand?post=26716"},{"taxonomy":"product_cat","embeddable":true,"href":"https:\/\/myspainfood.com\/sl\/wp-json\/wp\/v2\/product_cat?post=26716"},{"taxonomy":"product_tag","embeddable":true,"href":"https:\/\/myspainfood.com\/sl\/wp-json\/wp\/v2\/product_tag?post=26716"}],"curies":[{"name":"wp","href":"https:\/\/api.w.org\/{rel}","templated":true}]}}