{"id":26791,"date":"2025-04-10T12:07:39","date_gmt":"2025-04-10T10:07:39","guid":{"rendered":"https:\/\/myspainfood.com\/producto\/zorjeni-kozji-sir-s-papriko-priblizno-320gr\/"},"modified":"2025-06-24T14:08:19","modified_gmt":"2025-06-24T12:08:19","slug":"zorjeni-kozji-sir-s-papriko-priblizno-320gr","status":"publish","type":"product","link":"https:\/\/myspainfood.com\/sl\/producto\/zorjeni-kozji-sir-s-papriko-priblizno-320gr\/","title":{"rendered":"Zorjeni kozji sir s papriko pribli\u017eno 320gr"},"content":{"rendered":"<p>Zorjeni kozji sir s papriko pribli\u017eno 320gr proizvaja podjetje Queser\u00eda El <a href=\"https:\/\/www.facebook.com\/Queser%C3%ADa-El-Manjar-1564604537177140\/\" target=\"_blank\" rel=\"noopener noreferrer nofollow\">Manjar<\/a>.<\/p>\n<p>Ta sirarna se nahaja v Veladi v Toledu, v bli\u017eini Talavera de la Reina.<\/p>\n<p>Izdelan je iz pasteriziranega mleka, na skorji pa je prekrit s plastjo paprike, ki mu daje poseben in nezamenljiv okus.<\/p>\n<p>Poleg papriko zorjenega kozjega sira proizvaja tudi \u0161tevilne druge sire, kot so sve\u017ei siri.<\/p>\n<p>Vsi izdelki so ro\u010dno izdelani na tradicionalen na\u010din. Pribli\u017ena te\u017ea vsake porcije je 320 gramov. <\/p>\n<p>Ta izdelek je treba hraniti v hladilniku od 0\u00ba do 8\u00ba.<\/p>\n<p>Kozji sir, natan\u010dneje sir iz kozjega mleka, je znan kot ch\u00e8vre (kar v franco\u0161\u010dini pomeni kozji) in je ime za vsak sir, narejen iz kozjega mleka.<\/p>\n<p>Kozji sir izdelujejo \u017ee tiso\u010dletja in je bil verjetno eden prvih mle\u010dnih izdelkov. Kozji sir se najenostavneje pripravi tako, da se surovo mleko naravno razre\u017ee, nato pa se sirnina odcedi in stisne. <\/p>\n<p>\u010ce \u017eelite kupiti druge sire ali katero koli drugo vrsto <a href=\"https:\/\/latiendadesami.com\/\" rel=\"noopener noreferrer nofollow\" target=\"_blank\">hrane<\/a>, si oglejte na\u0161 spletni katalog in si oglejte \u0161iroko paleto izdelkov.<\/p>\n<p>Za ve\u010d informacij nam pi\u0161ite.<\/p>\n","protected":false},"excerpt":{"rendered":"<p>Zorjeni kozji sir s papriko pribli\u017eno 320gr proizvaja podjetje Queser\u00eda El Manjar. Ta sirarna se nahaja v Veladi v Toledu, v bli\u017eini Talavera de la Reina. Izdelan je iz pasteriziranega mleka, na skorji pa je prekrit s plastjo paprike, ki mu daje poseben in nezamenljiv okus. Poleg papriko zorjenega kozjega sira proizvaja tudi \u0161tevilne druge [&hellip;]<\/p>\n","protected":false},"featured_media":26795,"template":"","meta":{"_et_pb_use_builder":"","_et_pb_old_content":"","_et_gb_content_width":""},"product_brand":[1246],"product_cat":[1813,2258,5725],"product_tag":[],"class_list":{"0":"post-26791","1":"product","2":"type-product","3":"status-publish","4":"has-post-thumbnail","6":"product_brand-el-manjar","7":"product_cat-hladno","8":"product_cat-sir-in-klobasa","9":"product_cat-zdravljenje-sl","10":"product_shipping_class-hladna-posiljka","12":"first","13":"instock","14":"taxable","15":"shipping-taxable","16":"purchasable","17":"product-type-simple"},"_links":{"self":[{"href":"https:\/\/myspainfood.com\/sl\/wp-json\/wp\/v2\/product\/26791","targetHints":{"allow":["GET"]}}],"collection":[{"href":"https:\/\/myspainfood.com\/sl\/wp-json\/wp\/v2\/product"}],"about":[{"href":"https:\/\/myspainfood.com\/sl\/wp-json\/wp\/v2\/types\/product"}],"wp:featuredmedia":[{"embeddable":true,"href":"https:\/\/myspainfood.com\/sl\/wp-json\/wp\/v2\/media\/26795"}],"wp:attachment":[{"href":"https:\/\/myspainfood.com\/sl\/wp-json\/wp\/v2\/media?parent=26791"}],"wp:term":[{"taxonomy":"product_brand","embeddable":true,"href":"https:\/\/myspainfood.com\/sl\/wp-json\/wp\/v2\/product_brand?post=26791"},{"taxonomy":"product_cat","embeddable":true,"href":"https:\/\/myspainfood.com\/sl\/wp-json\/wp\/v2\/product_cat?post=26791"},{"taxonomy":"product_tag","embeddable":true,"href":"https:\/\/myspainfood.com\/sl\/wp-json\/wp\/v2\/product_tag?post=26791"}],"curies":[{"name":"wp","href":"https:\/\/api.w.org\/{rel}","templated":true}]}}