{"id":26880,"date":"2025-04-10T12:07:32","date_gmt":"2025-04-10T10:07:32","guid":{"rendered":"https:\/\/myspainfood.com\/producto\/suseni-sir-stiri-palcke-25-kg-pribl\/"},"modified":"2025-06-24T16:23:41","modified_gmt":"2025-06-24T14:23:41","slug":"suseni-sir-stiri-palcke-25-kg-pribl","status":"publish","type":"product","link":"https:\/\/myspainfood.com\/sl\/producto\/suseni-sir-stiri-palcke-25-kg-pribl\/","title":{"rendered":"Su\u0161eni sir \u0160tiri pal\u010dke 2,5 kg pribl."},"content":{"rendered":"<p>Cuatro barras je sir iz <a href=\"https:\/\/es.wikipedia.org\/wiki\/Queso_de_leche_de_oveja\" target=\"_blank\" rel=\"noopener noreferrer nofollow\">ov\u010djega mleka<\/a>, ki se su\u0161i pribli\u017eno 12 mesecev.<\/p>\n<p>Celoten kos tehta pribli\u017eno 2,5 kilograma.<\/p>\n<p>Sir iz pasteriziranega ov\u010djega mleka (najmanj 65 %) in kravjega mleka, izvrstnega okusa, katerega \u010dvrsta tekstura poudari njegov intenzivni okus. Odli\u010den sir, ki vas ne bo pustil ravnodu\u0161nih. <\/p>\n<p>Priporo\u010damo, da ga hranite v suhem in hladnem prostoru, na temperaturi med 4 in 8 \u00baC, da se bolje ohrani.<\/p>\n<p>Ovce imajo le dve seski in proizvedejo veliko manj\u0161o koli\u010dino mleka kot krave.<\/p>\n<p>Ker pa ov\u010dje mleko vsebuje veliko ve\u010d ma\u0161\u010dob, trdnih snovi in mineralov kot kravje, je idealno za proizvodnjo sira.<\/p>\n<p>Zaradi ve\u010dje vsebnosti kalcija je tudi bolj odporen na onesna\u017eenje med hlajenjem.<\/p>\n<p>\u010ceprav lahko ov\u010dje mleko pijemo sve\u017ee, ga danes uporabljamo predvsem za proizvodnjo sira in jogurta.<\/p>\n<p>\u010ce \u017eelite kupiti Queso Curado Cuatro barras ali katero koli drugo vrsto <a href=\"https:\/\/latiendadesami.com\/categoria-producto\/queso-embutido\/\" rel=\"noopener noreferrer nofollow\" target=\"_blank\">sira ali hladnega mesa<\/a>, si oglejte na\u0161 spletni katalog. Imamo najvi\u0161jo kakovost po najbolj\u0161i ceni.<\/p>\n<p>Za ve\u010d informacij ali vpra\u0161anja o tem ali katerem koli drugem izdelku nam pi\u0161ite.<\/p>\n","protected":false},"excerpt":{"rendered":"<p>Cuatro barras je sir iz ov\u010djega mleka, ki se su\u0161i pribli\u017eno 12 mesecev. Celoten kos tehta pribli\u017eno 2,5 kilograma. Sir iz pasteriziranega ov\u010djega mleka (najmanj 65 %) in kravjega mleka, izvrstnega okusa, katerega \u010dvrsta tekstura poudari njegov intenzivni okus. Odli\u010den sir, ki vas ne bo pustil ravnodu\u0161nih. Priporo\u010damo, da ga hranite v suhem in hladnem [&hellip;]<\/p>\n","protected":false},"featured_media":26886,"template":"","meta":{"_et_pb_use_builder":"","_et_pb_old_content":"","_et_gb_content_width":""},"product_brand":[1234],"product_cat":[1813,2258,5725],"product_tag":[],"class_list":{"0":"post-26880","1":"product","2":"type-product","3":"status-publish","4":"has-post-thumbnail","6":"product_brand-cuatro-barras","7":"product_cat-hladno","8":"product_cat-sir-in-klobasa","9":"product_cat-zdravljenje-sl","10":"product_shipping_class-hladna-posiljka","12":"first","13":"outofstock","14":"taxable","15":"shipping-taxable","16":"product-type-variable"},"_links":{"self":[{"href":"https:\/\/myspainfood.com\/sl\/wp-json\/wp\/v2\/product\/26880","targetHints":{"allow":["GET"]}}],"collection":[{"href":"https:\/\/myspainfood.com\/sl\/wp-json\/wp\/v2\/product"}],"about":[{"href":"https:\/\/myspainfood.com\/sl\/wp-json\/wp\/v2\/types\/product"}],"wp:featuredmedia":[{"embeddable":true,"href":"https:\/\/myspainfood.com\/sl\/wp-json\/wp\/v2\/media\/26886"}],"wp:attachment":[{"href":"https:\/\/myspainfood.com\/sl\/wp-json\/wp\/v2\/media?parent=26880"}],"wp:term":[{"taxonomy":"product_brand","embeddable":true,"href":"https:\/\/myspainfood.com\/sl\/wp-json\/wp\/v2\/product_brand?post=26880"},{"taxonomy":"product_cat","embeddable":true,"href":"https:\/\/myspainfood.com\/sl\/wp-json\/wp\/v2\/product_cat?post=26880"},{"taxonomy":"product_tag","embeddable":true,"href":"https:\/\/myspainfood.com\/sl\/wp-json\/wp\/v2\/product_tag?post=26880"}],"curies":[{"name":"wp","href":"https:\/\/api.w.org\/{rel}","templated":true}]}}