{"id":27559,"date":"2025-04-10T12:07:31","date_gmt":"2025-04-10T10:07:31","guid":{"rendered":"https:\/\/myspainfood.com\/producto\/campo-real-olive-45-kg\/"},"modified":"2025-04-10T12:07:31","modified_gmt":"2025-04-10T10:07:31","slug":"campo-real-olive-45-kg","status":"publish","type":"product","link":"https:\/\/myspainfood.com\/sl\/producto\/campo-real-olive-45-kg\/","title":{"rendered":"Campo Real olive 4,5 kg"},"content":{"rendered":"<p>\u010ce je ob\u010dina Campo Real po \u010dem znana, je to po znamenitih oljkah Campo Real 4,5 kg.<\/p>\n<p>Njegove oljke, ki pripadajo sortama manzanilla de Campo Real in cacere\u00f1a, so skrivnost stoletnih olj\u010dnih dreves, iz katerih izvirajo, izku\u0161enj oljkarjev in za\u010dimbnosti oljk.<\/p>\n<p>Ta <a href=\"https:\/\/www.google.com\/search?q=revuelto+aceitunas+s%C3%A1ngar&amp;sxsrf=APq-WBt1wkTZta0IAEDoueZPBxEuaY8Dtw:1644308614563&amp;source=lnms&amp;tbm=isch&amp;sa=X&amp;ved=2ahUKEwjouvz21u_1AhVV_rsIHacjBd0Q_AUoAXoECAEQAw&amp;biw=1577&amp;bih=780&amp;dpr=1\" target=\"_blank\" rel=\"noopener noreferrer nofollow\">kombinacija<\/a> oliv in kislih kumaric omogo\u010da neprekosljiv okus tapasov ali predjedi.<\/p>\n<p>Je zelo zdravo dopolnilo na\u0161i tradicionalni hranljivi sredozemski prehrani.<\/p>\n<p>V \u0160paniji najdemo olive, kumarice, jaj\u010devce almagro, korenje, \u010debulo, zelo tradicionalne kapre, \u010desen ali celo njihovo me\u0161anico.<\/p>\n<p>Pogosto jih postre\u017eejo kot tapas k pivu (zaradi vsebnosti kisa ne k vinu).<\/p>\n<p>Kisle kumarice so se iz starodavne tehnike konzerviranja hrane po vsem svetu prelevile v enega najbolj priljubljenih tapasov ali predjedi v \u0161panski gastronomiji.<\/p>\n<h3><strong>Prednosti Campo Real Olive 4,5 kg<\/strong><\/h3>\n<p>Ali ste poznali prednosti Campo Real Olives 4,5 kg in kislih kumaric na splo\u0161no? Tukaj je seznam najpomembnej\u0161ih: <\/p>\n<ul>\n<li>Bogata s probiotiki.<\/li>\n<li>Pomagajo pri prebavi.<\/li>\n<li>Krepijo imunski sistem.<\/li>\n<li>Zmanj\u0161ujejo \u017eeljo po sladkorju.<\/li>\n<li>Ugoden za \u017eol\u010dnik.<\/li>\n<\/ul>\n<p>\u010ce \u017eelite kupiti oljke ali katero koli drugo vrsto <a href=\"https:\/\/latiendadesami.com\/categoria-producto\/encurtidos\/\" rel=\"noopener noreferrer nofollow\" target=\"_blank\">kislih kumaric<\/a>, si oglejte na\u0161 spletni katalog in si oglejte \u0161iroko paleto <a href=\"https:\/\/latiendadesami.com\/categoria-producto\/encurtidos\/aceitunas\/\" target=\"_blank\" rel=\"noopener noreferrer nofollow\">oljk, ki jih<\/a> imamo na voljo.<\/p>\n<p>Za ve\u010d informacij nam pi\u0161ite.<\/p>\n","protected":false},"excerpt":{"rendered":"<p>\u010ce je ob\u010dina Campo Real po \u010dem znana, je to po znamenitih oljkah Campo Real 4,5 kg. Njegove oljke, ki pripadajo sortama manzanilla de Campo Real in cacere\u00f1a, so skrivnost stoletnih olj\u010dnih dreves, iz katerih izvirajo, izku\u0161enj oljkarjev in za\u010dimbnosti oljk. Ta kombinacija oliv in kislih kumaric omogo\u010da neprekosljiv okus tapasov ali predjedi. Je zelo [&hellip;]<\/p>\n","protected":false},"featured_media":20403,"template":"","meta":{"_et_pb_use_builder":"","_et_pb_old_content":"","_et_gb_content_width":""},"product_brand":[],"product_cat":[1720,1717],"product_tag":[3091],"class_list":{"0":"post-27559","1":"product","2":"type-product","3":"status-publish","4":"has-post-thumbnail","6":"product_cat-oljke","7":"product_cat-pickles-sl","8":"product_tag-campo-real-sl","10":"first","11":"outofstock","12":"taxable","13":"shipping-taxable","14":"purchasable","15":"product-type-simple"},"_links":{"self":[{"href":"https:\/\/myspainfood.com\/sl\/wp-json\/wp\/v2\/product\/27559","targetHints":{"allow":["GET"]}}],"collection":[{"href":"https:\/\/myspainfood.com\/sl\/wp-json\/wp\/v2\/product"}],"about":[{"href":"https:\/\/myspainfood.com\/sl\/wp-json\/wp\/v2\/types\/product"}],"wp:featuredmedia":[{"embeddable":true,"href":"https:\/\/myspainfood.com\/sl\/wp-json\/wp\/v2\/media\/20403"}],"wp:attachment":[{"href":"https:\/\/myspainfood.com\/sl\/wp-json\/wp\/v2\/media?parent=27559"}],"wp:term":[{"taxonomy":"product_brand","embeddable":true,"href":"https:\/\/myspainfood.com\/sl\/wp-json\/wp\/v2\/product_brand?post=27559"},{"taxonomy":"product_cat","embeddable":true,"href":"https:\/\/myspainfood.com\/sl\/wp-json\/wp\/v2\/product_cat?post=27559"},{"taxonomy":"product_tag","embeddable":true,"href":"https:\/\/myspainfood.com\/sl\/wp-json\/wp\/v2\/product_tag?post=27559"}],"curies":[{"name":"wp","href":"https:\/\/api.w.org\/{rel}","templated":true}]}}