{"id":27993,"date":"2025-04-10T12:07:58","date_gmt":"2025-04-10T10:07:58","guid":{"rendered":"https:\/\/myspainfood.com\/producto\/cusumano-obalni-svezi-bonito-18-kg\/"},"modified":"2026-01-13T13:47:35","modified_gmt":"2026-01-13T12:47:35","slug":"cusumano-obalni-svezi-bonito-18-kg","status":"publish","type":"product","link":"https:\/\/myspainfood.com\/sl\/producto\/cusumano-obalni-svezi-bonito-18-kg\/","title":{"rendered":"Cusumano obalni sve\u017ei bonito 1&#8217;8 kg"},"content":{"rendered":"<div id=\"product-description-short-5\" class=\"rte-content\">\n<p style=\"text-align: left;\">Obalna sve\u017ea tuna Cusumano je bela tuna, ki jo v Kantabrijskem morju ulovijo enega za drugim in jo <a href=\"https:\/\/es.wikipedia.org\/wiki\/Thunnus\" target=\"_blank\" rel=\"noopener noreferrer nofollow\">predelajo<\/a> \u010cERSTO.<\/p>\n<p>Ta hrana ima pristen okus in izjemno teksturo.<\/p>\n<p>Kon\u010dno lahko na mizi pripravite tradicionalno konzervirano zelenjavo.<\/p>\n<p>Fresco de Costera.<\/p>\n<p>Ker gre za sezonski ribolov, ki traja od junija do oktobra, dru\u017eba Cusumano zagotavlja, da ta bela tuna od ulova do proizvodnje ni bila zamrznjena.<\/p>\n<p>Ta tuna ohrani vse svoje organolepti\u010dne lastnosti, kot so barva, okus in tekstura, nedotaknjene.<\/p>\n<p>Conservas Cusumano ima nove in sodobne objekte na skoraj 6.000 m\u00b2 v mestu Mundaka.<\/p>\n<p>Conservas Cusumano je podjetje, ki \u017ee ve\u010d kot 60 let ohranja ljubezen do tradicije in znanja v eni najstarej\u0161ih in najbolj tradicionalnih dejavnosti na svetu: ribolov in konzerviranje sve\u017eega belega tuna z obale.<\/p>\n<p>V neprimerljivem biosfernem rezervatu Urdaibai, ki jim omogo\u010da, da imajo najbolj sve\u017ee ribe zaradi svoje lokacije tako blizu morja, ki pre\u017eema na\u0161e bistvo.<\/p>\n<p>\u010ce \u017eelite kupiti sve\u017eo tuno Cusumano Coastal ali katero koli drugo vrsto <a href=\"https:\/\/latiendadesami.com\/categoria-producto\/conservas\/\" rel=\"noopener noreferrer nofollow\" target=\"_blank\">konzervirane tune<\/a>, si oglejte na\u0161 celoten spletni katalog, da si ogledate \u0161iroko paleto <a href=\"https:\/\/latiendadesami.com\/categoria-producto\/conservas\/atun-y-bonito\/\" target=\"_blank\" rel=\"noopener noreferrer nofollow\">tun,<\/a> ki jih imamo na voljo.<\/p>\n<p>Za ve\u010d informacij nam pi\u0161ite.<\/p>\n<p>&nbsp;<\/p>\n<\/div>\n","protected":false},"excerpt":{"rendered":"<p>Obalna sve\u017ea tuna Cusumano je bela tuna, ki jo v Kantabrijskem morju ulovijo enega za drugim in jo predelajo \u010cERSTO. Ta hrana ima pristen okus in izjemno teksturo. Kon\u010dno lahko na mizi pripravite tradicionalno konzervirano zelenjavo. Fresco de Costera. Ker gre za sezonski ribolov, ki traja od junija do oktobra, dru\u017eba Cusumano zagotavlja, da ta [&hellip;]<\/p>\n","protected":false},"featured_media":28005,"template":"","meta":{"_et_pb_use_builder":"","_et_pb_old_content":"","_et_gb_content_width":""},"product_brand":[1272],"product_cat":[1983,4374],"product_tag":[],"class_list":{"0":"post-27993","1":"product","2":"type-product","3":"status-publish","4":"has-post-thumbnail","6":"product_brand-cusumano","7":"product_cat-ohranja","8":"product_cat-tun-in-bonito","10":"first","11":"instock","12":"taxable","13":"shipping-taxable","14":"purchasable","15":"product-type-variable"},"_links":{"self":[{"href":"https:\/\/myspainfood.com\/sl\/wp-json\/wp\/v2\/product\/27993","targetHints":{"allow":["GET"]}}],"collection":[{"href":"https:\/\/myspainfood.com\/sl\/wp-json\/wp\/v2\/product"}],"about":[{"href":"https:\/\/myspainfood.com\/sl\/wp-json\/wp\/v2\/types\/product"}],"wp:featuredmedia":[{"embeddable":true,"href":"https:\/\/myspainfood.com\/sl\/wp-json\/wp\/v2\/media\/28005"}],"wp:attachment":[{"href":"https:\/\/myspainfood.com\/sl\/wp-json\/wp\/v2\/media?parent=27993"}],"wp:term":[{"taxonomy":"product_brand","embeddable":true,"href":"https:\/\/myspainfood.com\/sl\/wp-json\/wp\/v2\/product_brand?post=27993"},{"taxonomy":"product_cat","embeddable":true,"href":"https:\/\/myspainfood.com\/sl\/wp-json\/wp\/v2\/product_cat?post=27993"},{"taxonomy":"product_tag","embeddable":true,"href":"https:\/\/myspainfood.com\/sl\/wp-json\/wp\/v2\/product_tag?post=27993"}],"curies":[{"name":"wp","href":"https:\/\/api.w.org\/{rel}","templated":true}]}}