{"id":28131,"date":"2025-04-10T12:07:59","date_gmt":"2025-04-10T10:07:59","guid":{"rendered":"https:\/\/myspainfood.com\/producto\/partida-de-la-abuela-lahko-5kg-extra\/"},"modified":"2025-04-10T12:07:59","modified_gmt":"2025-04-10T10:07:59","slug":"partida-de-la-abuela-lahko-5kg-extra","status":"publish","type":"product","link":"https:\/\/myspainfood.com\/sl\/producto\/partida-de-la-abuela-lahko-5kg-extra\/","title":{"rendered":"Partida de la Abuela lahko 5Kg EXTRA"},"content":{"rendered":"<p>Prednosti izdelka Partida de la Abuela Oljke lahko 5 kg EXTRA<\/p>\n<p>Prednosti babi\u010dinih razpokanih oljk so \u0161tevilne, poleg izjemnega okusa pa so njihove lastnosti zelo koristne tudi za zdravje.<\/p>\n<p>Zmanj\u0161ujejo holesterol. Babi\u010dine deljene olive zaradi oleinske kisline pomagajo ohranjati holesterol v krvi. <\/p>\n<p>Pomagajo pri prebavi. Zaradi visoke vsebnosti vlaknin olive pomagajo izlo\u010dati toksine in izbolj\u0161ujejo splo\u0161no prebavo. <\/p>\n<p>Koristi za ko\u017eo. Vitamina A in E sta dobra za ko\u017eo in delujeta proti staranju. <\/p>\n<p>Zagotavljajo energijo. Vsebujejo veliko \u017eeleza, ki pomaga pri sintezi karnitina in proizvodnji energije. <\/p>\n<p>Kupi svoje olive Partida de la Abuela olive v plo\u010devinkah 5Kg EXTRA<\/p>\n<p>Babi\u010dine oljke se odlikujejo po sladkem, a intenzivnem okusu in zna\u010dilni za\u010dimbi, ki je ustvarjena z naravnimi za\u010dimbami.<\/p>\n<p>Po petih letih konzerviranja se plodovi olj\u010dnega drevesa macerirajo, dokler ne dose\u017eejo prijetne teksture na\u0161ih <a href=\"https:\/\/latiendadesami.com\/categoria-producto\/encurtidos\/\" target=\"_blank\" rel=\"noopener noreferrer nofollow\">&#8220;Encurtidos Aceitunas de la Abuela&#8221; (Babi\u010dine olj\u010dne kumarice<\/a> ).<\/p>\n<p>Te cele oljke s \u010dvrsto meso, rahlo zdrobljene in <a href=\"https:\/\/es.wikipedia.org\/wiki\/Aceitunas_ali%C3%B1adas\" target=\"_blank\" rel=\"noopener noreferrer nofollow\">za\u010dinjene<\/a> po babi\u010dinem receptu, so rezultat dolgoletne dru\u017einske tradicije, ki izvira iz mesta Antequera v Malagi.<\/p>\n","protected":false},"excerpt":{"rendered":"<p>Prednosti izdelka Partida de la Abuela Oljke lahko 5 kg EXTRA Prednosti babi\u010dinih razpokanih oljk so \u0161tevilne, poleg izjemnega okusa pa so njihove lastnosti zelo koristne tudi za zdravje. Zmanj\u0161ujejo holesterol. Babi\u010dine deljene olive zaradi oleinske kisline pomagajo ohranjati holesterol v krvi. Pomagajo pri prebavi. Zaradi visoke vsebnosti vlaknin olive pomagajo izlo\u010dati toksine in izbolj\u0161ujejo [&hellip;]<\/p>\n","protected":false},"featured_media":17495,"template":"","meta":{"_et_pb_use_builder":"","_et_pb_old_content":"","_et_gb_content_width":""},"product_brand":[1036],"product_cat":[1720,1717],"product_tag":[1723,1722],"class_list":{"0":"post-28131","1":"product","2":"type-product","3":"status-publish","4":"has-post-thumbnail","6":"product_brand-chicon","7":"product_cat-oljke","8":"product_cat-pickles-sl","9":"product_tag-artikel","10":"product_tag-babica","12":"first","13":"instock","14":"taxable","15":"shipping-taxable","16":"purchasable","17":"product-type-simple"},"_links":{"self":[{"href":"https:\/\/myspainfood.com\/sl\/wp-json\/wp\/v2\/product\/28131","targetHints":{"allow":["GET"]}}],"collection":[{"href":"https:\/\/myspainfood.com\/sl\/wp-json\/wp\/v2\/product"}],"about":[{"href":"https:\/\/myspainfood.com\/sl\/wp-json\/wp\/v2\/types\/product"}],"wp:featuredmedia":[{"embeddable":true,"href":"https:\/\/myspainfood.com\/sl\/wp-json\/wp\/v2\/media\/17495"}],"wp:attachment":[{"href":"https:\/\/myspainfood.com\/sl\/wp-json\/wp\/v2\/media?parent=28131"}],"wp:term":[{"taxonomy":"product_brand","embeddable":true,"href":"https:\/\/myspainfood.com\/sl\/wp-json\/wp\/v2\/product_brand?post=28131"},{"taxonomy":"product_cat","embeddable":true,"href":"https:\/\/myspainfood.com\/sl\/wp-json\/wp\/v2\/product_cat?post=28131"},{"taxonomy":"product_tag","embeddable":true,"href":"https:\/\/myspainfood.com\/sl\/wp-json\/wp\/v2\/product_tag?post=28131"}],"curies":[{"name":"wp","href":"https:\/\/api.w.org\/{rel}","templated":true}]}}