{"id":28380,"date":"2025-04-10T12:07:30","date_gmt":"2025-04-10T10:07:30","guid":{"rendered":"https:\/\/myspainfood.com\/producto\/solata-iz-paprike-in-tune\/"},"modified":"2025-04-10T12:07:30","modified_gmt":"2025-04-10T10:07:30","slug":"solata-iz-paprike-in-tune","status":"publish","type":"product","link":"https:\/\/myspainfood.com\/sl\/producto\/solata-iz-paprike-in-tune\/","title":{"rendered":"Solata iz paprike in tune"},"content":{"rendered":"<p>Uspeh <a href=\"https:\/\/www.alsurvegetales.com\/producto\/id\/26\/ensalada-de-pimiento-asado-con-atun\" target=\"_blank\" rel=\"noopener noreferrer nofollow\">Alsurjeve<\/a> solate s papriko in tuno je v njeni spremenljivi barvi od bledo do temno rde\u010de, okusu in gladki teksturi.<\/p>\n<p>Pra\u017eene paprike skupaj s \u010debulo so okusna jed, ki jo je zelo enostavno pripraviti.<\/p>\n<p>Stekleni kozarec tehta 340 gramov.<\/p>\n<p>Shranjujte v hladnem in suhem prostoru. Ko ga odprete, ga shranite v hladilniku in porabite v 7 dneh. <\/p>\n<p>Sestavine: Paprika piquillo, \u010debula, voda, sladkor, tuna (5 %), kis, sol in citronska kislina.<\/p>\n<p>Alsur je dru\u017einsko podjetje, v katerem je bistvo hrane glavni junak.<\/p>\n<h4>Glavne prednosti hrane v plo\u010devinkah<\/h4>\n<ol>\n<li>Ohranijo vse hranilne lastnosti hrane. \u017divila ohranijo svojo sve\u017eino. <\/li>\n<li>Uporabljena \u017eivila so zdrava in zaradi visoke vsebnosti vitaminov in beljakovin primerna za optimalno prehrano.<\/li>\n<li>Ti izdelki imajo dalj\u0161o \u017eivljenjsko dobo (obi\u010dajno 2-5 let).<\/li>\n<li>Konzerve je zelo enostavno shranjevati, saj je njihova embala\u017ea enostavna za uporabo.<\/li>\n<\/ol>\n<p>\u010ce \u017eelite kupiti solato s papriko in tuno ali katero koli drugo vrsto <a href=\"https:\/\/latiendadesami.com\/categoria-producto\/conservas\/\" rel=\"noopener noreferrer nofollow\" target=\"_blank\">konzervirane hrane<\/a>, si oglejte na\u0161 spletni katalog, da si ogledate \u0161iroko paleto <a href=\"https:\/\/latiendadesami.com\/categoria-producto\/conservas\/atun-y-bonito\/\" target=\"_blank\" rel=\"noopener noreferrer nofollow\">tuna<\/a>, ki jo imamo na voljo.<\/p>\n<p>Za ve\u010d informacij nam pi\u0161ite.<\/p>\n","protected":false},"excerpt":{"rendered":"<p>Uspeh Alsurjeve solate s papriko in tuno je v njeni spremenljivi barvi od bledo do temno rde\u010de, okusu in gladki teksturi. Pra\u017eene paprike skupaj s \u010debulo so okusna jed, ki jo je zelo enostavno pripraviti. Stekleni kozarec tehta 340 gramov. Shranjujte v hladnem in suhem prostoru. Ko ga odprete, ga shranite v hladilniku in porabite [&hellip;]<\/p>\n","protected":false},"featured_media":28388,"template":"","meta":{"_et_pb_use_builder":"","_et_pb_old_content":"","_et_gb_content_width":""},"product_brand":[1196],"product_cat":[1983,2323,4374],"product_tag":[],"class_list":{"0":"post-28380","1":"product","2":"type-product","3":"status-publish","4":"has-post-thumbnail","6":"product_brand-alsur","7":"product_cat-ohranja","8":"product_cat-paprike","9":"product_cat-tun-in-bonito","11":"first","12":"instock","13":"taxable","14":"shipping-taxable","15":"purchasable","16":"product-type-variable"},"_links":{"self":[{"href":"https:\/\/myspainfood.com\/sl\/wp-json\/wp\/v2\/product\/28380","targetHints":{"allow":["GET"]}}],"collection":[{"href":"https:\/\/myspainfood.com\/sl\/wp-json\/wp\/v2\/product"}],"about":[{"href":"https:\/\/myspainfood.com\/sl\/wp-json\/wp\/v2\/types\/product"}],"wp:featuredmedia":[{"embeddable":true,"href":"https:\/\/myspainfood.com\/sl\/wp-json\/wp\/v2\/media\/28388"}],"wp:attachment":[{"href":"https:\/\/myspainfood.com\/sl\/wp-json\/wp\/v2\/media?parent=28380"}],"wp:term":[{"taxonomy":"product_brand","embeddable":true,"href":"https:\/\/myspainfood.com\/sl\/wp-json\/wp\/v2\/product_brand?post=28380"},{"taxonomy":"product_cat","embeddable":true,"href":"https:\/\/myspainfood.com\/sl\/wp-json\/wp\/v2\/product_cat?post=28380"},{"taxonomy":"product_tag","embeddable":true,"href":"https:\/\/myspainfood.com\/sl\/wp-json\/wp\/v2\/product_tag?post=28380"}],"curies":[{"name":"wp","href":"https:\/\/api.w.org\/{rel}","templated":true}]}}