{"id":28818,"date":"2025-04-10T12:07:50","date_gmt":"2025-04-10T10:07:50","guid":{"rendered":"https:\/\/myspainfood.com\/producto\/oljke-almagro-variant-760-g\/"},"modified":"2025-04-10T12:07:50","modified_gmt":"2025-04-10T10:07:50","slug":"oljke-almagro-variant-760-g","status":"publish","type":"product","link":"https:\/\/myspainfood.com\/sl\/producto\/oljke-almagro-variant-760-g\/","title":{"rendered":"Oljke Almagro Variant 760 g"},"content":{"rendered":"<p>Almagro sortne oljke 760 gr - La Tienda de Sami<\/p>\n<p>Oljka z okusom jaj\u010devcaOljka z okusom jaj\u010devcaOljka z blagim okusom. Drzna predjed, ki je vedno privla\u010dna in idealno dopolnjuje jedi z \u017elico. U\u017eivate jo lahko ob kozarcu vina.  <\/p>\n","protected":false},"excerpt":{"rendered":"<p>Almagro sortne oljke 760 gr - La Tienda de Sami Oljka z okusom jaj\u010devcaOljka z okusom jaj\u010devcaOljka z blagim okusom. Drzna predjed, ki je vedno privla\u010dna in idealno dopolnjuje jedi z \u017elico. U\u017eivate jo lahko ob kozarcu vina.<\/p>\n","protected":false},"featured_media":28824,"template":"","meta":{"_et_pb_use_builder":"","_et_pb_old_content":"","_et_gb_content_width":""},"product_brand":[1057],"product_cat":[1720,1717],"product_tag":[3932],"class_list":{"0":"post-28818","1":"product","2":"type-product","3":"status-publish","4":"has-post-thumbnail","6":"product_brand-la-encajera","7":"product_cat-oljke","8":"product_cat-pickles-sl","9":"product_tag-almagro-sl","11":"first","12":"outofstock","13":"taxable","14":"shipping-taxable","15":"product-type-variable"},"_links":{"self":[{"href":"https:\/\/myspainfood.com\/sl\/wp-json\/wp\/v2\/product\/28818","targetHints":{"allow":["GET"]}}],"collection":[{"href":"https:\/\/myspainfood.com\/sl\/wp-json\/wp\/v2\/product"}],"about":[{"href":"https:\/\/myspainfood.com\/sl\/wp-json\/wp\/v2\/types\/product"}],"wp:featuredmedia":[{"embeddable":true,"href":"https:\/\/myspainfood.com\/sl\/wp-json\/wp\/v2\/media\/28824"}],"wp:attachment":[{"href":"https:\/\/myspainfood.com\/sl\/wp-json\/wp\/v2\/media?parent=28818"}],"wp:term":[{"taxonomy":"product_brand","embeddable":true,"href":"https:\/\/myspainfood.com\/sl\/wp-json\/wp\/v2\/product_brand?post=28818"},{"taxonomy":"product_cat","embeddable":true,"href":"https:\/\/myspainfood.com\/sl\/wp-json\/wp\/v2\/product_cat?post=28818"},{"taxonomy":"product_tag","embeddable":true,"href":"https:\/\/myspainfood.com\/sl\/wp-json\/wp\/v2\/product_tag?post=28818"}],"curies":[{"name":"wp","href":"https:\/\/api.w.org\/{rel}","templated":true}]}}